{"id":86,"date":"2022-03-15T09:47:47","date_gmt":"2022-03-15T09:47:47","guid":{"rendered":"https:\/\/brf-solutions.ch\/?page_id=86"},"modified":"2022-04-03T13:07:48","modified_gmt":"2022-04-03T13:07:48","slug":"websites","status":"publish","type":"page","link":"https:\/\/brf-solutions.ch\/it\/websites\/","title":{"rendered":"Siti web"},"content":{"rendered":"<div class=\"wp-block-cover alignfull is-light\" style=\"min-height:414px;aspect-ratio:unset;\"><span aria-hidden=\"true\" class=\"has-background-dim-20 wp-block-cover__gradient-background has-background-dim\"><\/span><img loading=\"lazy\" decoding=\"async\" width=\"2560\" height=\"1440\" class=\"wp-block-cover__image-background wp-image-609\" alt=\"\" src=\"https:\/\/brf-solutions.ch\/wp-content\/uploads\/2022\/03\/iStock-1182818819-scaled.jpg\" style=\"object-position:54% 85%\" data-object-fit=\"cover\" data-object-position=\"54% 85%\" srcset=\"https:\/\/brf-solutions.ch\/wp-content\/uploads\/2022\/03\/iStock-1182818819-scaled.jpg 2560w, https:\/\/brf-solutions.ch\/wp-content\/uploads\/2022\/03\/iStock-1182818819-300x169.jpg 300w, https:\/\/brf-solutions.ch\/wp-content\/uploads\/2022\/03\/iStock-1182818819-1024x576.jpg 1024w, https:\/\/brf-solutions.ch\/wp-content\/uploads\/2022\/03\/iStock-1182818819-768x432.jpg 768w, https:\/\/brf-solutions.ch\/wp-content\/uploads\/2022\/03\/iStock-1182818819-1536x864.jpg 1536w, https:\/\/brf-solutions.ch\/wp-content\/uploads\/2022\/03\/iStock-1182818819-2048x1152.jpg 2048w, https:\/\/brf-solutions.ch\/wp-content\/uploads\/2022\/03\/iStock-1182818819-18x10.jpg 18w, https:\/\/brf-solutions.ch\/wp-content\/uploads\/2022\/03\/iStock-1182818819-1600x900.jpg 1600w\" sizes=\"auto, (max-width: 2560px) 100vw, 2560px\" \/><div class=\"wp-block-cover__inner-container is-layout-flow wp-block-cover-is-layout-flow\">\n<div style=\"height:100px\" aria-hidden=\"true\" class=\"wp-block-spacer\"><\/div>\n\n\n\n<h2 class=\"alignwide is-style-sub-title-1 has-white-color has-text-color wp-block-heading\" style=\"font-size:64px\">Il vostro sito web - <br>Il vostro biglietto da visita<\/h2>\n\n\n\n<div style=\"height:100px\" aria-hidden=\"true\" class=\"wp-block-spacer\"><\/div>\n<\/div><\/div>\n\n\n\n<div style=\"height:40px\" aria-hidden=\"true\" class=\"wp-block-spacer\"><\/div>\n\n\n\n<p>La vostra azienda gode di un'ottima reputazione presso i clienti esistenti. Sanno esattamente quali sono i vostri punti di forza. Ma lo sanno anche tutti coloro che non sono ancora vostri clienti? La prima impressione \u00e8 il vostro sito web. \u00c8 sempre aggiornato? Si presenta bene come le auto aziendali, gli abiti del personale, l'edificio o la pubblicit\u00e0 a cui si d\u00e0 tanta importanza?<\/p>\n\n\n\n<p>Il vostro sito web \u00e8 il vostro biglietto da visita su Internet<\/p>\n\n\n\n<p>Gi\u00e0 rinnovato? Possiamo aiutarvi a farlo!<\/p>\n\n\n\n<div style=\"height:30px\" aria-hidden=\"true\" class=\"wp-block-spacer\"><\/div>\n\n\n\n<h2 class=\"is-style-sub-title-2 wp-block-heading\">Passione per ci\u00f2 che facciamo<\/h2>\n\n\n\n<div class=\"wp-block-media-text has-media-on-the-right is-stacked-on-mobile\" style=\"grid-template-columns:auto 15%\"><figure class=\"wp-block-media-text__media\"><img decoding=\"async\" src=\"https:\/\/brf-solutions.ch\/wp-content\/uploads\/2022\/03\/design-thinking.svg\" alt=\"\" class=\"wp-image-225 size-full\"\/><\/figure><div class=\"wp-block-media-text__content\">\n<p>Le nostre teste creative sono piene di idee e le mettono sullo schermo. Combiniamo tecnologia e creativit\u00e0 con passione e piacere, a beneficio dei nostri clienti. Rispondiamo ai vostri desideri, vi diamo idee costruttive e innovative e vi soddisfiamo come clienti. Iniziate subito il vostro progetto con noi.&nbsp;<\/p>\n<\/div><\/div>\n\n\n\n<div style=\"height:25px\" aria-hidden=\"true\" class=\"wp-block-spacer\"><\/div>\n\n\n\n<div class=\"wp-block-media-text is-stacked-on-mobile\" style=\"grid-template-columns:15% auto\"><figure class=\"wp-block-media-text__media\"><img decoding=\"async\" src=\"https:\/\/brf-solutions.ch\/wp-content\/uploads\/2022\/03\/zufriedenheit-garantiert.svg\" alt=\"\" class=\"wp-image-253 size-full\"\/><\/figure><div class=\"wp-block-media-text__content\">\n<p class=\"has-text-align-right\">La funzionalit\u00e0 e il design devono essere perfetti, in modo che siate soddisfatti del risultato finale. Una volta che il vostro sito \u00e8 online, non vi abbandoniamo, ma vi supportiamo ovunque ne abbiate bisogno: gestione dei contenuti, blogging, manutenzione dei social network.<\/p>\n\n\n\n<p class=\"has-text-align-right\">Lo stosteniamo.<\/p>\n<\/div><\/div>\n\n\n\n<div style=\"height:25px\" aria-hidden=\"true\" class=\"wp-block-spacer\"><\/div>\n\n\n\n<div class=\"wp-block-media-text has-media-on-the-right is-stacked-on-mobile\" style=\"grid-template-columns:auto 15%\"><figure class=\"wp-block-media-text__media\"><img decoding=\"async\" src=\"https:\/\/brf-solutions.ch\/wp-content\/uploads\/2022\/03\/weltweit.svg\" alt=\"\" class=\"wp-image-252 size-full\"\/><\/figure><div class=\"wp-block-media-text__content\">\n<p><strong>Cosa offriamo:<\/strong><\/p>\n\n\n\n<p>- Design del sito web<br>- Svilluppo di applicazioni<br>- CMS WordPress<br>- Multilingua<br>- Fotografia architettonica<\/p>\n<\/div><\/div>\n\n\n\n<div style=\"height:25px\" aria-hidden=\"true\" class=\"wp-block-spacer\"><\/div>\n\n\n\n<div class=\"wp-block-media-text is-stacked-on-mobile\" style=\"grid-template-columns:15% auto\"><figure class=\"wp-block-media-text__media\"><img decoding=\"async\" src=\"https:\/\/brf-solutions.ch\/wp-content\/uploads\/2022\/03\/rakete.svg\" alt=\"\" class=\"wp-image-244 size-full\"\/><\/figure><div class=\"wp-block-media-text__content\">\n<p class=\"has-text-align-right\"><strong>Cosa si ottiene:<\/strong><\/p>\n\n\n\n<p class=\"has-text-align-right\">- Orientamento al cliente<br>- Possibilit\u00e0 illimitate<br>- Innovativo<br>- Professionalit\u00e0<br>- Facilit\u00e0 d'uso<\/p>\n<\/div><\/div>\n\n\n\n<div style=\"height:25px\" aria-hidden=\"true\" class=\"wp-block-spacer\"><\/div>","protected":false},"excerpt":{"rendered":"<p>Ihr Unternehmen hat bei Ihren bestehenden Kunden einen tollen Ruf. Diese wissen genau was Ihre St\u00e4rken sind. Aber wissen dass auch alle anderen, welche noch nicht bei Ihnen Kunde sind? Ihr erster Eindruck ist Ihre Website. Ist diese noch aktuell? Kommt diese genauso gut daher wie Ihre beschrifteten Firmenfahrzeuge, die angeschriebene Bekleidung Ihrer Mitarbeiter, Ihr [&hellip;]<\/p>","protected":false},"author":1,"featured_media":0,"parent":0,"menu_order":0,"comment_status":"closed","ping_status":"closed","template":"","meta":{"_acf_changed":false,"footnotes":""},"class_list":["post-86","page","type-page","status-publish","hentry"],"acf":[],"_links":{"self":[{"href":"https:\/\/brf-solutions.ch\/it\/wp-json\/wp\/v2\/pages\/86","targetHints":{"allow":["GET"]}}],"collection":[{"href":"https:\/\/brf-solutions.ch\/it\/wp-json\/wp\/v2\/pages"}],"about":[{"href":"https:\/\/brf-solutions.ch\/it\/wp-json\/wp\/v2\/types\/page"}],"author":[{"embeddable":true,"href":"https:\/\/brf-solutions.ch\/it\/wp-json\/wp\/v2\/users\/1"}],"replies":[{"embeddable":true,"href":"https:\/\/brf-solutions.ch\/it\/wp-json\/wp\/v2\/comments?post=86"}],"version-history":[{"count":33,"href":"https:\/\/brf-solutions.ch\/it\/wp-json\/wp\/v2\/pages\/86\/revisions"}],"predecessor-version":[{"id":1510,"href":"https:\/\/brf-solutions.ch\/it\/wp-json\/wp\/v2\/pages\/86\/revisions\/1510"}],"wp:attachment":[{"href":"https:\/\/brf-solutions.ch\/it\/wp-json\/wp\/v2\/media?parent=86"}],"curies":[{"name":"wp","href":"https:\/\/api.w.org\/{rel}","templated":true}]}}