{"id":83,"date":"2022-03-15T09:47:34","date_gmt":"2022-03-15T09:47:34","guid":{"rendered":"https:\/\/brf-solutions.ch\/?page_id=83"},"modified":"2022-04-03T13:06:16","modified_gmt":"2022-04-03T13:06:16","slug":"webshops","status":"publish","type":"page","link":"https:\/\/brf-solutions.ch\/it\/webshops\/","title":{"rendered":"Negozi online"},"content":{"rendered":"<div class=\"wp-block-cover alignfull\" style=\"min-height:414px;aspect-ratio:unset;\"><span aria-hidden=\"true\" class=\"has-background-dim-20 wp-block-cover__gradient-background has-background-dim\"><\/span><img loading=\"lazy\" decoding=\"async\" width=\"2560\" height=\"1221\" class=\"wp-block-cover__image-background wp-image-607\" alt=\"\" src=\"https:\/\/brf-solutions.ch\/wp-content\/uploads\/2022\/03\/iStock-1206800961-scaled.jpg\" style=\"object-position:51% 16%\" data-object-fit=\"cover\" data-object-position=\"51% 16%\" srcset=\"https:\/\/brf-solutions.ch\/wp-content\/uploads\/2022\/03\/iStock-1206800961-scaled.jpg 2560w, https:\/\/brf-solutions.ch\/wp-content\/uploads\/2022\/03\/iStock-1206800961-300x143.jpg 300w, https:\/\/brf-solutions.ch\/wp-content\/uploads\/2022\/03\/iStock-1206800961-1024x489.jpg 1024w, https:\/\/brf-solutions.ch\/wp-content\/uploads\/2022\/03\/iStock-1206800961-768x366.jpg 768w, https:\/\/brf-solutions.ch\/wp-content\/uploads\/2022\/03\/iStock-1206800961-1536x733.jpg 1536w, https:\/\/brf-solutions.ch\/wp-content\/uploads\/2022\/03\/iStock-1206800961-2048x977.jpg 2048w, https:\/\/brf-solutions.ch\/wp-content\/uploads\/2022\/03\/iStock-1206800961-18x9.jpg 18w, https:\/\/brf-solutions.ch\/wp-content\/uploads\/2022\/03\/iStock-1206800961-1600x763.jpg 1600w\" sizes=\"auto, (max-width: 2560px) 100vw, 2560px\" \/><div class=\"wp-block-cover__inner-container is-layout-flow wp-block-cover-is-layout-flow\">\n<div style=\"height:100px\" aria-hidden=\"true\" class=\"wp-block-spacer\"><\/div>\n\n\n\n<h2 class=\"alignwide is-style-sub-title-1 has-white-color has-text-color wp-block-heading\" style=\"font-size:64px\">Venda ora <br>e ovunque<\/h2>\n\n\n\n<div style=\"height:100px\" aria-hidden=\"true\" class=\"wp-block-spacer\"><\/div>\n<\/div><\/div>\n\n\n\n<div style=\"height:40px\" aria-hidden=\"true\" class=\"wp-block-spacer\"><\/div>\n\n\n\n<p>Lei ha buoni prodotti e potrebbe venderne ancora di pi\u00f9. Ma non ha gli strumenti giusti per farlo? Una soluzione negozio online da noi non solo Le offre un nuovo canale di vendita. Se Lei utilizza anche la nostra soluzione ERP, tutto scorre perfettamente. L'ordine viene automaticamente inserito nel sistema ERP-Safir. Il flusso di produzione interno pu\u00f2 iniziare. Niente pi\u00f9 canali multipli durante l'ingresso. Niente pi\u00f9 errori costosi e processi complessi. <br>Le sembra una buona idea? Allora Lei \u00e8 al posto giusto.<\/p>\n\n\n\n<div style=\"height:25px\" aria-hidden=\"true\" class=\"wp-block-spacer\"><\/div>\n\n\n\n<h2 class=\"is-style-sub-title-3 wp-block-heading\">La aiutiamo a vendere i Suoi prodotti online. Progetteremo per Lei un negozio online su misura per la Sua attivit\u00e0, in modo che Lei possa mantenere la Sua attivit\u00e0 aperta in modo permanente anche in futuro.<\/h2>\n\n\n\n<div style=\"height:25px\" aria-hidden=\"true\" class=\"wp-block-spacer\"><\/div>\n\n\n\n<p>Lei non ha ancora bisogno di un negozio online, ma vuole dare un nuovo look alla Suo vecchia sito web? Creeremo per Lei un sito web moderno e facile a utilizzare.<\/p>\n\n\n\n<div style=\"height:60px\" aria-hidden=\"true\" class=\"wp-block-spacer\"><\/div>\n\n\n\n<div class=\"wp-block-media-text is-stacked-on-mobile\" style=\"grid-template-columns:15% auto\"><figure class=\"wp-block-media-text__media\"><img decoding=\"async\" src=\"https:\/\/brf-solutions.ch\/wp-content\/uploads\/2022\/03\/warenkorb-leere-seitenansicht.svg\" alt=\"\" class=\"wp-image-251 size-full\"\/><\/figure><div class=\"wp-block-media-text__content\">\n<p><strong>E-commerce e sconti online<\/strong><\/p>\n\n\n\n<p>Lei ci dice cosa vuole e noi progettiamo il Suo negozio online esattamente secondo le Sue esigenze.<\/p>\n\n\n\n<p>Gli sconti Le permettono di incrementare il Suo business. Impostate i prezzi di esercizio, la durata, il valore minimo di acquisto e molto altro ancora.<\/p>\n<\/div><\/div>\n\n\n\n<div style=\"height:25px\" aria-hidden=\"true\" class=\"wp-block-spacer\"><\/div>\n\n\n\n<div class=\"wp-block-media-text has-media-on-the-right is-stacked-on-mobile\" style=\"grid-template-columns:auto 15%\"><figure class=\"wp-block-media-text__media\"><img loading=\"lazy\" decoding=\"async\" width=\"668\" height=\"506\" src=\"https:\/\/brf-solutions.ch\/wp-content\/uploads\/2022\/03\/Mail.jpg\" alt=\"\" class=\"wp-image-583 size-full\" srcset=\"https:\/\/brf-solutions.ch\/wp-content\/uploads\/2022\/03\/Mail.jpg 668w, https:\/\/brf-solutions.ch\/wp-content\/uploads\/2022\/03\/Mail-300x227.jpg 300w, https:\/\/brf-solutions.ch\/wp-content\/uploads\/2022\/03\/Mail-16x12.jpg 16w\" sizes=\"auto, (max-width: 668px) 100vw, 668px\" \/><\/figure><div class=\"wp-block-media-text__content\">\n<p><strong>Tutto sotto controllo<\/strong><\/p>\n\n\n\n<p>\u00c8 fantastico se il Suo negozio online funziona e gli ordini arrivano. Ma non deve fare alcun lavoro extra perch\u00e9 riceverete un'e-mail di conferma automatica e saprete sempre cosa \u00e8 stato venduto. Quindi Lei ha tutto sotto controllo.<\/p>\n<\/div><\/div>\n\n\n\n<div style=\"height:25px\" aria-hidden=\"true\" class=\"wp-block-spacer\"><\/div>\n\n\n\n<div class=\"wp-block-media-text is-stacked-on-mobile\" style=\"grid-template-columns:15% auto\"><figure class=\"wp-block-media-text__media\"><img loading=\"lazy\" decoding=\"async\" width=\"702\" height=\"508\" src=\"https:\/\/brf-solutions.ch\/wp-content\/uploads\/2022\/03\/Responsible.jpg\" alt=\"\" class=\"wp-image-585 size-full\" srcset=\"https:\/\/brf-solutions.ch\/wp-content\/uploads\/2022\/03\/Responsible.jpg 702w, https:\/\/brf-solutions.ch\/wp-content\/uploads\/2022\/03\/Responsible-300x217.jpg 300w, https:\/\/brf-solutions.ch\/wp-content\/uploads\/2022\/03\/Responsible-18x12.jpg 18w\" sizes=\"auto, (max-width: 702px) 100vw, 702px\" \/><\/figure><div class=\"wp-block-media-text__content\">\n<p><strong>Design responsabile<\/strong><\/p>\n\n\n\n<p>Non c'\u00e8 niente di pi\u00f9 fastidioso che scoprire che il Suo design non viene visualizzato correttamente dal cliente su un cellulare o un pad. Ci assicuriamo che abbia un aspetto professionale su ogni dispositivo.<\/p>\n<\/div><\/div>\n\n\n\n<div style=\"height:25px\" aria-hidden=\"true\" class=\"wp-block-spacer\"><\/div>\n\n\n\n<div class=\"wp-block-media-text has-media-on-the-right is-stacked-on-mobile\" style=\"grid-template-columns:auto 15%\"><figure class=\"wp-block-media-text__media\"><img decoding=\"async\" src=\"https:\/\/brf-solutions.ch\/wp-content\/uploads\/2022\/03\/google-symbol.svg\" alt=\"\" class=\"wp-image-234 size-full\"\/><\/figure><div class=\"wp-block-media-text__content\">\n<p><strong>Ottimizzato per Google<\/strong><\/p>\n\n\n\n<p>La SEO \u00e8 essenziale per qualsiasi negozio online e Lei pu\u00f2 sempre vedere quanti visitatori hanno visitato il Suo negozio.<\/p>\n<\/div><\/div>\n\n\n\n<div style=\"height:25px\" aria-hidden=\"true\" class=\"wp-block-spacer\"><\/div>","protected":false},"excerpt":{"rendered":"<p>Sie haben tolle Produkte und k\u00f6nnten noch mehr davon absetzen. Jedoch fehlt Ihnen das richtige Werkzeug dazu? Eine Onlineshop-L\u00f6sung von uns bringt Ihnen nicht nur einen neuen Absatzkanal dazu.&nbsp;Wenn Sie noch unsere ERP-L\u00f6sung in der Anwendung haben, gleitet alles nahtlos ineinander \u00fcber. Die Bestellung wird automatisch im ERP-Safir erfasst. Der interne Produktionsfluss kann starten. Keine [&hellip;]<\/p>","protected":false},"author":1,"featured_media":0,"parent":0,"menu_order":0,"comment_status":"closed","ping_status":"closed","template":"","meta":{"_acf_changed":false,"footnotes":""},"class_list":["post-83","page","type-page","status-publish","hentry"],"acf":[],"_links":{"self":[{"href":"https:\/\/brf-solutions.ch\/it\/wp-json\/wp\/v2\/pages\/83","targetHints":{"allow":["GET"]}}],"collection":[{"href":"https:\/\/brf-solutions.ch\/it\/wp-json\/wp\/v2\/pages"}],"about":[{"href":"https:\/\/brf-solutions.ch\/it\/wp-json\/wp\/v2\/types\/page"}],"author":[{"embeddable":true,"href":"https:\/\/brf-solutions.ch\/it\/wp-json\/wp\/v2\/users\/1"}],"replies":[{"embeddable":true,"href":"https:\/\/brf-solutions.ch\/it\/wp-json\/wp\/v2\/comments?post=83"}],"version-history":[{"count":37,"href":"https:\/\/brf-solutions.ch\/it\/wp-json\/wp\/v2\/pages\/83\/revisions"}],"predecessor-version":[{"id":1507,"href":"https:\/\/brf-solutions.ch\/it\/wp-json\/wp\/v2\/pages\/83\/revisions\/1507"}],"wp:attachment":[{"href":"https:\/\/brf-solutions.ch\/it\/wp-json\/wp\/v2\/media?parent=83"}],"curies":[{"name":"wp","href":"https:\/\/api.w.org\/{rel}","templated":true}]}}