{"id":73,"date":"2022-03-15T09:44:44","date_gmt":"2022-03-15T09:44:44","guid":{"rendered":"https:\/\/brf-solutions.ch\/?page_id=73"},"modified":"2022-09-17T08:24:00","modified_gmt":"2022-09-17T08:24:00","slug":"safir-erp","status":"publish","type":"page","link":"https:\/\/brf-solutions.ch\/it\/safir-erp\/","title":{"rendered":"Safir ERP"},"content":{"rendered":"<div class=\"wp-block-cover alignfull is-light\" style=\"min-height:50px;aspect-ratio:unset;\"><span aria-hidden=\"true\" class=\"wp-block-cover__background has-background-dim-30 has-background-dim\"><\/span><img loading=\"lazy\" decoding=\"async\" width=\"2560\" height=\"1402\" class=\"wp-block-cover__image-background wp-image-600\" alt=\"\" src=\"https:\/\/brf-solutions.ch\/wp-content\/uploads\/2022\/03\/background_safir-1-scaled.jpg\" style=\"object-position:48% 61%\" data-object-fit=\"cover\" data-object-position=\"48% 61%\"\/><div class=\"wp-block-cover__inner-container is-layout-flow wp-block-cover-is-layout-flow\">\n<div style=\"height:100px\" aria-hidden=\"true\" class=\"wp-block-spacer\"><\/div>\n\n\n\n<h2 class=\"alignwide is-style-sub-title-1 has-white-color has-text-color wp-block-heading\" style=\"font-size:64px\">Safir <br>Il Software del vetro <\/h2>\n\n\n\n<div style=\"height:100px\" aria-hidden=\"true\" class=\"wp-block-spacer\"><\/div>\n<\/div><\/div>\n\n\n\n<div style=\"height:40px\" aria-hidden=\"true\" class=\"wp-block-spacer\"><\/div>\n\n\n\n<p>Safir \u00e8 la soluzione ERP pi\u00f9 moderna per i vetrai del settore delle PMI. Nessuna struttura modulare. O tutto o niente. Preventivi, ordini, fatture, processi d'ordine, debitori e creditori, nonch\u00e9 un archivio integrato sono standard, per citare solo alcuni attributi. Con Safir Lei ha uno strumento per ottimizzare i Suoi processi quotidiani. Intuitivo, con poco sforzo: un efficace valore aggiunto per la Sua azienda. Sviluppato da professionisti del vetro per professionisti del vetro.<\/p>\n\n\n\n<div style=\"height:25px\" aria-hidden=\"true\" class=\"wp-block-spacer\"><\/div>\n\n\n\n<h2 class=\"is-style-sub-title-2 wp-block-heading\">Safir \u00e8 il software svizzero per il vetro<\/h2>\n\n\n\n<div style=\"height:25px\" aria-hidden=\"true\" class=\"wp-block-spacer\"><\/div>\n\n\n\n<figure class=\"wp-block-embed is-type-video is-provider-youtube wp-block-embed-youtube wp-embed-aspect-16-9 wp-has-aspect-ratio\"><div class=\"wp-block-embed__wrapper\">\n<iframe loading=\"lazy\" title=\"BRF Solutions - Angebot in Safir erfassen\" width=\"500\" height=\"281\" src=\"https:\/\/www.youtube.com\/embed\/tuNS1Vi55Gw?feature=oembed\" frameborder=\"0\" allow=\"accelerometer; autoplay; clipboard-write; encrypted-media; gyroscope; picture-in-picture; web-share\" referrerpolicy=\"strict-origin-when-cross-origin\" allowfullscreen><\/iframe>\n<\/div><\/figure>\n\n\n\n<div style=\"height:25px\" aria-hidden=\"true\" class=\"wp-block-spacer\"><\/div>\n\n\n\n<p>Disegni per un rivestimento preciso, strutture di vetro isolante dettagliate e comprensive di gradini sono solo alcune delle possibilit\u00e0. Tutti i vetri sono generati di serie in formato PDF e DXF. Ci\u00f2 significa che i vetri possono essere inviati direttamente alla produzione.<\/p>\n\n\n\n<div class=\"wp-block-group\"><div class=\"wp-block-group__inner-container is-layout-flow wp-block-group-is-layout-flow\">\n<figure class=\"wp-block-gallery has-nested-images columns-default is-cropped wp-block-gallery-1 is-layout-flex wp-block-gallery-is-layout-flex\">\n<figure class=\"wp-block-image size-large\"><img loading=\"lazy\" decoding=\"async\" width=\"1024\" height=\"436\" data-id=\"1629\" src=\"https:\/\/brf-solutions.ch\/wp-content\/uploads\/2022\/06\/image006.png\" alt=\"\" class=\"wp-image-1629\" srcset=\"https:\/\/brf-solutions.ch\/wp-content\/uploads\/2022\/06\/image006.png 1719w, https:\/\/brf-solutions.ch\/wp-content\/uploads\/2022\/06\/image006-300x125.png 300w, https:\/\/brf-solutions.ch\/wp-content\/uploads\/2022\/06\/image006-1024x427.png 1024w, https:\/\/brf-solutions.ch\/wp-content\/uploads\/2022\/06\/image006-768x320.png 768w, https:\/\/brf-solutions.ch\/wp-content\/uploads\/2022\/06\/image006-1536x641.png 1536w, https:\/\/brf-solutions.ch\/wp-content\/uploads\/2022\/06\/image006-18x8.png 18w, https:\/\/brf-solutions.ch\/wp-content\/uploads\/2022\/06\/image006-1600x667.png 1600w\" sizes=\"auto, (max-width: 1024px) 100vw, 1024px\" \/><\/figure>\n<figcaption class=\"blocks-gallery-caption\">Inserimento dettagliato di modelli, tacche, rivestimenti, vernici, superfici varie, ecc.<\/figcaption><\/figure>\n<\/div><\/div>\n\n\n\n<div style=\"height:60px\" aria-hidden=\"true\" class=\"wp-block-spacer\"><\/div>\n\n\n\n<p>Safir Suite \u00e8 la soluzione completa e combina tutti i prodotti come Armoni e Iris. Safir light \u00e8 destinato alle aziende con un massimo di 5 postazioni di lavoro che desiderano utilizzare un ERP semplice e snello. Scegliete la soluzione pi\u00f9 adatta a voi. Se necessario, \u00e8 sufficiente passare alla soluzione Safir immediatamente superiore.<\/p>\n\n\n\n<div style=\"height:40px\" aria-hidden=\"true\" class=\"wp-block-spacer\"><\/div>\n\n\n\n<div class=\"wp-block-columns is-layout-flex wp-container-core-columns-is-layout-9d6595d7 wp-block-columns-is-layout-flex\">\n<div class=\"wp-block-column is-layout-flow wp-block-column-is-layout-flow\">\n<h2 class=\"is-style-sub-title-3 wp-block-heading\">Safir Suite <\/h2>\n\n\n\n<p>Safir ERP, Armoni e Iris. Il software completo. Include anche tutte le innovazioni future.<\/p>\n\n\n\n<div style=\"height:1px\" aria-hidden=\"true\" class=\"wp-block-spacer\"><\/div>\n\n\n\n<figure class=\"wp-block-image size-large is-resized\"><img loading=\"lazy\" decoding=\"async\" src=\"https:\/\/brf-solutions.ch\/wp-content\/uploads\/2022\/09\/Safir-Suite-IT.png\" alt=\"\" class=\"wp-image-1792\" width=\"191\" height=\"511\"\/><\/figure>\n<\/div>\n\n\n\n<div class=\"wp-block-column is-layout-flow wp-block-column-is-layout-flow\">\n<h2 class=\"is-style-sub-title-3 wp-block-heading\">Safir<\/h2>\n\n\n\n<p>Safir ERP completo, senza Armoni e Iris.<\/p>\n\n\n\n<div style=\"height:30px\" aria-hidden=\"true\" class=\"wp-block-spacer\"><\/div>\n\n\n\n<figure class=\"wp-block-image size-full is-resized\"><img loading=\"lazy\" decoding=\"async\" src=\"https:\/\/brf-solutions.ch\/wp-content\/uploads\/2022\/09\/Safir-IT.png\" alt=\"\" class=\"wp-image-1791\" width=\"201\" height=\"436\" srcset=\"https:\/\/brf-solutions.ch\/wp-content\/uploads\/2022\/09\/Safir-IT.png 508w, https:\/\/brf-solutions.ch\/wp-content\/uploads\/2022\/09\/Safir-IT-143x300.png 143w, https:\/\/brf-solutions.ch\/wp-content\/uploads\/2022\/09\/Safir-IT-488x1024.png 488w, https:\/\/brf-solutions.ch\/wp-content\/uploads\/2022\/09\/Safir-IT-6x12.png 6w\" sizes=\"auto, (max-width: 201px) 100vw, 201px\" \/><\/figure>\n<\/div>\n\n\n\n<div class=\"wp-block-column is-layout-flow wp-block-column-is-layout-flow\">\n<h2 class=\"is-style-sub-title-3 wp-block-heading\">Safir light <\/h2>\n\n\n\n<p>Safir ERP, ridotto alle funzioni pi\u00f9 importanti, ad esempio la contabilit\u00e0 \"solo\" con i debitori. Senza archivio di file, senza supporto.<\/p>\n\n\n\n<figure class=\"wp-block-image size-full is-resized\"><img loading=\"lazy\" decoding=\"async\" src=\"https:\/\/brf-solutions.ch\/wp-content\/uploads\/2022\/09\/Safir-light-IT.png\" alt=\"\" class=\"wp-image-1763\" width=\"222\" height=\"408\" srcset=\"https:\/\/brf-solutions.ch\/wp-content\/uploads\/2022\/09\/Safir-light-IT.png 520w, https:\/\/brf-solutions.ch\/wp-content\/uploads\/2022\/09\/Safir-light-IT-166x300.png 166w, https:\/\/brf-solutions.ch\/wp-content\/uploads\/2022\/09\/Safir-light-IT-7x12.png 7w\" sizes=\"auto, (max-width: 222px) 100vw, 222px\" \/><\/figure>\n<\/div>\n<\/div>\n\n\n\n<p>Safir \u00e8 una soluzione software basata sul web. Ha il grande vantaggio di poter accedere ai dati in qualsiasi momento e da qualsiasi luogo, indipendentemente dal sistema operativo e dall'hardware. Che si tratti di un PC Windows in ufficio, di un MacBook a casa o di un tablet in cantiere o presso il cliente. Safir \u00e8 sempre presente quando ne avete bisogno e i vostri dati importanti sono sempre accessibili. Ci\u00f2 significa che lavorare da casa non \u00e8 affatto un problema e che non \u00e8 necessario effettuare lunghe connessioni al desktop remoto.<\/p>\n\n\n\n<p>L'installazione sui nostri server esterni, in uno dei pi\u00f9 grandi centri informatici svizzeri, evita gli elevati costi di acquisizione e di installazione nel Suo ufficio. Inoltre, non deve pi\u00f9 preoccuparsi del backup dei Suoi dati. Ce ne occupiamo noi.<\/p>\n\n\n\n<p>Quando si acquista un nuovo hardware, non \u00e8 necessaria alcuna nuova installazione o adattamento per quanto riguarda Safir. In questo modo Lei pu\u00f2 acquistare un nuovo computer o tablet in qualsiasi momento e Safir La accoglier\u00e0 immediatamente nel browser del Suo nuovo dispositivo.<\/p>\n\n\n\n<div class=\"wp-block-columns is-style-text-block is-layout-flex wp-container-core-columns-is-layout-9d6595d7 wp-block-columns-is-layout-flex\"><\/div>\n\n\n\n<div style=\"height:25px\" aria-hidden=\"true\" class=\"wp-block-spacer\"><\/div>\n\n\n\n<h2 class=\"is-style-sub-title-2 wp-block-heading\">Lei \u00e8 gi\u00e0 entrato nel mondo di Safir?<\/h2>\n\n\n\n<div style=\"height:25px\" aria-hidden=\"true\" class=\"wp-block-spacer\"><\/div>\n\n\n\n<div class=\"wp-block-media-text has-media-on-the-right is-stacked-on-mobile\" style=\"grid-template-columns:auto 15%\"><figure class=\"wp-block-media-text__media\"><img decoding=\"async\" src=\"https:\/\/brf-solutions.ch\/wp-content\/uploads\/2022\/03\/buchhaltung.svg\" alt=\"\" class=\"wp-image-224 size-full\"\/><\/figure><div class=\"wp-block-media-text__content\">\n<p><strong>Gestione<\/strong><\/p>\n\n\n\n<p>Gestisca i Suoi prodotti, i dati degli indirizzi e gli ordini in un unico posto. Lei pu\u00f2 creare diversi tipi di prezzo in base ai Suoi clienti. Monitorare le statistiche di vendita dei Suoi diversi prodotti. Contabilit\u00e0 e crediti in una gestione semplice e chiara.<\/p>\n<\/div><\/div>\n\n\n\n<div style=\"height:30px\" aria-hidden=\"true\" class=\"wp-block-spacer\"><\/div>\n\n\n\n<div class=\"wp-block-media-text is-stacked-on-mobile\" style=\"grid-template-columns:15% auto\"><figure class=\"wp-block-media-text__media\"><img decoding=\"async\" src=\"https:\/\/brf-solutions.ch\/wp-content\/uploads\/2022\/03\/balkendiagramm.svg\" alt=\"\" class=\"wp-image-222 size-full\"\/><\/figure><div class=\"wp-block-media-text__content\">\n<p><strong>Organizzazione<\/strong><\/p>\n\n\n\n<p>- Disposizione chiara delle statistiche nel cruscotto<br>- Archivio file incluso, per aggiungere facilmente e-mail, foto e progetti.<br>- Tracciamento delle offerte aperte e definizione di una scadenza <br>- Il database centrale per Iris, Armoni e il vostro negozio web<\/p>\n<\/div><\/div>\n\n\n\n<div style=\"height:30px\" aria-hidden=\"true\" class=\"wp-block-spacer\"><\/div>\n\n\n\n<div class=\"wp-block-media-text has-media-on-the-right is-stacked-on-mobile\" style=\"grid-template-columns:auto 15%\"><figure class=\"wp-block-media-text__media\"><img decoding=\"async\" src=\"https:\/\/brf-solutions.ch\/wp-content\/uploads\/2022\/03\/login-3.svg\" alt=\"\" class=\"wp-image-240 size-full\"\/><\/figure><div class=\"wp-block-media-text__content\">\n<p><strong>Accesso quando e da dove vuole Lei<\/strong><\/p>\n\n\n\n<p>- Accessibile tramite il browser web 24 ore al giorno, 7 giorni alla settimana in tutto il mondo<br>- Non \u00e8 necessaria alcuna installazione sui terminali<br>- Funziona con tutti i sistemi operativi e i terminali pi\u00f9 comuni<br>- Assistenza inclusa durante l'orario di ufficio<br>- Non \u00e8 richiesta alcuna conoscenza dell'hardware, accesso quando e dove si vuole<\/p>\n<\/div><\/div>\n\n\n\n<div style=\"height:30px\" aria-hidden=\"true\" class=\"wp-block-spacer\"><\/div>\n\n\n\n<div class=\"wp-block-media-text is-stacked-on-mobile\" style=\"grid-template-columns:15% auto\"><figure class=\"wp-block-media-text__media\"><img decoding=\"async\" src=\"https:\/\/brf-solutions.ch\/wp-content\/uploads\/2022\/03\/geschlossenes-schloss-3.svg\" alt=\"\" class=\"wp-image-230 size-full\"\/><\/figure><div class=\"wp-block-media-text__content\">\n<p><strong>Sicurezza<\/strong><\/p>\n\n\n\n<p>La Sua sicurezza \u00e8 importante per noi. Accesso \"solo\" con un login personale. <\/p>\n<\/div><\/div>\n\n\n\n<div style=\"height:30px\" aria-hidden=\"true\" class=\"wp-block-spacer\"><\/div>\n\n\n\n<div class=\"wp-block-media-text has-media-on-the-right is-stacked-on-mobile\" style=\"grid-template-columns:auto 15%\"><figure class=\"wp-block-media-text__media\"><img decoding=\"async\" src=\"https:\/\/brf-solutions.ch\/wp-content\/uploads\/2022\/03\/sprachen-4.svg\" alt=\"\" class=\"wp-image-248 size-full\"\/><\/figure><div class=\"wp-block-media-text__content\">\n<p><strong>Lingue<\/strong><\/p>\n\n\n\n<p>Safir \u00e8 attualmente disponibile in tedesco, francese, italiano e inglese. Assegni la lingua corrispondente ai Suoi clienti e fornitori e Safir passer\u00e0 automaticamente alla lingua appropriata. Con un semplice clic del mouse \u00e8 possibile cambiare la lingua dell'utente in qualsiasi momento, se necessario. Inoltre, \u00e8 possibile aggiungere altre lingue senza problemi.<\/p>\n<\/div><\/div>\n\n\n\n<div style=\"height:30px\" aria-hidden=\"true\" class=\"wp-block-spacer\"><\/div>\n\n\n\n<div class=\"wp-block-media-text is-stacked-on-mobile\" style=\"grid-template-columns:15% auto\"><figure class=\"wp-block-media-text__media\"><img loading=\"lazy\" decoding=\"async\" width=\"411\" height=\"350\" src=\"https:\/\/brf-solutions.ch\/wp-content\/uploads\/2022\/03\/Geld-safir.jpg\" alt=\"\" class=\"wp-image-565 size-full\" srcset=\"https:\/\/brf-solutions.ch\/wp-content\/uploads\/2022\/03\/Geld-safir.jpg 411w, https:\/\/brf-solutions.ch\/wp-content\/uploads\/2022\/03\/Geld-safir-300x255.jpg 300w, https:\/\/brf-solutions.ch\/wp-content\/uploads\/2022\/03\/Geld-safir-14x12.jpg 14w\" sizes=\"auto, (max-width: 411px) 100vw, 411px\" \/><\/figure><div class=\"wp-block-media-text__content\">\n<p><strong>Costi<\/strong><br>Non \u00e8 necessario acquistare Safir, basta abbonarsi. I costi vengono fatturati annualmente. Il software \u00e8 stato sviluppato appositamente per soddisfare le esigenze dei nostri clienti. Ecco perch\u00e9 per noi \u00e8 importante ascoltarla quando stabiliamo i prezzi. Saremo lieti di consigliarle un'offerta dettagliata.<\/p>\n<\/div><\/div>\n\n\n\n<div style=\"height:30px\" aria-hidden=\"true\" class=\"wp-block-spacer\"><\/div>\n\n\n\n<p><\/p>","protected":false},"excerpt":{"rendered":"<p>Safir ist die modernste ERP L\u00f6sung f\u00fcr Glasereien im KMU Bereich. Keine modulare Aufbauweise. Alles oder nichts. Angebote, Auftr\u00e4ge, Rechnungen, Bestellprozesse, Debitoren und Kreditoren, sowie integrierte Archive sind Standard, um nur einige Attribute zu nennen. Mit Safir haben Sie ein Werkzeug um Ihre Tagesprozesse zu optimieren. Intuitiv, ohne grossen Aufwand: Ein effektiver Mehrwert f\u00fcr Ihr [&hellip;]<\/p>","protected":false},"author":1,"featured_media":0,"parent":0,"menu_order":0,"comment_status":"closed","ping_status":"closed","template":"","meta":{"_acf_changed":false,"footnotes":""},"class_list":["post-73","page","type-page","status-publish","hentry"],"acf":[],"_links":{"self":[{"href":"https:\/\/brf-solutions.ch\/it\/wp-json\/wp\/v2\/pages\/73","targetHints":{"allow":["GET"]}}],"collection":[{"href":"https:\/\/brf-solutions.ch\/it\/wp-json\/wp\/v2\/pages"}],"about":[{"href":"https:\/\/brf-solutions.ch\/it\/wp-json\/wp\/v2\/types\/page"}],"author":[{"embeddable":true,"href":"https:\/\/brf-solutions.ch\/it\/wp-json\/wp\/v2\/users\/1"}],"replies":[{"embeddable":true,"href":"https:\/\/brf-solutions.ch\/it\/wp-json\/wp\/v2\/comments?post=73"}],"version-history":[{"count":123,"href":"https:\/\/brf-solutions.ch\/it\/wp-json\/wp\/v2\/pages\/73\/revisions"}],"predecessor-version":[{"id":1797,"href":"https:\/\/brf-solutions.ch\/it\/wp-json\/wp\/v2\/pages\/73\/revisions\/1797"}],"wp:attachment":[{"href":"https:\/\/brf-solutions.ch\/it\/wp-json\/wp\/v2\/media?parent=73"}],"curies":[{"name":"wp","href":"https:\/\/api.w.org\/{rel}","templated":true}]}}