{"id":179,"date":"2022-03-15T10:58:02","date_gmt":"2022-03-15T10:58:02","guid":{"rendered":"https:\/\/brf-solutions.ch\/?page_id=179"},"modified":"2023-10-04T12:13:07","modified_gmt":"2023-10-04T12:13:07","slug":"impressum","status":"publish","type":"page","link":"https:\/\/brf-solutions.ch\/it\/impressum\/","title":{"rendered":"Impressum"},"content":{"rendered":"<div class=\"wp-block-cover alignfull is-light\" style=\"min-height:50px;aspect-ratio:unset;\"><span aria-hidden=\"true\" class=\"wp-block-cover__background has-background-dim-20 has-background-dim\"><\/span><img loading=\"lazy\" decoding=\"async\" width=\"2560\" height=\"686\" class=\"wp-block-cover__image-background wp-image-44\" alt=\"\" src=\"https:\/\/brf-solutions.ch\/wp-content\/uploads\/2022\/03\/Slide-Impressum.jpg\" style=\"object-position:50% 54%\" data-object-fit=\"cover\" data-object-position=\"50% 54%\" srcset=\"https:\/\/brf-solutions.ch\/wp-content\/uploads\/2022\/03\/Slide-Impressum.jpg 2560w, https:\/\/brf-solutions.ch\/wp-content\/uploads\/2022\/03\/Slide-Impressum-300x80.jpg 300w, https:\/\/brf-solutions.ch\/wp-content\/uploads\/2022\/03\/Slide-Impressum-1024x274.jpg 1024w, https:\/\/brf-solutions.ch\/wp-content\/uploads\/2022\/03\/Slide-Impressum-768x206.jpg 768w, https:\/\/brf-solutions.ch\/wp-content\/uploads\/2022\/03\/Slide-Impressum-1536x412.jpg 1536w, https:\/\/brf-solutions.ch\/wp-content\/uploads\/2022\/03\/Slide-Impressum-2048x549.jpg 2048w, https:\/\/brf-solutions.ch\/wp-content\/uploads\/2022\/03\/Slide-Impressum-18x5.jpg 18w, https:\/\/brf-solutions.ch\/wp-content\/uploads\/2022\/03\/Slide-Impressum-1600x429.jpg 1600w\" sizes=\"auto, (max-width: 2560px) 100vw, 2560px\" \/><div class=\"wp-block-cover__inner-container is-layout-flow wp-block-cover-is-layout-flow\">\n<div style=\"height:100px\" aria-hidden=\"true\" class=\"wp-block-spacer\"><\/div>\n\n\n\n<h2 class=\"wp-block-heading alignwide is-style-sub-title-1 has-white-color has-text-color\" style=\"font-size:64px\">Impressum<\/h2>\n\n\n\n<div style=\"height:100px\" aria-hidden=\"true\" class=\"wp-block-spacer\"><\/div>\n<\/div><\/div>\n\n\n\n<div style=\"height:100px\" aria-hidden=\"true\" class=\"wp-block-spacer\"><\/div>\n\n\n\n<p><strong>Responsabile del contenuto,<br>Progettazione e realizzazione tecnica del sito web:<\/strong><\/p>\n\n\n\n<p><strong>BRF Solutions GmbH<\/strong><br>Moosmattstrasse 14<br>CH \u2013 4304 Giebenach<\/p>\n\n\n\n<p>Numero di partita IVA: CHE-114.785.684<br>UID: CHE\u2013114.785.684<\/p>\n\n\n\n<p><strong>Responsabilit\u00e0 per i contenuti<\/strong><\/p>\n\n\n\n<p>I contenuti di questo sito web sono stati redatti con la massima cura possibile. Tuttavia, BRF Solutions GmbH non garantisce l'accuratezza, la completezza e l'aggiornamento dei contenuti forniti. L'uso dei contenuti del sito web \u00e8 a rischio e pericolo dell'utente.<\/p>\n\n\n\n<p><strong>Non vincolante<\/strong><\/p>\n\n\n\n<p>I contenuti di questo sito web sono forniti solo a scopo informativo. Non costituiscono un'offerta per la conclusione di un contratto o di un altro negozio legale. In particolare, il contenuto del sito web non deve essere inteso come un invito o una raccomandazione ad acquistare o vendere titoli di BRF Solutions GmbH. Il semplice utilizzo del sito web del fornitore non costituisce alcun rapporto contrattuale tra l'utente e il fornitore.<\/p>\n\n\n\n<p><strong>Responsabilit\u00e0 per i link esterni<\/strong><\/p>\n\n\n\n<p>L'offerta di questo sito web contiene link a siti web esterni di terzi (link esterni), sui cui contenuti BRF Solutions GmbH non ha alcuna influenza. Questi siti web sono soggetti alla responsabilit\u00e0 dei rispettivi operatori. BRF Solutions GmbH non ha rilevato alcuna violazione legale su questi siti web al momento della creazione del link. Tuttavia, non \u00e8 possibile un controllo permanente dei contenuti dei siti web collegati. Se si viene a conoscenza di violazioni della legge, il relativo link verr\u00e0 rimosso.<\/p>\n\n\n\n<p><strong>Copyright<\/strong><\/p>\n\n\n\n<p>Die Inhalte dieser Website sind urheberrechtlich gesch\u00fctzt und d\u00fcrfen ohne ausdr\u00fcckliche, schriftliche Zustimmung der BRF Solutions GmbH nicht zu kommerziellen Zwecken verwendet werden. Auch das Einbinden dieses Informationsangebotes, oder Teilen hiervon, in Frames anderer Anbieter ist ohne vorherige schriftliche Zustimmung nicht gestattet.<\/p>\n\n\n\n<p><strong>Protezione dei dati<\/strong><\/p>\n\n\n\n<p>L'utilizzo di questo sito web avviene in gran parte senza la fornitura di dati personali. Se su queste pagine vengono raccolti dati personali (nome, indirizzo, indirizzo e-mail), ci\u00f2 avviene ai fini dello scambio di informazioni richieste dall'utente (ad es. invio di comunicati stampa o relazioni annuali). Il conferimento dei dati dell'utente \u00e8 volontario. In questo caso, i dati saranno conservati da BRF Solutions GmbH e gestiti con la massima cura possibile. Su notifica scritta dell'utente, i dati personali saranno cancellati immediatamente. BRF Solutions GmbH sottolinea che la trasmissione di dati su Internet (ad esempio la comunicazione via e-mail) pu\u00f2 presentare lacune nella sicurezza. Non \u00e8 possibile proteggere completamente i dati dall'accesso di terzi. <\/p>\n\n\n\n<p><strong>Utilizzo di Google Analytics<\/strong><\/p>\n\n\n\n<p>Questo sito web utilizza Google Analytics, un servizio di analisi web fornito da Google, Inc (\"Google\"). Google Analytics utilizza i cosiddetti \"cookie\", file di testo che vengono depositati sul vostro computer per consentire al sito web di analizzare come gli utenti utilizzano il sito. Le informazioni generate dal cookie sull'utilizzo del sito web da parte dell'utente (compreso il suo indirizzo IP) verranno trasmesse e memorizzate da Google su un server negli Stati Uniti. Per conto del gestore di questo sito web, Google utilizzer\u00e0 queste informazioni allo scopo di valutare l'utilizzo del sito web da parte dell'utente, compilare report sulle attivit\u00e0 del sito web e fornire altri servizi relativi alle attivit\u00e0 del sito web e all'utilizzo di Internet al gestore del sito web. L'utente pu\u00f2 rifiutare l'uso dei cookie selezionando l'impostazione appropriata sul proprio browser, ma si prega di notare che in tal caso potrebbe non essere in grado di utilizzare tutte le funzionalit\u00e0 di questo sito web. Utilizzando il presente sito web, l'utente acconsente al trattamento e alla memorizzazione dei propri dati per le finalit\u00e0 sopra descritte.<\/p>\n\n\n\n<p>L'utilizzo e l'applicazione di tutti i contenuti sotto forma di immagini e testi richiedono l'espressa autorizzazione di BRF Solutions GmbH.<\/p>\n\n\n\n<div style=\"height:100px\" aria-hidden=\"true\" class=\"wp-block-spacer\"><\/div>","protected":false},"excerpt":{"rendered":"<p>Verantwortlich f\u00fcr den Inhalt,Design und technische Umsetzung der Webseite: BRF Solutions GmbHMoosmattstrasse 14CH \u2013 4304 Giebenach MwSt.Nr: CHE-114.785.684UID: CHE\u2013114.785.684 Haftung f\u00fcr Inhalte Die Inhalte dieser Website werden mit gr\u00f6sstm\u00f6glicher Sorgfalt erstellt. BRF Solutions GmbH \u00fcbernimmt jedoch keine Gew\u00e4hr f\u00fcr die Richtigkeit, Vollst\u00e4ndigkeit und Aktualit\u00e4t der bereitgestellten Inhalte. Die Nutzung der Inhalte der Website erfolgt auf [&hellip;]<\/p>","protected":false},"author":1,"featured_media":0,"parent":0,"menu_order":0,"comment_status":"closed","ping_status":"closed","template":"","meta":{"_acf_changed":false,"footnotes":""},"class_list":["post-179","page","type-page","status-publish","hentry"],"acf":[],"_links":{"self":[{"href":"https:\/\/brf-solutions.ch\/it\/wp-json\/wp\/v2\/pages\/179","targetHints":{"allow":["GET"]}}],"collection":[{"href":"https:\/\/brf-solutions.ch\/it\/wp-json\/wp\/v2\/pages"}],"about":[{"href":"https:\/\/brf-solutions.ch\/it\/wp-json\/wp\/v2\/types\/page"}],"author":[{"embeddable":true,"href":"https:\/\/brf-solutions.ch\/it\/wp-json\/wp\/v2\/users\/1"}],"replies":[{"embeddable":true,"href":"https:\/\/brf-solutions.ch\/it\/wp-json\/wp\/v2\/comments?post=179"}],"version-history":[{"count":20,"href":"https:\/\/brf-solutions.ch\/it\/wp-json\/wp\/v2\/pages\/179\/revisions"}],"predecessor-version":[{"id":1820,"href":"https:\/\/brf-solutions.ch\/it\/wp-json\/wp\/v2\/pages\/179\/revisions\/1820"}],"wp:attachment":[{"href":"https:\/\/brf-solutions.ch\/it\/wp-json\/wp\/v2\/media?parent=179"}],"curies":[{"name":"wp","href":"https:\/\/api.w.org\/{rel}","templated":true}]}}