{"id":1608,"date":"2022-06-07T05:44:50","date_gmt":"2022-06-07T05:44:50","guid":{"rendered":"https:\/\/brf-solutions.ch\/?page_id=1608"},"modified":"2022-06-07T05:45:05","modified_gmt":"2022-06-07T05:45:05","slug":"armoni-planning-de-montage","status":"publish","type":"page","link":"https:\/\/brf-solutions.ch\/it\/armoni-planning-de-montage\/","title":{"rendered":"Armoni planning de montage"},"content":{"rendered":"<div class=\"wp-block-cover alignfull is-light\" style=\"min-height:50px;aspect-ratio:unset;\"><span aria-hidden=\"true\" class=\"has-color-6-background-color has-background-dim-30 wp-block-cover__gradient-background has-background-dim\"><\/span><img loading=\"lazy\" decoding=\"async\" width=\"2560\" height=\"1402\" class=\"wp-block-cover__image-background wp-image-598\" alt=\"\" src=\"https:\/\/brf-solutions.ch\/wp-content\/uploads\/2022\/03\/background_armoni-scaled.jpg\" style=\"object-position:50% 61%\" data-object-fit=\"cover\" data-object-position=\"50% 61%\"\/><div class=\"wp-block-cover__inner-container is-layout-flow wp-block-cover-is-layout-flow\">\n<div style=\"height:100px\" aria-hidden=\"true\" class=\"wp-block-spacer\"><\/div>\n\n\n\n<h2 class=\"alignwide is-style-sub-title-1 has-white-color has-text-color wp-block-heading\" style=\"font-size:64px\">Armoni<br>Il talento organizzativo.<\/h2>\n\n\n\n<div style=\"height:100px\" aria-hidden=\"true\" class=\"wp-block-spacer\"><\/div>\n<\/div><\/div>\n\n\n\n<div style=\"height:40px\" aria-hidden=\"true\" class=\"wp-block-spacer\"><\/div>\n\n\n\n<p>Armoni organizza i vostri processi interni. Gli appuntamenti vengono assegnati direttamente da SAFIR. Semplice, chiaro e regolabile tramite trascinamento. Aggiungete il vostro calendario personale Armoni al vostro calendario e-mail e tutti gli appuntamenti saranno visibili in un unico posto. La possibilit\u00e0 di filtrare in base ai diversi reparti, ai dipendenti, alle mansioni, ai veicoli \u00e8 una delle possibilit\u00e0. Un'altra \u00e8 la panoramica dei tempi di montaggio esistenti che non sono ancora stati assegnati.<\/p>\n\n\n\n<div style=\"height:30px\" aria-hidden=\"true\" class=\"wp-block-spacer\"><\/div>\n\n\n\n<h2 class=\"is-style-sub-title-2 wp-block-heading\">Armoni \u00e8 il nostro programma di assemblaggio<\/h2>\n\n\n\n<div style=\"height:30px\" aria-hidden=\"true\" class=\"wp-block-spacer\"><\/div>\n\n\n\n<p>Visualizzazione delle assenze, integrazione dei dipendenti temporanei, gestione dei veicoli: tutto questo fa parte dell'applicazione. La gestione dell'assemblaggio distribuisce il lavoro ai vari dipendenti, che possono visualizzare i compiti loro assegnati nell'applicazione. Il lavoro extra, le informazioni sul sito e la registrazione dell'ora esatta sono tutti registrati digitalmente.  Infine, il vostro collaboratore fa firmare il lavoro al cliente, naturalmente in formato digitale.<br>\u00c8 cos\u00ec semplice.<\/p>\n\n\n\n<div style=\"height:30px\" aria-hidden=\"true\" class=\"wp-block-spacer\"><\/div>\n\n\n\n<p><\/p>","protected":false},"excerpt":{"rendered":"<p>Armoni organisiert Ihre internen Abl\u00e4ufe. Direkt aus dem SAFIR werden Termine vergeben. Einfach, \u00fcbersichtlich und via drag and drop skalierbar. F\u00fcgen Sie ihren pers\u00f6nlichen Armoni-Kalender ihrem Email-Kalender zu und alle Termine sind an einem Ort ersichtlich. Filterung nach diversen Abteilungen, Mitarbeitern, Arbeiten, Fahrzeugen sind einige M\u00f6glichkeiten. Eine \u00dcbersicht der vorhandenen Montagestunden, welche noch nicht zugewiesen [&hellip;]<\/p>","protected":false},"author":1,"featured_media":0,"parent":0,"menu_order":0,"comment_status":"closed","ping_status":"closed","template":"","meta":{"_acf_changed":false,"footnotes":""},"class_list":["post-1608","page","type-page","status-publish","hentry"],"acf":[],"_links":{"self":[{"href":"https:\/\/brf-solutions.ch\/it\/wp-json\/wp\/v2\/pages\/1608","targetHints":{"allow":["GET"]}}],"collection":[{"href":"https:\/\/brf-solutions.ch\/it\/wp-json\/wp\/v2\/pages"}],"about":[{"href":"https:\/\/brf-solutions.ch\/it\/wp-json\/wp\/v2\/types\/page"}],"author":[{"embeddable":true,"href":"https:\/\/brf-solutions.ch\/it\/wp-json\/wp\/v2\/users\/1"}],"replies":[{"embeddable":true,"href":"https:\/\/brf-solutions.ch\/it\/wp-json\/wp\/v2\/comments?post=1608"}],"version-history":[{"count":1,"href":"https:\/\/brf-solutions.ch\/it\/wp-json\/wp\/v2\/pages\/1608\/revisions"}],"predecessor-version":[{"id":1612,"href":"https:\/\/brf-solutions.ch\/it\/wp-json\/wp\/v2\/pages\/1608\/revisions\/1612"}],"wp:attachment":[{"href":"https:\/\/brf-solutions.ch\/it\/wp-json\/wp\/v2\/media?parent=1608"}],"curies":[{"name":"wp","href":"https:\/\/api.w.org\/{rel}","templated":true}]}}