{"id":1597,"date":"2022-06-07T05:39:20","date_gmt":"2022-06-07T05:39:20","guid":{"rendered":"https:\/\/brf-solutions.ch\/?page_id=1597"},"modified":"2024-09-06T12:55:41","modified_gmt":"2024-09-06T12:55:41","slug":"iris-app-de-construction-3d","status":"publish","type":"page","link":"https:\/\/brf-solutions.ch\/it\/iris-app-de-construction-3d\/","title":{"rendered":"Iris app de construction 3D"},"content":{"rendered":"<div class=\"wp-block-cover alignfull is-light\" style=\"min-height:50px;aspect-ratio:unset;\"><span aria-hidden=\"true\" class=\"wp-block-cover__background has-background-dim-30 has-background-dim\"><\/span><img loading=\"lazy\" decoding=\"async\" width=\"2560\" height=\"1402\" class=\"wp-block-cover__image-background wp-image-599\" alt=\"\" src=\"https:\/\/brf-solutions.ch\/wp-content\/uploads\/2022\/03\/background_iris-scaled.jpg\" style=\"object-position:52% 61%\" data-object-fit=\"cover\" data-object-position=\"52% 61%\"\/><div class=\"wp-block-cover__inner-container is-layout-flow wp-block-cover-is-layout-flow\">\n<div style=\"height:100px\" aria-hidden=\"true\" class=\"wp-block-spacer\"><\/div>\n\n\n\n<h2 class=\"wp-block-heading alignwide is-style-sub-title-1 has-white-color has-text-color\" style=\"font-size:64px\">Iris <br>L'applicazione di costruzione 3D<\/h2>\n\n\n\n<div style=\"height:100px\" aria-hidden=\"true\" class=\"wp-block-spacer\"><\/div>\n<\/div><\/div>\n\n\n\n<div style=\"height:40px\" aria-hidden=\"true\" class=\"wp-block-spacer\"><\/div>\n\n\n\n<p>Es gibt einige gute Konfiguratoren auf dem Markt. Jedes Produkt m\u00f6chte Ihnen die Arbeit erleichtern.\u00a0Das Problem dabei, Sie ben\u00f6tigen von jedem unabh\u00e4ngigen System eine Schnittstelle in Ihre ERP-L\u00f6sung, oder erfassen alles doppelt von Hand. Unser Ansatz geht weiter. Als einziger Softwarepartner in der Glasbranche, bieten wir Ihnen eine Komplett-L\u00f6sung an, welche nahtlos ineinander \u00fcbergreift.\u00a0Innert Sekunden sind alle Ihre Daten detailliert in SAFIR. Das ist einzigartig und erspart Ihnen nebst Zeit auch viel Geld. <\/p>\n\n\n\n<div style=\"height:25px\" aria-hidden=\"true\" class=\"wp-block-spacer\"><\/div>\n\n\n\n<h2 class=\"wp-block-heading is-style-sub-title-2\">Iris \u00e8 l'applicazione svizzera di costruzione 3D per il vetro<\/h2>\n\n\n\n<div style=\"height:25px\" aria-hidden=\"true\" class=\"wp-block-spacer\"><\/div>\n\n\n\n<p>Dalla presa delle misure alla visualizzazione in 3D, fino alla rapida costruzione di un fondale per la cucina, Lei pu\u00f2 portare la Sua attivit\u00e0 di vetreria in modo professionale verso il futuro. E questo vale anche per le vendite. Oppure il Suo cliente riceve gi\u00e0 una visualizzazione 3D della sua doccia con l'offerta? Iris \u00e8 un software basato sul web e ha quindi il grande vantaggio di poter accedere ai dati in qualsiasi momento e da qualsiasi luogo, indipendentemente dal sistema operativo e dall'hardware. Che sia su un PC Windows in ufficio, su un MacBook a casa o su un tablet in cantiere, Iris \u00e8 sempre presente quando Lei ne ha bisogno. I Suoi dati importanti sono sempre accessibili.<\/p>\n\n\n\n<figure class=\"wp-block-image size-large\"><img loading=\"lazy\" decoding=\"async\" width=\"1024\" height=\"483\" src=\"https:\/\/brf-solutions.ch\/wp-content\/uploads\/2022\/06\/Iris-IT.jpg\" alt=\"\" class=\"wp-image-1131\" srcset=\"https:\/\/brf-solutions.ch\/wp-content\/uploads\/2022\/06\/Iris-IT.jpg 1852w, https:\/\/brf-solutions.ch\/wp-content\/uploads\/2022\/06\/Iris-IT-300x143.jpg 300w, https:\/\/brf-solutions.ch\/wp-content\/uploads\/2022\/06\/Iris-IT-1024x489.jpg 1024w, https:\/\/brf-solutions.ch\/wp-content\/uploads\/2022\/06\/Iris-IT-768x367.jpg 768w, https:\/\/brf-solutions.ch\/wp-content\/uploads\/2022\/06\/Iris-IT-1536x734.jpg 1536w, https:\/\/brf-solutions.ch\/wp-content\/uploads\/2022\/06\/Iris-IT-18x9.jpg 18w, https:\/\/brf-solutions.ch\/wp-content\/uploads\/2022\/06\/Iris-IT-1600x765.jpg 1600w\" sizes=\"auto, (max-width: 1024px) 100vw, 1024px\" \/><\/figure>\n\n\n\n<p>L'installazione su server svizzeri esterni, sottoposti a manutenzione professionale, evita costi elevati di installazione nel Suo ufficio. Anche la sicurezza dei Suoi dati \u00e8 garantita. <\/p>\n\n\n\n<p>Se si acquista un nuovo hardware, non \u00e8 necessaria una nuova installazione o adattamento per Iris. Cos\u00ec potrete sempre acquistare un nuovo computer o tablet, Iris vi accoglier\u00e0 come sempre sul Suo browser preferito.<\/p>\n\n\n\n<div style=\"height:25px\" aria-hidden=\"true\" class=\"wp-block-spacer\"><\/div>\n\n\n\n<h1 class=\"wp-block-heading is-style-sub-title-2\">Lei \u00e8 gi\u00e0 entrato nel mondo di Iris?<\/h1>\n\n\n\n<div style=\"height:25px\" aria-hidden=\"true\" class=\"wp-block-spacer\"><\/div>\n\n\n\n<div class=\"wp-block-media-text alignwide has-media-on-the-right is-stacked-on-mobile\" style=\"grid-template-columns:auto 15%\"><div class=\"wp-block-media-text__content\">\n<p><strong>Pianificazione<\/strong><br>Inizi a costruire: controsoffitti di cucine, docce, installazioni di tutto il vetro, installazioni di porte, tipi e forme di vetro libere da scegliere.<\/p>\n\n\n\n<p>Risparmi fino a 20 minuti su un pannello posteriore della cucina. Niente pi\u00f9 tracce multiple. Inserire una volta in Iris, elaborare, inviare via DWG alla produzione e a Safir per i prezzi corretti e le conferme dei clienti.<\/p>\n<\/div><figure class=\"wp-block-media-text__media\"><img decoding=\"async\" src=\"https:\/\/brf-solutions.ch\/wp-content\/uploads\/2022\/03\/dusche.svg\" alt=\"\" class=\"wp-image-227 size-full\"\/><\/figure><\/div>\n\n\n\n<div style=\"height:30px\" aria-hidden=\"true\" class=\"wp-block-spacer\"><\/div>\n\n\n\n<div class=\"wp-block-media-text is-stacked-on-mobile\" style=\"grid-template-columns:15% auto\"><figure class=\"wp-block-media-text__media\"><img decoding=\"async\" src=\"https:\/\/brf-solutions.ch\/wp-content\/uploads\/2022\/03\/messband.svg\" alt=\"\" class=\"wp-image-242 size-full\"\/><\/figure><div class=\"wp-block-media-text__content\">\n<p><strong>Organizzazione<\/strong><br>Iris non si occupa \"solo\" di vetro. Grazie al nostro esclusivo modulo laser (illustrazione delle misure), \u00e8 possibile registrare con precisione la situazione reale e pianificare il vetro. <\/p>\n\n\n\n<p>Dove mettere foto, informazioni sul sito, contatti, appunti e schizzi personali? In Iris, tutto viene memorizzato e archiviato in un unico luogo, ovvero nel Suo progetto, dove le informazioni devono essere collocate e dove \u00e8 possibile ritrovarle.<\/p>\n<\/div><\/div>\n\n\n\n<div style=\"height:30px\" aria-hidden=\"true\" class=\"wp-block-spacer\"><\/div>\n\n\n\n<div class=\"wp-block-media-text alignwide has-media-on-the-right is-stacked-on-mobile\" style=\"grid-template-columns:auto 15%\"><div class=\"wp-block-media-text__content\">\n<p><strong>Accesso quando e da dove vuole Lei<\/strong><\/p>\n\n\n\n<p>- Accessibile tramite il browser web 24 ore al giorno, 7 giorni alla settimana in tutto il mondo<br>- Non \u00e8 necessaria alcuna installazione sui terminali<br>- Funziona con tutti i sistemi operativi e i terminali pi\u00f9 comuni<br>- Assistenza inclusa durante l'orario di ufficio<br>- Non \u00e8 richiesta alcuna conoscenza dell'hardware, accesso quando e dove si vuole<\/p>\n<\/div><figure class=\"wp-block-media-text__media\"><img decoding=\"async\" src=\"https:\/\/brf-solutions.ch\/wp-content\/uploads\/2022\/03\/login.svg\" alt=\"\" class=\"wp-image-241 size-full\"\/><\/figure><\/div>\n\n\n\n<div style=\"height:30px\" aria-hidden=\"true\" class=\"wp-block-spacer\"><\/div>\n\n\n\n<div class=\"wp-block-media-text is-stacked-on-mobile\" style=\"grid-template-columns:15% auto\"><figure class=\"wp-block-media-text__media\"><img decoding=\"async\" src=\"https:\/\/brf-solutions.ch\/wp-content\/uploads\/2022\/03\/geschlossenes-schloss.svg\" alt=\"\" class=\"wp-image-233 size-full\"\/><\/figure><div class=\"wp-block-media-text__content\">\n<p><strong>Sicurezza<\/strong><br>La Sua sicurezza \u00e8 importante per noi. Accesso \"solo\" con un login personale. <br>Condivida i Suoi progetti all'interno della Sua azienda con altri utenti.<\/p>\n<\/div><\/div>\n\n\n\n<div style=\"height:30px\" aria-hidden=\"true\" class=\"wp-block-spacer\"><\/div>\n\n\n\n<div class=\"wp-block-media-text alignwide has-media-on-the-right is-stacked-on-mobile\" style=\"grid-template-columns:auto 20%\"><div class=\"wp-block-media-text__content\">\n<p><strong>Lingue<\/strong><br>Iris \u00e8 attualmente disponibile in tedesco, francese, italiano e inglese. \u00c8 possibile cambiare la lingua in qualsiasi momento con un semplice clic del mouse. Inoltre, \u00e8 possibile aggiungere altre lingue senza problemi.<\/p>\n<\/div><figure class=\"wp-block-media-text__media\"><img decoding=\"async\" src=\"https:\/\/brf-solutions.ch\/wp-content\/uploads\/2022\/03\/sprachen.svg\" alt=\"\" class=\"wp-image-250 size-full\"\/><\/figure><\/div>\n\n\n\n<div style=\"height:30px\" aria-hidden=\"true\" class=\"wp-block-spacer\"><\/div>\n\n\n\n<div class=\"wp-block-media-text is-stacked-on-mobile\" style=\"grid-template-columns:15% auto\"><figure class=\"wp-block-media-text__media\"><img loading=\"lazy\" decoding=\"async\" width=\"439\" height=\"350\" src=\"https:\/\/brf-solutions.ch\/wp-content\/uploads\/2022\/03\/Geld-iris.jpg\" alt=\"\" class=\"wp-image-566 size-full\" srcset=\"https:\/\/brf-solutions.ch\/wp-content\/uploads\/2022\/03\/Geld-iris.jpg 439w, https:\/\/brf-solutions.ch\/wp-content\/uploads\/2022\/03\/Geld-iris-300x239.jpg 300w, https:\/\/brf-solutions.ch\/wp-content\/uploads\/2022\/03\/Geld-iris-15x12.jpg 15w\" sizes=\"auto, (max-width: 439px) 100vw, 439px\" \/><\/figure><div class=\"wp-block-media-text__content\">\n<p><strong>Costi<\/strong><br>Non \u00e8 necessario acquistare Iris, basta abbonarsi. I costi vengono fatturati annualmente. Il configuratore \u00e8 stato sviluppato appositamente per soddisfare le esigenze dei nostri clienti. Ecco perch\u00e9 per noi \u00e8 importante ascoltarvi quando stabiliamo i prezzi. Saremo lieti di consigliarvi un'offerta dettagliata.<\/p>\n<\/div><\/div>\n\n\n\n<div style=\"height:25px\" aria-hidden=\"true\" class=\"wp-block-spacer\"><\/div>","protected":false},"excerpt":{"rendered":"<p>Es gibt einige gute Konfiguratoren auf dem Markt. Jedes Produkt m\u00f6chte Ihnen die Arbeit erleichtern.\u00a0Das Problem dabei, Sie ben\u00f6tigen von jedem unabh\u00e4ngigen System eine Schnittstelle in Ihre ERP-L\u00f6sung, oder erfassen alles doppelt von Hand. Unser Ansatz geht weiter. Als einziger Softwarepartner in der Glasbranche, bieten wir Ihnen eine Komplett-L\u00f6sung an, welche nahtlos ineinander \u00fcbergreift.\u00a0Innert Sekunden [&hellip;]<\/p>","protected":false},"author":1,"featured_media":0,"parent":0,"menu_order":0,"comment_status":"closed","ping_status":"closed","template":"","meta":{"_acf_changed":false,"footnotes":""},"class_list":["post-1597","page","type-page","status-publish","hentry"],"acf":[],"_links":{"self":[{"href":"https:\/\/brf-solutions.ch\/it\/wp-json\/wp\/v2\/pages\/1597","targetHints":{"allow":["GET"]}}],"collection":[{"href":"https:\/\/brf-solutions.ch\/it\/wp-json\/wp\/v2\/pages"}],"about":[{"href":"https:\/\/brf-solutions.ch\/it\/wp-json\/wp\/v2\/types\/page"}],"author":[{"embeddable":true,"href":"https:\/\/brf-solutions.ch\/it\/wp-json\/wp\/v2\/users\/1"}],"replies":[{"embeddable":true,"href":"https:\/\/brf-solutions.ch\/it\/wp-json\/wp\/v2\/comments?post=1597"}],"version-history":[{"count":2,"href":"https:\/\/brf-solutions.ch\/it\/wp-json\/wp\/v2\/pages\/1597\/revisions"}],"predecessor-version":[{"id":1840,"href":"https:\/\/brf-solutions.ch\/it\/wp-json\/wp\/v2\/pages\/1597\/revisions\/1840"}],"wp:attachment":[{"href":"https:\/\/brf-solutions.ch\/it\/wp-json\/wp\/v2\/media?parent=1597"}],"curies":[{"name":"wp","href":"https:\/\/api.w.org\/{rel}","templated":true}]}}