{"id":14,"date":"2022-03-15T08:16:58","date_gmt":"2022-03-15T08:16:58","guid":{"rendered":"https:\/\/brf-solutions.ch\/?page_id=14"},"modified":"2024-10-30T13:26:23","modified_gmt":"2024-10-30T13:26:23","slug":"home","status":"publish","type":"page","link":"https:\/\/brf-solutions.ch\/it\/","title":{"rendered":"Home"},"content":{"rendered":"<div class=\"wp-block-cover alignfull\" style=\"min-height:50px;aspect-ratio:unset;\"><span aria-hidden=\"true\" class=\"wp-block-cover__background has-background-dim-0 has-background-dim\"><\/span><img loading=\"lazy\" decoding=\"async\" width=\"2400\" height=\"1400\" class=\"wp-block-cover__image-background wp-image-33\" alt=\"\" src=\"https:\/\/brf-solutions.ch\/wp-content\/uploads\/2022\/03\/Slide2-e1647430984606.jpg\" style=\"object-position:50% 2%\" data-object-fit=\"cover\" data-object-position=\"50% 2%\"\/><div class=\"wp-block-cover__inner-container is-layout-flow wp-block-cover-is-layout-flow\">\n<div style=\"height:100px\" aria-hidden=\"true\" class=\"wp-block-spacer\"><\/div>\n\n\n\n<h2 class=\"wp-block-heading alignwide is-style-sub-title-2 has-white-color has-text-color\" style=\"font-size:64px\">Il software svizzero <br>per i professionisti del vetro<\/h2>\n\n\n\n<div style=\"height:92px\" aria-hidden=\"true\" class=\"wp-block-spacer\"><\/div>\n<\/div><\/div>\n\n\n\n<div style=\"height:10px\" aria-hidden=\"true\" class=\"wp-block-spacer\"><\/div>\n\n\n\n<p class=\"is-style-default\"><\/p>\n\n\n\n<figure class=\"wp-block-embed is-type-video is-provider-youtube wp-block-embed-youtube wp-embed-aspect-16-9 wp-has-aspect-ratio\"><div class=\"wp-block-embed__wrapper\">\n<iframe loading=\"lazy\" title=\"BRF Solutions - Safir light\" width=\"500\" height=\"281\" src=\"https:\/\/www.youtube.com\/embed\/bYIpcp9gOxw?feature=oembed\" frameborder=\"0\" allow=\"accelerometer; autoplay; clipboard-write; encrypted-media; gyroscope; picture-in-picture; web-share\" referrerpolicy=\"strict-origin-when-cross-origin\" allowfullscreen><\/iframe>\n<\/div><\/figure>\n\n\n\n<div style=\"height:40px\" aria-hidden=\"true\" class=\"wp-block-spacer\"><\/div>\n\n\n\n<p>I nostri prodotti rendono il vostro lavoro pi\u00f9 semplice di quanto abbiate mai pensato. Dove potete ottimizzare ulteriormente la vostra attivit\u00e0? Nella registrazione di preventivi, ordini, misurazioni e pianificazione? Sicuramente anche nell'ottimizzazione dell'assemblaggio e dei tour. Questo \u00e8 anche il caso della vostra soluzione: si inserisce un prodotto e questo viene automaticamente adattato in tutti i programmi aggiunti? \u00c8 pi\u00f9 probabile che nel corso degli anni siano stati aggiunti nuovi programmi. Le operazioni vengono inserite a mano, ad esempio in elenchi Excel, senza alcun controllo o garanzia reale che tutto sia stato inserito. Il pi\u00f9 delle volte non esistono interfacce funzionali o la programmazione per renderle utilizzabili costa un'enorme quantit\u00e0 di denaro. \u00c8 per questo che avete rinunciato fino ad ora?&nbsp;<\/p>\n\n\n\n<div style=\"height:50px\" aria-hidden=\"true\" class=\"wp-block-spacer\"><\/div>\n\n\n\n<h2 class=\"wp-block-heading is-style-sub-title-3\">Lasciatevi alle spalle il passato e andate verso il futuro, ora!  <br>                                                                                                                                                        A proposito, comunichiamo alla pari... <\/h2>\n\n\n\n<div style=\"height:50px\" aria-hidden=\"true\" class=\"wp-block-spacer\"><\/div>\n\n\n\n<div class=\"wp-block-columns is-layout-flex wp-container-core-columns-is-layout-9d6595d7 wp-block-columns-is-layout-flex\">\n<div class=\"wp-block-column is-vertically-aligned-top is-layout-flow wp-block-column-is-layout-flow\">\n<h2 class=\"wp-block-heading is-style-sub-title-3\">I vostri vantaggi<\/h2>\n\n\n\n<p>Tutti i nostri prodotti sono online. Non ci sono pi\u00f9 installazioni fisse sul vostro server, sui vostri terminali o sul vostro cloud. Ci si connette ovunque ci si trovi, qualunque sia il dispositivo su cui si sta lavorando. I nostri prodotti sono indipendenti. Nessun aggiornamento costoso. Noi ce ne occupiamo in background. Utilizzate il vostro tempo prezioso per i vostri clienti e per la vostra attivit\u00e0.<\/p>\n<\/div>\n\n\n\n<div class=\"wp-block-column is-layout-flow wp-block-column-is-layout-flow\">\n<h2 class=\"wp-block-heading is-style-sub-title-3\">Le nostre soluzioni<\/h2>\n\n\n\n<p>Il nostro obiettivo \u00e8 trovare le soluzioni migliori. Abbiniamo ai nostri prodotti i gadget pi\u00f9 recenti. Come clienti, ne beneficiate, e lo fate da oltre 19 anni. Software, vetro, allestimenti: questa \u00e8 la nostra passione. Sappiamo di cosa stiamo parlando e cosa stiamo facendo. Sfidateci.<\/p>\n<\/div>\n\n\n\n<div class=\"wp-block-column is-layout-flow wp-block-column-is-layout-flow\">\n<h2 class=\"wp-block-heading is-style-sub-title-3\">Forti insieme<\/h2>\n\n\n\n<p>Lei \u00e8 un professionista nel suo campo. Si investe in nuove macchine, veicoli e tecniche di sollevamento. Avete uno staff ben preparato e una grande mostra. Dall'esterno, siete percepiti come un'azienda moderna. \u00c8 giunto il momento di mettere in pratica tutto questo in modo digitale. Sarebbe bello se esistesse una soluzione completa che combinasse la maggior parte delle funzioni e dei programmi e fosse anche conveniente. Noi abbiamo la soluzione!<\/p>\n<\/div>\n<\/div>\n\n\n\n<div style=\"height:50px\" aria-hidden=\"true\" class=\"wp-block-spacer\"><\/div>\n\n\n\n<div class=\"wp-block-columns is-layout-flex wp-container-core-columns-is-layout-9d6595d7 wp-block-columns-is-layout-flex\">\n<div class=\"wp-block-column is-layout-flow wp-block-column-is-layout-flow\" style=\"flex-basis:100%\">\n<div class=\"wp-block-columns is-layout-flex wp-container-core-columns-is-layout-9d6595d7 wp-block-columns-is-layout-flex\">\n<div class=\"wp-block-column is-layout-flow wp-block-column-is-layout-flow\" style=\"flex-basis:100%\">\n<div class=\"wp-block-columns is-layout-flex wp-container-core-columns-is-layout-9d6595d7 wp-block-columns-is-layout-flex\">\n<div class=\"wp-block-column is-layout-flow wp-block-column-is-layout-flow\">\n<h3 class=\"wp-block-heading is-style-sub-title-3\">Che si tratti dell'applicazione di costruzione 3D Iris, dell'ERP Safir, della pianificazione dell'assemblaggio Armoni o del vostro webshop, tutte le soluzioni funzionano come un orologio e si integrano tra loro. Questo \u00e8 l'obiettivo di BRF Solutions.<\/h3>\n\n\n\n<h3 class=\"wp-block-heading is-style-sub-title-3\">Software svizzero per i professionisti del vetro.<\/h3>\n<\/div>\n\n\n\n<div class=\"wp-block-column is-layout-flow wp-block-column-is-layout-flow\">\n<p>Come utenti di vari programmi, avete \"solo\" un obiettivo: volete qualcosa di semplice ed efficiente. Il software deve farvi risparmiare lavoro e non generare ulteriori spese. Idealmente, dovrebbe addirittura eliminare gli errori. Purtroppo, per\u00f2, questo non \u00e8 il caso della maggior parte delle soluzioni. Costa tempo, nervi e molto denaro. Aggiornamenti costosi, nuovi server e backup dei dati spesso impediscono di fare qualcosa di nuovo. Dovreste spendere queste risorse per i vostri clienti e i vostri prodotti. \u00c8 questa la nostra forza, \u00e8 qui che vi sosteniamo!<\/p>\n<\/div>\n<\/div>\n<\/div>\n<\/div>\n<\/div>\n<\/div>\n\n\n\n<p><\/p>","protected":false},"excerpt":{"rendered":"<p>Unsere Produkte erleichtern Ihnen die Arbeit und das mehr, als Sie bisher ahnten.&nbsp;Wo k\u00f6nnen Sie Ihren Betrieb noch optimieren?&nbsp;Bei der Erfassung von Angeboten, Auftr\u00e4gen, Massaufnahmen und in der Planung? Sicher auch in der Montage- und Tourenoptimierung.&nbsp;Ist es bei Ihrer L\u00f6sung auch so, Sie erfassen ein Produkt und in allen angef\u00fcgten Programmen wird es automatisch&nbsp;angepasst? Wahrscheinlicher [&hellip;]<\/p>","protected":false},"author":1,"featured_media":0,"parent":0,"menu_order":0,"comment_status":"closed","ping_status":"closed","template":"","meta":{"_acf_changed":false,"footnotes":""},"class_list":["post-14","page","type-page","status-publish","hentry"],"acf":[],"_links":{"self":[{"href":"https:\/\/brf-solutions.ch\/it\/wp-json\/wp\/v2\/pages\/14","targetHints":{"allow":["GET"]}}],"collection":[{"href":"https:\/\/brf-solutions.ch\/it\/wp-json\/wp\/v2\/pages"}],"about":[{"href":"https:\/\/brf-solutions.ch\/it\/wp-json\/wp\/v2\/types\/page"}],"author":[{"embeddable":true,"href":"https:\/\/brf-solutions.ch\/it\/wp-json\/wp\/v2\/users\/1"}],"replies":[{"embeddable":true,"href":"https:\/\/brf-solutions.ch\/it\/wp-json\/wp\/v2\/comments?post=14"}],"version-history":[{"count":106,"href":"https:\/\/brf-solutions.ch\/it\/wp-json\/wp\/v2\/pages\/14\/revisions"}],"predecessor-version":[{"id":1849,"href":"https:\/\/brf-solutions.ch\/it\/wp-json\/wp\/v2\/pages\/14\/revisions\/1849"}],"wp:attachment":[{"href":"https:\/\/brf-solutions.ch\/it\/wp-json\/wp\/v2\/media?parent=14"}],"curies":[{"name":"wp","href":"https:\/\/api.w.org\/{rel}","templated":true}]}}