{"id":90,"date":"2022-03-15T09:48:11","date_gmt":"2022-03-15T09:48:11","guid":{"rendered":"https:\/\/brf-solutions.ch\/?page_id=90"},"modified":"2024-09-17T12:56:20","modified_gmt":"2024-09-17T12:56:20","slug":"team","status":"publish","type":"page","link":"https:\/\/brf-solutions.ch\/fr\/team\/","title":{"rendered":"\u00c9quipe"},"content":{"rendered":"<div class=\"wp-block-cover alignfull\" style=\"min-height:414px;aspect-ratio:unset;\"><span aria-hidden=\"true\" class=\"wp-block-cover__background has-background-dim-10 has-background-dim\"><\/span><img loading=\"lazy\" decoding=\"async\" width=\"2560\" height=\"1532\" class=\"wp-block-cover__image-background wp-image-612\" alt=\"\" src=\"https:\/\/brf-solutions.ch\/wp-content\/uploads\/2022\/03\/eye-4063134-scaled.jpg\" style=\"object-position:78% 70%\" data-object-fit=\"cover\" data-object-position=\"78% 70%\" srcset=\"https:\/\/brf-solutions.ch\/wp-content\/uploads\/2022\/03\/eye-4063134-scaled.jpg 2560w, https:\/\/brf-solutions.ch\/wp-content\/uploads\/2022\/03\/eye-4063134-300x180.jpg 300w, https:\/\/brf-solutions.ch\/wp-content\/uploads\/2022\/03\/eye-4063134-1024x613.jpg 1024w, https:\/\/brf-solutions.ch\/wp-content\/uploads\/2022\/03\/eye-4063134-768x460.jpg 768w, https:\/\/brf-solutions.ch\/wp-content\/uploads\/2022\/03\/eye-4063134-1536x919.jpg 1536w, https:\/\/brf-solutions.ch\/wp-content\/uploads\/2022\/03\/eye-4063134-2048x1226.jpg 2048w, https:\/\/brf-solutions.ch\/wp-content\/uploads\/2022\/03\/eye-4063134-18x12.jpg 18w, https:\/\/brf-solutions.ch\/wp-content\/uploads\/2022\/03\/eye-4063134-1600x958.jpg 1600w\" sizes=\"auto, (max-width: 2560px) 100vw, 2560px\" \/><div class=\"wp-block-cover__inner-container is-layout-flow wp-block-cover-is-layout-flow\">\n<div style=\"height:100px\" aria-hidden=\"true\" class=\"wp-block-spacer\"><\/div>\n\n\n\n<h2 class=\"wp-block-heading alignwide is-style-sub-title-1 has-white-color has-text-color\" style=\"font-size:64px\">Nous ne pouvons pas tout faire...<\/h2>\n\n\n\n<div style=\"height:100px\" aria-hidden=\"true\" class=\"wp-block-spacer\"><\/div>\n<\/div><\/div>\n\n\n\n<div style=\"height:100px\" aria-hidden=\"true\" class=\"wp-block-spacer\"><\/div>\n\n\n\n<h5 class=\"wp-block-heading is-style-sub-title-2\">&#8230;aber was wir k\u00f6nnen, k\u00f6nnen wir gut.<\/h5>\n\n\n\n<div style=\"height:30px\" aria-hidden=\"true\" class=\"wp-block-spacer\"><\/div>\n\n\n\n<p>Das Projekt zur Entwicklung einer spezialisierten ERP-Software f\u00fcr die Glas- und Beschlagbranche begann bereits im Jahr 2003. Urspr\u00fcnglich sollte eine veraltete Access-Datenbank ersetzt werden. Um mehreren Nutzern gleichzeitig Zugriff zu erm\u00f6glichen, wurde die Access-Datenbank durch eine SQL-Datenbank ersetzt und ein Intranet eingerichtet. Dies erm\u00f6glichte es verschiedenen Benutzern, \u00fcber einen Browser gleichzeitig auf das System zuzugreifen. Zwei Jahre sp\u00e4ter wurde die Access-Oberfl\u00e4che vollst\u00e4ndig durch die Intranet-Oberfl\u00e4che ersetzt. So wurde die erste Version von Safir geboren.<br><br>Im Laufe der Jahre wurde Safir kontinuierlich weiterentwickelt und erreichte 2009 den Status einer marktreifen ERP-Software. Seitdem wird Safir erfolgreich von zahlreichen Kunden eingesetzt.<br><br>Im M\u00e4rz 2020 begann unser Team mit der Entwicklung von Iris, einem innovativen 3D-Glaskonfigurator, der die t\u00e4gliche Arbeit in Glasereibetrieben erheblich ver\u00e4ndern soll. Anfang 2021 beschlossen wir, Safir parallel dazu auf ein neues Level zu heben, um zusammen mit Iris das ideale Werkzeug f\u00fcr Glaser anzubieten. Bis heute wurden \u00fcber 45.000 Stunden in die Entwicklung dieser Produkte investiert. Von unseren engagierten Mitarbeitern bringen einige \u00fcber 20 Jahre Erfahrung in den Bereichen Glas, Beschl\u00e4ge und Applikationsentwicklung mit. Begeben Sie sich mit uns auf die Reise\u2026..sie hat erst begonnen!<\/p>\n\n\n\n<div style=\"height:60px\" aria-hidden=\"true\" class=\"wp-block-spacer\"><\/div>\n\n\n\n<h2 class=\"wp-block-heading is-style-sub-title-3\">\" Il y a quelque chose de magique dans la cr\u00e9ation de nouveaux produits. De la premi\u00e8re id\u00e9e \u00e0 la r\u00e9alisation d\u00e9finitive. Lorsque le \"b\u00e9b\u00e9\" est n\u00e9 et que l'on participe activement \u00e0 son d\u00e9veloppement jusqu'\u00e0 sa mise sur le march\u00e9. C'est pour ces moments-l\u00e0 que nous vivons. \"<\/h2>\n\n\n\n<div style=\"height:60px\" aria-hidden=\"true\" class=\"wp-block-spacer\"><\/div>\n\n\n\n<div id=\"bm-team-block_73d3807b80053ea419ce066191e94a0b\" class=\"block-bm-team style-img-top\">\n  <div class=\"team-wrap\">\n  \t  \t\t        <div class=\"team-item\">\n          <div class=\"team-item-content\">\n            <div class=\"content-image\">\n                                                          <div class=\"wrap-team-image imgLiquidFill img4to3\"><img loading=\"lazy\" decoding=\"async\" width=\"1024\" height=\"773\" src=\"https:\/\/brf-solutions.ch\/wp-content\/uploads\/2022\/06\/Noel_web-1-1024x773.jpg\" class=\"attachment-large size-large\" alt=\"\" srcset=\"https:\/\/brf-solutions.ch\/wp-content\/uploads\/2022\/06\/Noel_web-1-1024x773.jpg 1024w, https:\/\/brf-solutions.ch\/wp-content\/uploads\/2022\/06\/Noel_web-1-300x226.jpg 300w, https:\/\/brf-solutions.ch\/wp-content\/uploads\/2022\/06\/Noel_web-1-768x580.jpg 768w, https:\/\/brf-solutions.ch\/wp-content\/uploads\/2022\/06\/Noel_web-1-1536x1159.jpg 1536w, https:\/\/brf-solutions.ch\/wp-content\/uploads\/2022\/06\/Noel_web-1-2048x1546.jpg 2048w, https:\/\/brf-solutions.ch\/wp-content\/uploads\/2022\/06\/Noel_web-1-16x12.jpg 16w, https:\/\/brf-solutions.ch\/wp-content\/uploads\/2022\/06\/Noel_web-1-1600x1208.jpg 1600w\" sizes=\"auto, (max-width: 1024px) 100vw, 1024px\" \/><\/div>                          <\/div>\n            <div class=\"content-text\">\n              <h2 class=\"is-style-sub-title-3\">No\u00ebl Kolbeck<\/h2>\n              <p>Direction \/ Ventes D-A-CH<br \/>\r\n<br \/>\r\nPlus de 20 ans d'exp\u00e9rience dans la vente, la gestion de projets, la cr\u00e9ation et l'association d'une PME de verre de 45 employ\u00e9s. Associ\u00e9 et membre de l'\u00e9quipe depuis mars 2020.<\/p>              <a href=\"mailto:noel.kolbeck@brf-solutions.ch\" class=\"btn-icon mail\">noel.kolbeck@brf-solutions.ch<\/a>              <a href=\"tel:+41 43 535 44 33\" class=\"btn-icon phone\">+41 43 535 44 33<\/a>            <\/div>\n          <\/div>\n        <\/div>\n  \t\t        <div class=\"team-item\">\n          <div class=\"team-item-content\">\n            <div class=\"content-image\">\n                                                          <div class=\"wrap-team-image imgLiquidFill img4to3\"><img loading=\"lazy\" decoding=\"async\" width=\"1024\" height=\"773\" src=\"https:\/\/brf-solutions.ch\/wp-content\/uploads\/2022\/06\/Felix_web-1024x773.jpg\" class=\"attachment-large size-large\" alt=\"\" srcset=\"https:\/\/brf-solutions.ch\/wp-content\/uploads\/2022\/06\/Felix_web-1024x773.jpg 1024w, https:\/\/brf-solutions.ch\/wp-content\/uploads\/2022\/06\/Felix_web-300x226.jpg 300w, https:\/\/brf-solutions.ch\/wp-content\/uploads\/2022\/06\/Felix_web-768x580.jpg 768w, https:\/\/brf-solutions.ch\/wp-content\/uploads\/2022\/06\/Felix_web-1536x1159.jpg 1536w, https:\/\/brf-solutions.ch\/wp-content\/uploads\/2022\/06\/Felix_web-2048x1546.jpg 2048w, https:\/\/brf-solutions.ch\/wp-content\/uploads\/2022\/06\/Felix_web-16x12.jpg 16w, https:\/\/brf-solutions.ch\/wp-content\/uploads\/2022\/06\/Felix_web-1600x1208.jpg 1600w\" sizes=\"auto, (max-width: 1024px) 100vw, 1024px\" \/><\/div>                          <\/div>\n            <div class=\"content-text\">\n              <h2 class=\"is-style-sub-title-3\">F\u00e9lix Fonsegrive <\/h2>\n              <p>Direction \/ Ventes FR<br \/>\r\n<br \/>\r\nPlus de 20 ans d'exp\u00e9rience dans la vente, la production, la construction et propri\u00e9taire d'une entreprise sp\u00e9cialis\u00e9e dans les ferrements pour verre. Membre fondateur<\/p>              <a href=\"mailto:felix.fonsegrive@brf-solutions.ch\" class=\"btn-icon mail\">felix.fonsegrive@brf-solutions.ch<\/a>              <a href=\"tel:+41 61 816 20 18\" class=\"btn-icon phone\">+41 61 816 20 18<\/a>            <\/div>\n          <\/div>\n        <\/div>\n  \t\t        <div class=\"team-item\">\n          <div class=\"team-item-content\">\n            <div class=\"content-image\">\n                                                          <div class=\"wrap-team-image imgLiquidFill img4to3\"><img loading=\"lazy\" decoding=\"async\" width=\"1024\" height=\"773\" src=\"https:\/\/brf-solutions.ch\/wp-content\/uploads\/2022\/06\/Greg_web-1024x773.jpg\" class=\"attachment-large size-large\" alt=\"\" srcset=\"https:\/\/brf-solutions.ch\/wp-content\/uploads\/2022\/06\/Greg_web-1024x773.jpg 1024w, https:\/\/brf-solutions.ch\/wp-content\/uploads\/2022\/06\/Greg_web-300x226.jpg 300w, https:\/\/brf-solutions.ch\/wp-content\/uploads\/2022\/06\/Greg_web-768x580.jpg 768w, https:\/\/brf-solutions.ch\/wp-content\/uploads\/2022\/06\/Greg_web-1536x1159.jpg 1536w, https:\/\/brf-solutions.ch\/wp-content\/uploads\/2022\/06\/Greg_web-2048x1546.jpg 2048w, https:\/\/brf-solutions.ch\/wp-content\/uploads\/2022\/06\/Greg_web-16x12.jpg 16w, https:\/\/brf-solutions.ch\/wp-content\/uploads\/2022\/06\/Greg_web-1600x1208.jpg 1600w\" sizes=\"auto, (max-width: 1024px) 100vw, 1024px\" \/><\/div>                          <\/div>\n            <div class=\"content-text\">\n              <h2 class=\"is-style-sub-title-3\">Gr\u00e9gory Brauge<\/h2>\n              <p>Chef d\u00e9veloppeur<br \/>\r\n<br \/>\r\nPlus de 20 ans d'exp\u00e9rience dans le d\u00e9veloppement de diverses solutions dans le secteur des ferrures et du verre. Auparavant, responsable de l'architecture dans divers grands groupes. Membre fondateur<\/p>                                        <\/div>\n          <\/div>\n        <\/div>\n  \t\t  \t  <\/div>\n<\/div>\n\n\n\n<div id=\"bm-team-block_be4474971ba19c0ddd9c8fad4eaf288c\" class=\"block-bm-team style-img-top\">\n  <div class=\"team-wrap\">\n  \t  \t\t        <div class=\"team-item\">\n          <div class=\"team-item-content\">\n            <div class=\"content-image\">\n                                                          <div class=\"wrap-team-image imgLiquidFill img4to3\"><img loading=\"lazy\" decoding=\"async\" width=\"1024\" height=\"773\" src=\"https:\/\/brf-solutions.ch\/wp-content\/uploads\/2022\/06\/Michael_web-1024x773.jpg\" class=\"attachment-large size-large\" alt=\"\" srcset=\"https:\/\/brf-solutions.ch\/wp-content\/uploads\/2022\/06\/Michael_web-1024x773.jpg 1024w, https:\/\/brf-solutions.ch\/wp-content\/uploads\/2022\/06\/Michael_web-300x226.jpg 300w, https:\/\/brf-solutions.ch\/wp-content\/uploads\/2022\/06\/Michael_web-768x580.jpg 768w, https:\/\/brf-solutions.ch\/wp-content\/uploads\/2022\/06\/Michael_web-1536x1159.jpg 1536w, https:\/\/brf-solutions.ch\/wp-content\/uploads\/2022\/06\/Michael_web-2048x1546.jpg 2048w, https:\/\/brf-solutions.ch\/wp-content\/uploads\/2022\/06\/Michael_web-16x12.jpg 16w, https:\/\/brf-solutions.ch\/wp-content\/uploads\/2022\/06\/Michael_web-1600x1208.jpg 1600w\" sizes=\"auto, (max-width: 1024px) 100vw, 1024px\" \/><\/div>                          <\/div>\n            <div class=\"content-text\">\n              <h2 class=\"is-style-sub-title-3\">Michael K\u00fcnzli<\/h2>\n              <p>D\u00e9veloppeur<\/p>                                        <\/div>\n          <\/div>\n        <\/div>\n  \t\t        <div class=\"team-item\">\n          <div class=\"team-item-content\">\n            <div class=\"content-image\">\n                                                          <div class=\"wrap-team-image imgLiquidFill img4to3\"><img loading=\"lazy\" decoding=\"async\" width=\"1024\" height=\"773\" src=\"https:\/\/brf-solutions.ch\/wp-content\/uploads\/2022\/06\/Lidia_web1-1024x773.jpg\" class=\"attachment-large size-large\" alt=\"\" srcset=\"https:\/\/brf-solutions.ch\/wp-content\/uploads\/2022\/06\/Lidia_web1-1024x773.jpg 1024w, https:\/\/brf-solutions.ch\/wp-content\/uploads\/2022\/06\/Lidia_web1-300x226.jpg 300w, https:\/\/brf-solutions.ch\/wp-content\/uploads\/2022\/06\/Lidia_web1-768x580.jpg 768w, https:\/\/brf-solutions.ch\/wp-content\/uploads\/2022\/06\/Lidia_web1-1536x1159.jpg 1536w, https:\/\/brf-solutions.ch\/wp-content\/uploads\/2022\/06\/Lidia_web1-2048x1546.jpg 2048w, https:\/\/brf-solutions.ch\/wp-content\/uploads\/2022\/06\/Lidia_web1-16x12.jpg 16w, https:\/\/brf-solutions.ch\/wp-content\/uploads\/2022\/06\/Lidia_web1-1600x1208.jpg 1600w\" sizes=\"auto, (max-width: 1024px) 100vw, 1024px\" \/><\/div>                          <\/div>\n            <div class=\"content-text\">\n              <h2 class=\"is-style-sub-title-3\">Lidia Serrao<\/h2>\n              <p>Comptabilit\u00e9<\/p>                                        <\/div>\n          <\/div>\n        <\/div>\n  \t\t  \t  <\/div>\n<\/div>\n\n\n\n<div style=\"height:30px\" aria-hidden=\"true\" class=\"wp-block-spacer\"><\/div>\n\n\n\n<h2 class=\"wp-block-heading\">Distributeurs <br><\/h2>\n\n\n\n<h2 class=\"wp-block-heading is-style-sub-title-2\"><\/h2>\n\n\n\n<h2 class=\"wp-block-heading is-style-sub-title-2\">Distributeur r\u00e9gion NRW \/ DE<\/h2>\n\n\n\n<div id=\"bm-team-block_3865bbab04f436b3a0a3ef2f8a40e0c1\" class=\"block-bm-team style-img-top\">\n  <div class=\"team-wrap\">\n  \t  \t\t        <div class=\"team-item\">\n          <div class=\"team-item-content\">\n            <div class=\"content-image\">\n                                                          <div class=\"wrap-team-image imgLiquidFill img4to3\"><img loading=\"lazy\" decoding=\"async\" width=\"1024\" height=\"636\" src=\"https:\/\/brf-solutions.ch\/wp-content\/uploads\/2022\/04\/max-1024x636.jpg\" class=\"attachment-large size-large\" alt=\"\" srcset=\"https:\/\/brf-solutions.ch\/wp-content\/uploads\/2022\/04\/max-1024x636.jpg 1024w, https:\/\/brf-solutions.ch\/wp-content\/uploads\/2022\/04\/max-300x186.jpg 300w, https:\/\/brf-solutions.ch\/wp-content\/uploads\/2022\/04\/max-768x477.jpg 768w, https:\/\/brf-solutions.ch\/wp-content\/uploads\/2022\/04\/max-18x12.jpg 18w, https:\/\/brf-solutions.ch\/wp-content\/uploads\/2022\/04\/max.jpg 1450w\" sizes=\"auto, (max-width: 1024px) 100vw, 1024px\" \/><\/div>                          <\/div>\n            <div class=\"content-text\">\n              <h2 class=\"is-style-sub-title-3\">Massimiliano Galdiero<\/h2>\n              <p>Vente et formation<br \/>\r\n<br \/>\r\nPlus de 20 ans d'activit\u00e9 ind\u00e9pendante en tant que responsable informatique \/ mat\u00e9riel et logiciel dans le secteur du verre.<br \/>\r\n<\/p>              <a href=\"mailto:info@galdicom.de\" class=\"btn-icon mail\">info@galdicom.de<\/a>              <a href=\"tel:+49 (0) 231 607 02 23 \/ Mobile +49 151 115 891 13\" class=\"btn-icon phone\">+49 (0) 231 607 02 23 \/ Mobile +49 151 115 891 13<\/a>            <\/div>\n          <\/div>\n        <\/div>\n  \t\t  \t  <\/div>\n<\/div>\n\n\n\n<h2 class=\"wp-block-heading is-style-sub-title-2\"><\/h2>\n\n\n\n<div style=\"height:30px\" aria-hidden=\"true\" class=\"wp-block-spacer\"><\/div>","protected":false},"excerpt":{"rendered":"<p>&#8230;aber was wir k\u00f6nnen, k\u00f6nnen wir gut. Das Projekt zur Entwicklung einer spezialisierten ERP-Software f\u00fcr die Glas- und Beschlagbranche begann bereits im Jahr 2003. Urspr\u00fcnglich sollte eine veraltete Access-Datenbank ersetzt werden. Um mehreren Nutzern gleichzeitig Zugriff zu erm\u00f6glichen, wurde die Access-Datenbank durch eine SQL-Datenbank ersetzt und ein Intranet eingerichtet. Dies erm\u00f6glichte es verschiedenen Benutzern, \u00fcber [&hellip;]<\/p>","protected":false},"author":1,"featured_media":0,"parent":0,"menu_order":0,"comment_status":"closed","ping_status":"closed","template":"","meta":{"_acf_changed":false,"footnotes":""},"class_list":["post-90","page","type-page","status-publish","hentry"],"acf":[],"_links":{"self":[{"href":"https:\/\/brf-solutions.ch\/fr\/wp-json\/wp\/v2\/pages\/90","targetHints":{"allow":["GET"]}}],"collection":[{"href":"https:\/\/brf-solutions.ch\/fr\/wp-json\/wp\/v2\/pages"}],"about":[{"href":"https:\/\/brf-solutions.ch\/fr\/wp-json\/wp\/v2\/types\/page"}],"author":[{"embeddable":true,"href":"https:\/\/brf-solutions.ch\/fr\/wp-json\/wp\/v2\/users\/1"}],"replies":[{"embeddable":true,"href":"https:\/\/brf-solutions.ch\/fr\/wp-json\/wp\/v2\/comments?post=90"}],"version-history":[{"count":246,"href":"https:\/\/brf-solutions.ch\/fr\/wp-json\/wp\/v2\/pages\/90\/revisions"}],"predecessor-version":[{"id":1847,"href":"https:\/\/brf-solutions.ch\/fr\/wp-json\/wp\/v2\/pages\/90\/revisions\/1847"}],"wp:attachment":[{"href":"https:\/\/brf-solutions.ch\/fr\/wp-json\/wp\/v2\/media?parent=90"}],"curies":[{"name":"wp","href":"https:\/\/api.w.org\/{rel}","templated":true}]}}