{"id":86,"date":"2022-03-15T09:47:47","date_gmt":"2022-03-15T09:47:47","guid":{"rendered":"https:\/\/brf-solutions.ch\/?page_id=86"},"modified":"2022-04-03T13:07:48","modified_gmt":"2022-04-03T13:07:48","slug":"websites","status":"publish","type":"page","link":"https:\/\/brf-solutions.ch\/fr\/websites\/","title":{"rendered":"Site web"},"content":{"rendered":"<div class=\"wp-block-cover alignfull is-light\" style=\"min-height:414px;aspect-ratio:unset;\"><span aria-hidden=\"true\" class=\"has-background-dim-20 wp-block-cover__gradient-background has-background-dim\"><\/span><img loading=\"lazy\" decoding=\"async\" width=\"2560\" height=\"1440\" class=\"wp-block-cover__image-background wp-image-609\" alt=\"\" src=\"https:\/\/brf-solutions.ch\/wp-content\/uploads\/2022\/03\/iStock-1182818819-scaled.jpg\" style=\"object-position:54% 85%\" data-object-fit=\"cover\" data-object-position=\"54% 85%\" srcset=\"https:\/\/brf-solutions.ch\/wp-content\/uploads\/2022\/03\/iStock-1182818819-scaled.jpg 2560w, https:\/\/brf-solutions.ch\/wp-content\/uploads\/2022\/03\/iStock-1182818819-300x169.jpg 300w, https:\/\/brf-solutions.ch\/wp-content\/uploads\/2022\/03\/iStock-1182818819-1024x576.jpg 1024w, https:\/\/brf-solutions.ch\/wp-content\/uploads\/2022\/03\/iStock-1182818819-768x432.jpg 768w, https:\/\/brf-solutions.ch\/wp-content\/uploads\/2022\/03\/iStock-1182818819-1536x864.jpg 1536w, https:\/\/brf-solutions.ch\/wp-content\/uploads\/2022\/03\/iStock-1182818819-2048x1152.jpg 2048w, https:\/\/brf-solutions.ch\/wp-content\/uploads\/2022\/03\/iStock-1182818819-18x10.jpg 18w, https:\/\/brf-solutions.ch\/wp-content\/uploads\/2022\/03\/iStock-1182818819-1600x900.jpg 1600w\" sizes=\"auto, (max-width: 2560px) 100vw, 2560px\" \/><div class=\"wp-block-cover__inner-container is-layout-flow wp-block-cover-is-layout-flow\">\n<div style=\"height:100px\" aria-hidden=\"true\" class=\"wp-block-spacer\"><\/div>\n\n\n\n<h2 class=\"alignwide is-style-sub-title-1 has-white-color has-text-color wp-block-heading\" style=\"font-size:64px\">Votre site web - <br>Votre carte de visite<\/h2>\n\n\n\n<div style=\"height:100px\" aria-hidden=\"true\" class=\"wp-block-spacer\"><\/div>\n<\/div><\/div>\n\n\n\n<div style=\"height:40px\" aria-hidden=\"true\" class=\"wp-block-spacer\"><\/div>\n\n\n\n<p>Votre entreprise a une excellente r\u00e9putation aupr\u00e8s de vos clients existants. Ils savent exactement quels sont vos points forts. Mais est-ce que tous ceux qui ne sont pas encore clients chez vous le savent aussi ? Votre premi\u00e8re impression est votre site web. Est-il toujours \u00e0 jour ? Est-il aussi bien pr\u00e9sent\u00e9 que les v\u00e9hicules de votre entreprise, les v\u00eatements de vos collaborateurs, votre b\u00e2timent ou la publicit\u00e9 \u00e0 laquelle vous accordez tant d'importance ?<\/p>\n\n\n\n<p>Votre site web est votre carte de visite sur Internet<\/p>\n\n\n\n<p>D\u00e9j\u00e0 renouvel\u00e9 ? Nous vous aidons \u00e0 le faire !<\/p>\n\n\n\n<div style=\"height:30px\" aria-hidden=\"true\" class=\"wp-block-spacer\"><\/div>\n\n\n\n<h2 class=\"is-style-sub-title-2 wp-block-heading\">La passion pour ce que nous faisons<\/h2>\n\n\n\n<div class=\"wp-block-media-text has-media-on-the-right is-stacked-on-mobile\" style=\"grid-template-columns:auto 15%\"><figure class=\"wp-block-media-text__media\"><img decoding=\"async\" src=\"https:\/\/brf-solutions.ch\/wp-content\/uploads\/2022\/03\/design-thinking.svg\" alt=\"\" class=\"wp-image-225 size-full\"\/><\/figure><div class=\"wp-block-media-text__content\">\n<p>Nos t\u00eates cr\u00e9atives sont pleines d'id\u00e9es et les mettent \u00e0 l'\u00e9cran. Nous associons avec passion et plaisir la technique et la cr\u00e9ativit\u00e9, dans l'int\u00e9r\u00eat de nos clients. Nous r\u00e9pondons \u00e0 vos souhaits, vous donnons des id\u00e9es constructives et innovantes afin de vous satisfaire en tant que client. D\u00e9marrez votre projet d\u00e8s maintenant avec nous.&nbsp;<\/p>\n<\/div><\/div>\n\n\n\n<div style=\"height:25px\" aria-hidden=\"true\" class=\"wp-block-spacer\"><\/div>\n\n\n\n<div class=\"wp-block-media-text is-stacked-on-mobile\" style=\"grid-template-columns:15% auto\"><figure class=\"wp-block-media-text__media\"><img decoding=\"async\" src=\"https:\/\/brf-solutions.ch\/wp-content\/uploads\/2022\/03\/zufriedenheit-garantiert.svg\" alt=\"\" class=\"wp-image-253 size-full\"\/><\/figure><div class=\"wp-block-media-text__content\">\n<p class=\"has-text-align-right\">La fonctionnalit\u00e9 et le design doivent \u00eatre parfaits pour que vous soyez satisfaits du r\u00e9sultat final. Une fois votre site en ligne, nous ne vous laissons pas tomber, mais nous vous assistons l\u00e0 o\u00f9 vous le souhaitez : Gestion du contenu, r\u00e9daction de blogs, maintenance des r\u00e9seaux sociaux.<\/p>\n\n\n\n<p class=\"has-text-align-right\">Nous nous en portons garants.<\/p>\n<\/div><\/div>\n\n\n\n<div style=\"height:25px\" aria-hidden=\"true\" class=\"wp-block-spacer\"><\/div>\n\n\n\n<div class=\"wp-block-media-text has-media-on-the-right is-stacked-on-mobile\" style=\"grid-template-columns:auto 15%\"><figure class=\"wp-block-media-text__media\"><img decoding=\"async\" src=\"https:\/\/brf-solutions.ch\/wp-content\/uploads\/2022\/03\/weltweit.svg\" alt=\"\" class=\"wp-image-252 size-full\"\/><\/figure><div class=\"wp-block-media-text__content\">\n<p><strong>Ce que nous proposons :<\/strong><\/p>\n\n\n\n<p>- Conception de sites web<br>- D\u00e9veloppement d'applications<br>- CMS WordPress<br>- Multilingue<br>- Photographie d'architecture<\/p>\n<\/div><\/div>\n\n\n\n<div style=\"height:25px\" aria-hidden=\"true\" class=\"wp-block-spacer\"><\/div>\n\n\n\n<div class=\"wp-block-media-text is-stacked-on-mobile\" style=\"grid-template-columns:15% auto\"><figure class=\"wp-block-media-text__media\"><img decoding=\"async\" src=\"https:\/\/brf-solutions.ch\/wp-content\/uploads\/2022\/03\/rakete.svg\" alt=\"\" class=\"wp-image-244 size-full\"\/><\/figure><div class=\"wp-block-media-text__content\">\n<p class=\"has-text-align-right\"><strong>Ce que vous obtenez :<\/strong><\/p>\n\n\n\n<p class=\"has-text-align-right\">- Orient\u00e9 client<br>- Des possibilit\u00e9s illimit\u00e9es<br>\u2013 Innovation<br>- Professionnalisme<br>- Convivialit\u00e9<\/p>\n<\/div><\/div>\n\n\n\n<div style=\"height:25px\" aria-hidden=\"true\" class=\"wp-block-spacer\"><\/div>","protected":false},"excerpt":{"rendered":"<p>Ihr Unternehmen hat bei Ihren bestehenden Kunden einen tollen Ruf. Diese wissen genau was Ihre St\u00e4rken sind. Aber wissen dass auch alle anderen, welche noch nicht bei Ihnen Kunde sind? Ihr erster Eindruck ist Ihre Website. Ist diese noch aktuell? Kommt diese genauso gut daher wie Ihre beschrifteten Firmenfahrzeuge, die angeschriebene Bekleidung Ihrer Mitarbeiter, Ihr [&hellip;]<\/p>","protected":false},"author":1,"featured_media":0,"parent":0,"menu_order":0,"comment_status":"closed","ping_status":"closed","template":"","meta":{"_acf_changed":false,"footnotes":""},"class_list":["post-86","page","type-page","status-publish","hentry"],"acf":[],"_links":{"self":[{"href":"https:\/\/brf-solutions.ch\/fr\/wp-json\/wp\/v2\/pages\/86","targetHints":{"allow":["GET"]}}],"collection":[{"href":"https:\/\/brf-solutions.ch\/fr\/wp-json\/wp\/v2\/pages"}],"about":[{"href":"https:\/\/brf-solutions.ch\/fr\/wp-json\/wp\/v2\/types\/page"}],"author":[{"embeddable":true,"href":"https:\/\/brf-solutions.ch\/fr\/wp-json\/wp\/v2\/users\/1"}],"replies":[{"embeddable":true,"href":"https:\/\/brf-solutions.ch\/fr\/wp-json\/wp\/v2\/comments?post=86"}],"version-history":[{"count":33,"href":"https:\/\/brf-solutions.ch\/fr\/wp-json\/wp\/v2\/pages\/86\/revisions"}],"predecessor-version":[{"id":1510,"href":"https:\/\/brf-solutions.ch\/fr\/wp-json\/wp\/v2\/pages\/86\/revisions\/1510"}],"wp:attachment":[{"href":"https:\/\/brf-solutions.ch\/fr\/wp-json\/wp\/v2\/media?parent=86"}],"curies":[{"name":"wp","href":"https:\/\/api.w.org\/{rel}","templated":true}]}}