{"id":83,"date":"2022-03-15T09:47:34","date_gmt":"2022-03-15T09:47:34","guid":{"rendered":"https:\/\/brf-solutions.ch\/?page_id=83"},"modified":"2022-04-03T13:06:16","modified_gmt":"2022-04-03T13:06:16","slug":"webshops","status":"publish","type":"page","link":"https:\/\/brf-solutions.ch\/fr\/webshops\/","title":{"rendered":"Boutique en ligne"},"content":{"rendered":"<div class=\"wp-block-cover alignfull\" style=\"min-height:414px;aspect-ratio:unset;\"><span aria-hidden=\"true\" class=\"has-background-dim-20 wp-block-cover__gradient-background has-background-dim\"><\/span><img loading=\"lazy\" decoding=\"async\" width=\"2560\" height=\"1221\" class=\"wp-block-cover__image-background wp-image-607\" alt=\"\" src=\"https:\/\/brf-solutions.ch\/wp-content\/uploads\/2022\/03\/iStock-1206800961-scaled.jpg\" style=\"object-position:51% 16%\" data-object-fit=\"cover\" data-object-position=\"51% 16%\" srcset=\"https:\/\/brf-solutions.ch\/wp-content\/uploads\/2022\/03\/iStock-1206800961-scaled.jpg 2560w, https:\/\/brf-solutions.ch\/wp-content\/uploads\/2022\/03\/iStock-1206800961-300x143.jpg 300w, https:\/\/brf-solutions.ch\/wp-content\/uploads\/2022\/03\/iStock-1206800961-1024x489.jpg 1024w, https:\/\/brf-solutions.ch\/wp-content\/uploads\/2022\/03\/iStock-1206800961-768x366.jpg 768w, https:\/\/brf-solutions.ch\/wp-content\/uploads\/2022\/03\/iStock-1206800961-1536x733.jpg 1536w, https:\/\/brf-solutions.ch\/wp-content\/uploads\/2022\/03\/iStock-1206800961-2048x977.jpg 2048w, https:\/\/brf-solutions.ch\/wp-content\/uploads\/2022\/03\/iStock-1206800961-18x9.jpg 18w, https:\/\/brf-solutions.ch\/wp-content\/uploads\/2022\/03\/iStock-1206800961-1600x763.jpg 1600w\" sizes=\"auto, (max-width: 2560px) 100vw, 2560px\" \/><div class=\"wp-block-cover__inner-container is-layout-flow wp-block-cover-is-layout-flow\">\n<div style=\"height:100px\" aria-hidden=\"true\" class=\"wp-block-spacer\"><\/div>\n\n\n\n<h2 class=\"alignwide is-style-sub-title-1 has-white-color has-text-color wp-block-heading\" style=\"font-size:64px\">Vendez maintenant <br>et partout<\/h2>\n\n\n\n<div style=\"height:100px\" aria-hidden=\"true\" class=\"wp-block-spacer\"><\/div>\n<\/div><\/div>\n\n\n\n<div style=\"height:40px\" aria-hidden=\"true\" class=\"wp-block-spacer\"><\/div>\n\n\n\n<p>Vous avez de bons produits et vous pourriez en vendre encore plus. Mais vous n'avez pas les bons outils pour cela ? Une solution de boutique en ligne de notre part ne vous apporte pas seulement un nouveau canal de vente. Si vous utilisez \u00e9galement notre solution ERP, tout s'encha\u00eene parfaitement. La commande est automatiquement saisie dans le syst\u00e8me ERP-Safir. Le flux de production interne peut d\u00e9marrer. Plus de voies multiples lors de la saisie. Vous n'avez donc plus d'erreurs co\u00fbteuses et de processus complexes. <br>Cela vous semble bien ? Alors vous avez frapp\u00e9 \u00e0 la bonne porte.<\/p>\n\n\n\n<div style=\"height:25px\" aria-hidden=\"true\" class=\"wp-block-spacer\"><\/div>\n\n\n\n<h2 class=\"is-style-sub-title-3 wp-block-heading\">Nous vous aidons \u00e0 vendre vos marchandises en ligne. Nous concevons pour vous une boutique en ligne adapt\u00e9e \u00e0 votre entreprise, afin que vous puissiez laisser votre commerce ouvert en permanence \u00e0 l'avenir.<\/h2>\n\n\n\n<div style=\"height:25px\" aria-hidden=\"true\" class=\"wp-block-spacer\"><\/div>\n\n\n\n<p>Vous n'avez pas encore besoin d'une boutique en ligne, mais vous souhaitez donner un nouvel \u00e9clat \u00e0 votre ancienne page d'accueil ? Nous cr\u00e9ons pour vous un site web moderne et convivial.<\/p>\n\n\n\n<div style=\"height:60px\" aria-hidden=\"true\" class=\"wp-block-spacer\"><\/div>\n\n\n\n<div class=\"wp-block-media-text is-stacked-on-mobile\" style=\"grid-template-columns:15% auto\"><figure class=\"wp-block-media-text__media\"><img decoding=\"async\" src=\"https:\/\/brf-solutions.ch\/wp-content\/uploads\/2022\/03\/warenkorb-leere-seitenansicht.svg\" alt=\"\" class=\"wp-image-251 size-full\"\/><\/figure><div class=\"wp-block-media-text__content\">\n<p><strong>E-commerce et remises en ligne<\/strong><\/p>\n\n\n\n<p>Vous nous dites ce que vous voulez et nous concevons votre boutique en ligne exactement selon vos besoins.<\/p>\n\n\n\n<p>Les rabais vous permettent de stimuler vos affaires. Faites des prix biff\u00e9s, fixez la dur\u00e9e, la valeur d'achat minimale et bien d'autres choses encore.<\/p>\n<\/div><\/div>\n\n\n\n<div style=\"height:25px\" aria-hidden=\"true\" class=\"wp-block-spacer\"><\/div>\n\n\n\n<div class=\"wp-block-media-text has-media-on-the-right is-stacked-on-mobile\" style=\"grid-template-columns:auto 15%\"><figure class=\"wp-block-media-text__media\"><img loading=\"lazy\" decoding=\"async\" width=\"668\" height=\"506\" src=\"https:\/\/brf-solutions.ch\/wp-content\/uploads\/2022\/03\/Mail.jpg\" alt=\"\" class=\"wp-image-583 size-full\" srcset=\"https:\/\/brf-solutions.ch\/wp-content\/uploads\/2022\/03\/Mail.jpg 668w, https:\/\/brf-solutions.ch\/wp-content\/uploads\/2022\/03\/Mail-300x227.jpg 300w, https:\/\/brf-solutions.ch\/wp-content\/uploads\/2022\/03\/Mail-16x12.jpg 16w\" sizes=\"auto, (max-width: 668px) 100vw, 668px\" \/><\/figure><div class=\"wp-block-media-text__content\">\n<p><strong>Tout est sous contr\u00f4le<\/strong><\/p>\n\n\n\n<p>C'est bien si votre boutique en ligne fonctionne et que les commandes s'encha\u00eenent. Mais cela ne vous occasionne aucun surcro\u00eet de travail, car vous recevez un e-mail de confirmation automatique et vous savez toujours ce qui vient d'\u00eatre vendu. Vous avez ainsi tout sous contr\u00f4le.<\/p>\n<\/div><\/div>\n\n\n\n<div style=\"height:25px\" aria-hidden=\"true\" class=\"wp-block-spacer\"><\/div>\n\n\n\n<div class=\"wp-block-media-text is-stacked-on-mobile\" style=\"grid-template-columns:15% auto\"><figure class=\"wp-block-media-text__media\"><img loading=\"lazy\" decoding=\"async\" width=\"702\" height=\"508\" src=\"https:\/\/brf-solutions.ch\/wp-content\/uploads\/2022\/03\/Responsible.jpg\" alt=\"\" class=\"wp-image-585 size-full\" srcset=\"https:\/\/brf-solutions.ch\/wp-content\/uploads\/2022\/03\/Responsible.jpg 702w, https:\/\/brf-solutions.ch\/wp-content\/uploads\/2022\/03\/Responsible-300x217.jpg 300w, https:\/\/brf-solutions.ch\/wp-content\/uploads\/2022\/03\/Responsible-18x12.jpg 18w\" sizes=\"auto, (max-width: 702px) 100vw, 702px\" \/><\/figure><div class=\"wp-block-media-text__content\">\n<p><strong>Conception responsable<\/strong><\/p>\n\n\n\n<p>Rien n'est plus \u00e9nervant que de constater que votre design ne s'affiche pas correctement pour le client sur un mobile ou un pad. Nous veillons \u00e0 ce qu'il ait un aspect professionnel sur chaque appareil.<\/p>\n<\/div><\/div>\n\n\n\n<div style=\"height:25px\" aria-hidden=\"true\" class=\"wp-block-spacer\"><\/div>\n\n\n\n<div class=\"wp-block-media-text has-media-on-the-right is-stacked-on-mobile\" style=\"grid-template-columns:auto 15%\"><figure class=\"wp-block-media-text__media\"><img decoding=\"async\" src=\"https:\/\/brf-solutions.ch\/wp-content\/uploads\/2022\/03\/google-symbol.svg\" alt=\"\" class=\"wp-image-234 size-full\"\/><\/figure><div class=\"wp-block-media-text__content\">\n<p><strong>Optimis\u00e9 pour Google<\/strong><\/p>\n\n\n\n<p>L'optimisation du r\u00e9f\u00e9rencement est essentielle pour toute boutique en ligne et vous pouvez toujours voir combien de visiteurs ont visit\u00e9 votre boutique.<\/p>\n<\/div><\/div>\n\n\n\n<div style=\"height:25px\" aria-hidden=\"true\" class=\"wp-block-spacer\"><\/div>","protected":false},"excerpt":{"rendered":"<p>Sie haben tolle Produkte und k\u00f6nnten noch mehr davon absetzen. Jedoch fehlt Ihnen das richtige Werkzeug dazu? Eine Onlineshop-L\u00f6sung von uns bringt Ihnen nicht nur einen neuen Absatzkanal dazu.&nbsp;Wenn Sie noch unsere ERP-L\u00f6sung in der Anwendung haben, gleitet alles nahtlos ineinander \u00fcber. Die Bestellung wird automatisch im ERP-Safir erfasst. Der interne Produktionsfluss kann starten. Keine [&hellip;]<\/p>","protected":false},"author":1,"featured_media":0,"parent":0,"menu_order":0,"comment_status":"closed","ping_status":"closed","template":"","meta":{"_acf_changed":false,"footnotes":""},"class_list":["post-83","page","type-page","status-publish","hentry"],"acf":[],"_links":{"self":[{"href":"https:\/\/brf-solutions.ch\/fr\/wp-json\/wp\/v2\/pages\/83","targetHints":{"allow":["GET"]}}],"collection":[{"href":"https:\/\/brf-solutions.ch\/fr\/wp-json\/wp\/v2\/pages"}],"about":[{"href":"https:\/\/brf-solutions.ch\/fr\/wp-json\/wp\/v2\/types\/page"}],"author":[{"embeddable":true,"href":"https:\/\/brf-solutions.ch\/fr\/wp-json\/wp\/v2\/users\/1"}],"replies":[{"embeddable":true,"href":"https:\/\/brf-solutions.ch\/fr\/wp-json\/wp\/v2\/comments?post=83"}],"version-history":[{"count":37,"href":"https:\/\/brf-solutions.ch\/fr\/wp-json\/wp\/v2\/pages\/83\/revisions"}],"predecessor-version":[{"id":1507,"href":"https:\/\/brf-solutions.ch\/fr\/wp-json\/wp\/v2\/pages\/83\/revisions\/1507"}],"wp:attachment":[{"href":"https:\/\/brf-solutions.ch\/fr\/wp-json\/wp\/v2\/media?parent=83"}],"curies":[{"name":"wp","href":"https:\/\/api.w.org\/{rel}","templated":true}]}}