{"id":179,"date":"2022-03-15T10:58:02","date_gmt":"2022-03-15T10:58:02","guid":{"rendered":"https:\/\/brf-solutions.ch\/?page_id=179"},"modified":"2023-10-04T12:13:07","modified_gmt":"2023-10-04T12:13:07","slug":"impressum","status":"publish","type":"page","link":"https:\/\/brf-solutions.ch\/fr\/impressum\/","title":{"rendered":"Impressum"},"content":{"rendered":"<div class=\"wp-block-cover alignfull is-light\" style=\"min-height:50px;aspect-ratio:unset;\"><span aria-hidden=\"true\" class=\"wp-block-cover__background has-background-dim-20 has-background-dim\"><\/span><img loading=\"lazy\" decoding=\"async\" width=\"2560\" height=\"686\" class=\"wp-block-cover__image-background wp-image-44\" alt=\"\" src=\"https:\/\/brf-solutions.ch\/wp-content\/uploads\/2022\/03\/Slide-Impressum.jpg\" style=\"object-position:50% 54%\" data-object-fit=\"cover\" data-object-position=\"50% 54%\" srcset=\"https:\/\/brf-solutions.ch\/wp-content\/uploads\/2022\/03\/Slide-Impressum.jpg 2560w, https:\/\/brf-solutions.ch\/wp-content\/uploads\/2022\/03\/Slide-Impressum-300x80.jpg 300w, https:\/\/brf-solutions.ch\/wp-content\/uploads\/2022\/03\/Slide-Impressum-1024x274.jpg 1024w, https:\/\/brf-solutions.ch\/wp-content\/uploads\/2022\/03\/Slide-Impressum-768x206.jpg 768w, https:\/\/brf-solutions.ch\/wp-content\/uploads\/2022\/03\/Slide-Impressum-1536x412.jpg 1536w, https:\/\/brf-solutions.ch\/wp-content\/uploads\/2022\/03\/Slide-Impressum-2048x549.jpg 2048w, https:\/\/brf-solutions.ch\/wp-content\/uploads\/2022\/03\/Slide-Impressum-18x5.jpg 18w, https:\/\/brf-solutions.ch\/wp-content\/uploads\/2022\/03\/Slide-Impressum-1600x429.jpg 1600w\" sizes=\"auto, (max-width: 2560px) 100vw, 2560px\" \/><div class=\"wp-block-cover__inner-container is-layout-flow wp-block-cover-is-layout-flow\">\n<div style=\"height:100px\" aria-hidden=\"true\" class=\"wp-block-spacer\"><\/div>\n\n\n\n<h2 class=\"wp-block-heading alignwide is-style-sub-title-1 has-white-color has-text-color\" style=\"font-size:64px\">Impressum<\/h2>\n\n\n\n<div style=\"height:100px\" aria-hidden=\"true\" class=\"wp-block-spacer\"><\/div>\n<\/div><\/div>\n\n\n\n<div style=\"height:100px\" aria-hidden=\"true\" class=\"wp-block-spacer\"><\/div>\n\n\n\n<p><strong>Responsable du contenu,<br>Design et r\u00e9alisation technique du site web :<\/strong><\/p>\n\n\n\n<p><strong>BRF Solutions GmbH<\/strong><br>Moosmattstrasse 14<br>CH \u2013 4304 Giebenach<\/p>\n\n\n\n<p>N\u00b0 de TVA : CHE-114.785.684<br>UID: CHE\u2013114.785.684<\/p>\n\n\n\n<p><strong>Responsabilit\u00e9 pour le contenu<\/strong><\/p>\n\n\n\n<p>Les contenus de ce site web sont \u00e9labor\u00e9s avec le plus grand soin possible. BRF Solutions GmbH ne garantit toutefois pas l'exactitude, l'exhaustivit\u00e9 et l'actualit\u00e9 des contenus mis \u00e0 disposition. L'utilisation des contenus du site web se fait aux risques et p\u00e9rils de l'utilisateur.<\/p>\n\n\n\n<p><strong>Sans engagement<\/strong><\/p>\n\n\n\n<p>Les contenus de ce site web sont mis \u00e0 disposition exclusivement \u00e0 titre d'information. Ils ne constituent pas une offre de conclusion d'un contrat ou d'un autre acte juridique. En particulier, les contenus du site web ne doivent pas \u00eatre consid\u00e9r\u00e9s comme une invitation ou une recommandation \u00e0 acqu\u00e9rir ou \u00e0 vendre des titres de la BRF Solutions GmbH. La simple utilisation du site web du fournisseur ne donne lieu \u00e0 aucune relation contractuelle entre l'utilisateur et le fournisseur.<\/p>\n\n\n\n<p><strong>Responsabilit\u00e9 pour les liens externes<\/strong><\/p>\n\n\n\n<p>L'offre sur ce site web contient des liens vers des sites web externes de tiers (liens externes), sur le contenu desquels BRF Solutions GmbH n'a aucune influence. Ces sites sont soumis \u00e0 la responsabilit\u00e9 de leurs exploitants respectifs. Lors de la cr\u00e9ation initiale du lien, BRF Solutions GmbH n'a pas constat\u00e9 de violation de la loi sur ces sites Web. Un contr\u00f4le permanent du contenu des sites li\u00e9s n'est toutefois pas possible. D\u00e8s la prise de connaissance d'une violation de la loi, le lien concern\u00e9 sera supprim\u00e9.<\/p>\n\n\n\n<p><strong>Droit d'auteur<\/strong><\/p>\n\n\n\n<p>Les contenus de ce site Internet sont prot\u00e9g\u00e9s par des droits d'auteur et ne peuvent \u00eatre utilis\u00e9s \u00e0 des fins commerciales sans l'autorisation expresse et \u00e9crite de BRF Solutions GmbH. L'int\u00e9gration de tout ou partie de cette offre d'information dans des cadres d'autres fournisseurs est \u00e9galement interdite sans autorisation \u00e9crite pr\u00e9alable.<\/p>\n\n\n\n<p><strong>Protection des donn\u00e9es<\/strong><\/p>\n\n\n\n<p>Die Nutzung dieser Website erfolgt weitgehend ohne Angabe personenbezogener Daten. Soweit auf diesen Seiten personenbezogene Daten (Name, Anschrift, E-Mail-Adresse) erhoben werden, erfolgt dies zum Zwecke des vom Nutzer gew\u00fcnschten Informationsaustausches (z. B. Zustellung von Medienmitteilungen oder Gesch\u00e4ftsberichten). Die Angabe der Nutzerdaten erfolgt freiwillig. Die Daten werden in diesem Falle von BRF Solutions GmbH gespeichert und mit gr\u00f6sstm\u00f6glicher Sorgfalt verwaltet. Auf schriftliche Mitteilung des Nutzers werden die personenbezogenen Daten umgehend gel\u00f6scht. BRF Solutions GmbH&nbsp;weist darauf hin, dass die Daten\u00fcbertragung im Internet (z. B. bei der Kommunikation per E-Mail) Sicherheitsl\u00fccken aufweisen kann. Ein l\u00fcckenloser Schutz der Daten vor dem Zugriff Dritter ist nicht m\u00f6glich. <\/p>\n\n\n\n<p><strong>Utilisation de Google Analytics<\/strong><\/p>\n\n\n\n<p>Ce site web utilise Google Analytics, un service d'analyse web de Google Inc (\"Google\"). Google Analytics utilise des \"cookies\", des fichiers texte qui sont enregistr\u00e9s sur votre ordinateur et qui permettent d'analyser votre utilisation du site web. Les informations g\u00e9n\u00e9r\u00e9es par le cookie concernant votre utilisation de ce site web (y compris votre adresse IP) sont transmises \u00e0 un serveur de Google aux \u00c9tats-Unis et y sont enregistr\u00e9es. Google utilisera ces informations pour le compte de l'exploitant de ce site web afin d'\u00e9valuer votre utilisation du site web, de compiler des rapports sur les activit\u00e9s du site web et de fournir \u00e0 l'exploitant du site web d'autres services li\u00e9s \u00e0 l'utilisation du site web et d'Internet. Vous pouvez emp\u00eacher l'enregistrement des cookies en param\u00e9trant votre logiciel de navigation en cons\u00e9quence ; nous attirons toutefois votre attention sur le fait que, dans ce cas, vous ne pourrez peut-\u00eatre pas utiliser toutes les fonctions de ce site web dans leur int\u00e9gralit\u00e9. En utilisant ce site web, vous acceptez le traitement et l'enregistrement de vos donn\u00e9es aux fins d\u00e9crites ci-dessus.<\/p>\n\n\n\n<p>L'utilisation et l'application de tous les contenus sous forme d'images et de textes requi\u00e8rent l'autorisation expresse de BRF Solutions GmbH.<\/p>\n\n\n\n<div style=\"height:100px\" aria-hidden=\"true\" class=\"wp-block-spacer\"><\/div>","protected":false},"excerpt":{"rendered":"<p>Verantwortlich f\u00fcr den Inhalt,Design und technische Umsetzung der Webseite: BRF Solutions GmbHMoosmattstrasse 14CH \u2013 4304 Giebenach MwSt.Nr: CHE-114.785.684UID: CHE\u2013114.785.684 Haftung f\u00fcr Inhalte Die Inhalte dieser Website werden mit gr\u00f6sstm\u00f6glicher Sorgfalt erstellt. BRF Solutions GmbH \u00fcbernimmt jedoch keine Gew\u00e4hr f\u00fcr die Richtigkeit, Vollst\u00e4ndigkeit und Aktualit\u00e4t der bereitgestellten Inhalte. Die Nutzung der Inhalte der Website erfolgt auf [&hellip;]<\/p>","protected":false},"author":1,"featured_media":0,"parent":0,"menu_order":0,"comment_status":"closed","ping_status":"closed","template":"","meta":{"_acf_changed":false,"footnotes":""},"class_list":["post-179","page","type-page","status-publish","hentry"],"acf":[],"_links":{"self":[{"href":"https:\/\/brf-solutions.ch\/fr\/wp-json\/wp\/v2\/pages\/179","targetHints":{"allow":["GET"]}}],"collection":[{"href":"https:\/\/brf-solutions.ch\/fr\/wp-json\/wp\/v2\/pages"}],"about":[{"href":"https:\/\/brf-solutions.ch\/fr\/wp-json\/wp\/v2\/types\/page"}],"author":[{"embeddable":true,"href":"https:\/\/brf-solutions.ch\/fr\/wp-json\/wp\/v2\/users\/1"}],"replies":[{"embeddable":true,"href":"https:\/\/brf-solutions.ch\/fr\/wp-json\/wp\/v2\/comments?post=179"}],"version-history":[{"count":20,"href":"https:\/\/brf-solutions.ch\/fr\/wp-json\/wp\/v2\/pages\/179\/revisions"}],"predecessor-version":[{"id":1820,"href":"https:\/\/brf-solutions.ch\/fr\/wp-json\/wp\/v2\/pages\/179\/revisions\/1820"}],"wp:attachment":[{"href":"https:\/\/brf-solutions.ch\/fr\/wp-json\/wp\/v2\/media?parent=179"}],"curies":[{"name":"wp","href":"https:\/\/api.w.org\/{rel}","templated":true}]}}