{"id":1610,"date":"2022-06-07T05:44:53","date_gmt":"2022-06-07T05:44:53","guid":{"rendered":"https:\/\/brf-solutions.ch\/?page_id=1610"},"modified":"2022-06-07T05:48:54","modified_gmt":"2022-06-07T05:48:54","slug":"armoni-montageplanung","status":"publish","type":"page","link":"https:\/\/brf-solutions.ch\/fr\/armoni-montageplanung\/","title":{"rendered":"Armoni il prog. di assemblaggio"},"content":{"rendered":"<div class=\"wp-block-cover alignfull is-light\" style=\"min-height:50px;aspect-ratio:unset;\"><span aria-hidden=\"true\" class=\"has-color-6-background-color has-background-dim-30 wp-block-cover__gradient-background has-background-dim\"><\/span><img loading=\"lazy\" decoding=\"async\" width=\"2560\" height=\"1402\" class=\"wp-block-cover__image-background wp-image-598\" alt=\"\" src=\"https:\/\/brf-solutions.ch\/wp-content\/uploads\/2022\/03\/background_armoni-scaled.jpg\" style=\"object-position:50% 61%\" data-object-fit=\"cover\" data-object-position=\"50% 61%\"\/><div class=\"wp-block-cover__inner-container is-layout-flow wp-block-cover-is-layout-flow\">\n<div style=\"height:100px\" aria-hidden=\"true\" class=\"wp-block-spacer\"><\/div>\n\n\n\n<h2 class=\"alignwide is-style-sub-title-1 has-white-color has-text-color wp-block-heading\" style=\"font-size:64px\">Armoni<br>Das Organisationstalent.<\/h2>\n\n\n\n<div style=\"height:100px\" aria-hidden=\"true\" class=\"wp-block-spacer\"><\/div>\n<\/div><\/div>\n\n\n\n<div style=\"height:40px\" aria-hidden=\"true\" class=\"wp-block-spacer\"><\/div>\n\n\n\n<p>Armoni organise vos processus internes. Les rendez-vous sont attribu\u00e9s directement depuis SAFIR. Simple, clair et modulable par glisser-d\u00e9poser. Ajoutez votre calendrier Armoni personnel \u00e0 votre calendrier e-mail et tous les rendez-vous seront visibles au m\u00eame endroit. Filtrage par diff\u00e9rents d\u00e9partements, collaborateurs, travaux, v\u00e9hicules sont quelques-unes des possibilit\u00e9s. Un aper\u00e7u des heures de montage existantes qui n'ont pas encore \u00e9t\u00e9 attribu\u00e9es en est un autre.<\/p>\n\n\n\n<div style=\"height:30px\" aria-hidden=\"true\" class=\"wp-block-spacer\"><\/div>\n\n\n\n<h2 class=\"is-style-sub-title-2 wp-block-heading\">Armoni est notre planning de montage<\/h2>\n\n\n\n<div style=\"height:30px\" aria-hidden=\"true\" class=\"wp-block-spacer\"><\/div>\n\n\n\n<p>Affichage des absences, int\u00e9gration des collaborateurs temporaires, gestion des v\u00e9hicules, tout cela fait aussi partie de l'application. La direction du montage r\u00e9partit les travaux entre les diff\u00e9rents collaborateurs, qui peuvent consulter sur l'application les missions qui leur sont attribu\u00e9es. Les travaux suppl\u00e9mentaires, les informations sur le chantier et la saisie exacte des heures sont ainsi saisis num\u00e9riquement.  Enfin, votre collaborateur fait viser les travaux par son client, num\u00e9riquement bien s\u00fbr.<br>C'est aussi simple que cela.<\/p>\n\n\n\n<div style=\"height:30px\" aria-hidden=\"true\" class=\"wp-block-spacer\"><\/div>\n\n\n\n<p><\/p>","protected":false},"excerpt":{"rendered":"<p>Armoni organisiert Ihre internen Abl\u00e4ufe. Direkt aus dem SAFIR werden Termine vergeben. Einfach, \u00fcbersichtlich und via drag and drop skalierbar. F\u00fcgen Sie ihren pers\u00f6nlichen Armoni-Kalender ihrem Email-Kalender zu und alle Termine sind an einem Ort ersichtlich. Filterung nach diversen Abteilungen, Mitarbeitern, Arbeiten, Fahrzeugen sind einige M\u00f6glichkeiten. Eine \u00dcbersicht der vorhandenen Montagestunden, welche noch nicht zugewiesen [&hellip;]<\/p>","protected":false},"author":1,"featured_media":0,"parent":0,"menu_order":0,"comment_status":"closed","ping_status":"closed","template":"","meta":{"_acf_changed":false,"footnotes":""},"class_list":["post-1610","page","type-page","status-publish","hentry"],"acf":[],"_links":{"self":[{"href":"https:\/\/brf-solutions.ch\/fr\/wp-json\/wp\/v2\/pages\/1610","targetHints":{"allow":["GET"]}}],"collection":[{"href":"https:\/\/brf-solutions.ch\/fr\/wp-json\/wp\/v2\/pages"}],"about":[{"href":"https:\/\/brf-solutions.ch\/fr\/wp-json\/wp\/v2\/types\/page"}],"author":[{"embeddable":true,"href":"https:\/\/brf-solutions.ch\/fr\/wp-json\/wp\/v2\/users\/1"}],"replies":[{"embeddable":true,"href":"https:\/\/brf-solutions.ch\/fr\/wp-json\/wp\/v2\/comments?post=1610"}],"version-history":[{"count":4,"href":"https:\/\/brf-solutions.ch\/fr\/wp-json\/wp\/v2\/pages\/1610\/revisions"}],"predecessor-version":[{"id":1619,"href":"https:\/\/brf-solutions.ch\/fr\/wp-json\/wp\/v2\/pages\/1610\/revisions\/1619"}],"wp:attachment":[{"href":"https:\/\/brf-solutions.ch\/fr\/wp-json\/wp\/v2\/media?parent=1610"}],"curies":[{"name":"wp","href":"https:\/\/api.w.org\/{rel}","templated":true}]}}