{"id":1598,"date":"2022-06-07T05:39:22","date_gmt":"2022-06-07T05:39:22","guid":{"rendered":"https:\/\/brf-solutions.ch\/?page_id=1598"},"modified":"2022-06-07T05:41:24","modified_gmt":"2022-06-07T05:41:24","slug":"lapp-di-costruzione-3d","status":"publish","type":"page","link":"https:\/\/brf-solutions.ch\/fr\/lapp-di-costruzione-3d\/","title":{"rendered":"L&#8217;app di costruzione 3D"},"content":{"rendered":"<div class=\"wp-block-cover alignfull is-light\" style=\"min-height:50px;aspect-ratio:unset;\"><span aria-hidden=\"true\" class=\"has-background-dim-30 wp-block-cover__gradient-background has-background-dim\"><\/span><img loading=\"lazy\" decoding=\"async\" width=\"2560\" height=\"1402\" class=\"wp-block-cover__image-background wp-image-599\" alt=\"\" src=\"https:\/\/brf-solutions.ch\/wp-content\/uploads\/2022\/03\/background_iris-scaled.jpg\" style=\"object-position:52% 61%\" data-object-fit=\"cover\" data-object-position=\"52% 61%\"\/><div class=\"wp-block-cover__inner-container is-layout-flow wp-block-cover-is-layout-flow\">\n<div style=\"height:100px\" aria-hidden=\"true\" class=\"wp-block-spacer\"><\/div>\n\n\n\n<h2 class=\"alignwide is-style-sub-title-1 has-white-color has-text-color wp-block-heading\" style=\"font-size:64px\">Iris <br>L'application 3D de construction<\/h2>\n\n\n\n<div style=\"height:100px\" aria-hidden=\"true\" class=\"wp-block-spacer\"><\/div>\n<\/div><\/div>\n\n\n\n<div style=\"height:40px\" aria-hidden=\"true\" class=\"wp-block-spacer\"><\/div>\n\n\n\n<p>Il existe plusieurs bons configurateurs sur le march\u00e9. Chaque produit veut vous faciliter la t\u00e2che. Le probl\u00e8me, c'est que vous avez besoin d'une interface dans votre solution ERP \u00e0 partir de chaque syst\u00e8me ind\u00e9pendant, ou que vous saisissez tout deux fois \u00e0 la main. Notre approche va plus loin. En tant que seul partenaire logiciel dans le secteur du verre, nous vous proposons une solution compl\u00e8te qui s'int\u00e8gre parfaitement. En quelques secondes, toutes vos donn\u00e9es sont d\u00e9taill\u00e9es dans SAFIR. C'est unique et cela vous permet d'\u00e9conomiser du temps et de l'argent. Iris est \u00e9galement disponible en tant que solution individuelle.<\/p>\n\n\n\n<div style=\"height:25px\" aria-hidden=\"true\" class=\"wp-block-spacer\"><\/div>\n\n\n\n<h2 class=\"is-style-sub-title-2 wp-block-heading\">Iris est l'application suisse de construction 3D pour le verre.<\/h2>\n\n\n\n<div style=\"height:25px\" aria-hidden=\"true\" class=\"wp-block-spacer\"><\/div>\n\n\n\n<p>De la prise de mesures \u00e0 la visualisation 3D en passant par la construction rapide d'un fond de cuisine, vous pouvez mener votre entreprise de vitrerie de mani\u00e8re professionnelle vers l'avenir. Et ce, \u00e9galement pour la vente. O\u00f9 votre client re\u00e7oit d\u00e9j\u00e0 une visualisation 3D de sa douche avec l'offre ? Iris est un logiciel bas\u00e9 sur le web et pr\u00e9sente donc pour vous le grand avantage de pouvoir acc\u00e9der \u00e0 vos donn\u00e9es \u00e0 tout moment et de partout, ind\u00e9pendamment de votre syst\u00e8me d'exploitation et de votre mat\u00e9riel informatique. Que ce soit sur un PC Windows au bureau, sur un MacBook \u00e0 la maison ou sur une tablette sur le chantier, Iris est toujours l\u00e0 quand vous en avez besoin. Vos donn\u00e9es importantes sont accessibles \u00e0 tout moment.<\/p>\n\n\n\n<figure class=\"wp-block-image size-large\"><img loading=\"lazy\" decoding=\"async\" width=\"1024\" height=\"483\" src=\"https:\/\/brf-solutions.ch\/wp-content\/uploads\/2022\/06\/Iris-FR.jpg\" alt=\"\" class=\"wp-image-1131\" srcset=\"https:\/\/brf-solutions.ch\/wp-content\/uploads\/2022\/06\/Iris-FR.jpg 1868w, https:\/\/brf-solutions.ch\/wp-content\/uploads\/2022\/06\/Iris-FR-300x145.jpg 300w, https:\/\/brf-solutions.ch\/wp-content\/uploads\/2022\/06\/Iris-FR-1024x494.jpg 1024w, https:\/\/brf-solutions.ch\/wp-content\/uploads\/2022\/06\/Iris-FR-768x370.jpg 768w, https:\/\/brf-solutions.ch\/wp-content\/uploads\/2022\/06\/Iris-FR-1536x741.jpg 1536w, https:\/\/brf-solutions.ch\/wp-content\/uploads\/2022\/06\/Iris-FR-18x9.jpg 18w, https:\/\/brf-solutions.ch\/wp-content\/uploads\/2022\/06\/Iris-FR-1600x772.jpg 1600w\" sizes=\"auto, (max-width: 1024px) 100vw, 1024px\" \/><\/figure>\n\n\n\n<p>L'installation sur des serveurs suisses externes, dont la maintenance est assur\u00e9e par des professionnels, permet d'\u00e9viter des co\u00fbts d'installation \u00e9lev\u00e9s dans vos bureaux. La s\u00e9curit\u00e9 de vos donn\u00e9es est \u00e9galement garantie. <\/p>\n\n\n\n<p>En cas d'acquisition de nouveau mat\u00e9riel, aucune nouvelle installation ou adaptation n'est n\u00e9cessaire en ce qui concerne Iris. Vous pouvez donc toujours acheter un nouvel ordinateur ou une nouvelle tablette, Iris vous accueillera comme toujours sur votre navigateur pr\u00e9f\u00e9r\u00e9.<\/p>\n\n\n\n<div style=\"height:25px\" aria-hidden=\"true\" class=\"wp-block-spacer\"><\/div>\n\n\n\n<h1 class=\"is-style-sub-title-2 wp-block-heading\">\u00cates-vous d\u00e9j\u00e0 pass\u00e9 \u00e0 Iris ?<\/h1>\n\n\n\n<div style=\"height:25px\" aria-hidden=\"true\" class=\"wp-block-spacer\"><\/div>\n\n\n\n<div class=\"wp-block-media-text has-media-on-the-right is-stacked-on-mobile\" style=\"grid-template-columns:auto 15%\"><figure class=\"wp-block-media-text__media\"><img decoding=\"async\" src=\"https:\/\/brf-solutions.ch\/wp-content\/uploads\/2022\/03\/dusche.svg\" alt=\"\" class=\"wp-image-227 size-full\"\/><\/figure><div class=\"wp-block-media-text__content\">\n<p><strong>Planification<\/strong><br>Lancez-vous dans la construction : fonds de cuisine, douches, installations tout verre, installations de portes, types de verre et formes libres au choix.<\/p>\n\n\n\n<p>Gain de temps pour une paroi arri\u00e8re de cuisine jusqu'\u00e0 20 min. Plus de pistes multiples. Saisir une fois dans Iris, traiter, envoyer via DWG \u00e0 la production et \u00e0 Safir pour les prix corrects et les confirmations du client.<\/p>\n<\/div><\/div>\n\n\n\n<div style=\"height:30px\" aria-hidden=\"true\" class=\"wp-block-spacer\"><\/div>\n\n\n\n<div class=\"wp-block-media-text is-stacked-on-mobile\" style=\"grid-template-columns:15% auto\"><figure class=\"wp-block-media-text__media\"><img decoding=\"async\" src=\"https:\/\/brf-solutions.ch\/wp-content\/uploads\/2022\/03\/messband.svg\" alt=\"\" class=\"wp-image-242 size-full\"\/><\/figure><div class=\"wp-block-media-text__content\">\n<p><strong>Organisation<\/strong><br>Iris ne fait pas \"que\" du verre. Gr\u00e2ce \u00e0 notre module laser unique (illustration de la prise de mesures), vous pouvez enregistrer avec pr\u00e9cision la situation r\u00e9elle et y planifier votre verre. <\/p>\n\n\n\n<p>O\u00f9 placer les photos, les indications du chantier, les coordonn\u00e9es et les notes et croquis personnels ? Dans Iris, tout est enregistr\u00e9 et class\u00e9 au m\u00eame endroit - \u00e0 savoir dans votre projet ; l\u00e0 o\u00f9 les informations doivent \u00eatre plac\u00e9es et o\u00f9 vous pouvez les retrouver.<\/p>\n<\/div><\/div>\n\n\n\n<div style=\"height:30px\" aria-hidden=\"true\" class=\"wp-block-spacer\"><\/div>\n\n\n\n<div class=\"wp-block-media-text has-media-on-the-right is-stacked-on-mobile\" style=\"grid-template-columns:auto 15%\"><figure class=\"wp-block-media-text__media\"><img decoding=\"async\" src=\"https:\/\/brf-solutions.ch\/wp-content\/uploads\/2022\/03\/login.svg\" alt=\"\" class=\"wp-image-241 size-full\"\/><\/figure><div class=\"wp-block-media-text__content\">\n<p><strong>Acc\u00e8s quand et o\u00f9 vous voulez<\/strong><\/p>\n\n\n\n<p>- Accessible via votre navigateur web 24 heures sur 24, 7 jours sur 7 dans le monde entier<br>- Aucune installation n\u00e9cessaire sur vos terminaux<br>- Fonctionne avec tous les syst\u00e8mes d'exploitation et terminaux courants<br>- Support inclus pendant les heures de bureau<br>- Pas besoin de connaissances en mat\u00e9riel, acc\u00e8s quand et o\u00f9 vous voulez<\/p>\n<\/div><\/div>\n\n\n\n<div style=\"height:30px\" aria-hidden=\"true\" class=\"wp-block-spacer\"><\/div>\n\n\n\n<div class=\"wp-block-media-text is-stacked-on-mobile\" style=\"grid-template-columns:15% auto\"><figure class=\"wp-block-media-text__media\"><img decoding=\"async\" src=\"https:\/\/brf-solutions.ch\/wp-content\/uploads\/2022\/03\/geschlossenes-schloss.svg\" alt=\"\" class=\"wp-image-233 size-full\"\/><\/figure><div class=\"wp-block-media-text__content\">\n<p><strong>S\u00e9curit\u00e9<\/strong><br>Votre s\u00e9curit\u00e9 est importante pour nous. Acc\u00e8s \"uniquement\" avec un login personnel. <br>Partagez vos projets au sein de votre entreprise avec d'autres utilisateurs.<\/p>\n<\/div><\/div>\n\n\n\n<div style=\"height:30px\" aria-hidden=\"true\" class=\"wp-block-spacer\"><\/div>\n\n\n\n<div class=\"wp-block-media-text has-media-on-the-right is-stacked-on-mobile\" style=\"grid-template-columns:auto 20%\"><figure class=\"wp-block-media-text__media\"><img decoding=\"async\" src=\"https:\/\/brf-solutions.ch\/wp-content\/uploads\/2022\/03\/sprachen.svg\" alt=\"\" class=\"wp-image-250 size-full\"\/><\/figure><div class=\"wp-block-media-text__content\">\n<p><strong>Langues<\/strong><br>Iris est actuellement disponible en allemand, fran\u00e7ais, italien et anglais. Vous pouvez changer de langue \u00e0 tout moment par un simple clic de souris. En outre, d'autres langues peuvent \u00eatre ajout\u00e9es sans probl\u00e8me.<\/p>\n<\/div><\/div>\n\n\n\n<div style=\"height:30px\" aria-hidden=\"true\" class=\"wp-block-spacer\"><\/div>\n\n\n\n<div class=\"wp-block-media-text is-stacked-on-mobile\" style=\"grid-template-columns:15% auto\"><figure class=\"wp-block-media-text__media\"><img loading=\"lazy\" decoding=\"async\" width=\"439\" height=\"350\" src=\"https:\/\/brf-solutions.ch\/wp-content\/uploads\/2022\/03\/Geld-iris.jpg\" alt=\"\" class=\"wp-image-566 size-full\" srcset=\"https:\/\/brf-solutions.ch\/wp-content\/uploads\/2022\/03\/Geld-iris.jpg 439w, https:\/\/brf-solutions.ch\/wp-content\/uploads\/2022\/03\/Geld-iris-300x239.jpg 300w, https:\/\/brf-solutions.ch\/wp-content\/uploads\/2022\/03\/Geld-iris-15x12.jpg 15w\" sizes=\"auto, (max-width: 439px) 100vw, 439px\" \/><\/figure><div class=\"wp-block-media-text__content\">\n<p><strong>Co\u00fbts<\/strong><br>Il n'est pas n\u00e9cessaire d'acheter Iris, il suffit de s'y abonner. Les co\u00fbts sont factur\u00e9s annuellement. Le configurateur a \u00e9t\u00e9 d\u00e9velopp\u00e9 sp\u00e9cifiquement pour r\u00e9pondre aux besoins de nos clients. C'est pourquoi il nous tient \u00e0 c\u0153ur d'\u00eatre \u00e9galement \u00e0 votre \u00e9coute lors de la fixation des prix. Nous nous ferons un plaisir de vous conseiller pour une offre d\u00e9taill\u00e9e.<\/p>\n<\/div><\/div>\n\n\n\n<div style=\"height:25px\" aria-hidden=\"true\" class=\"wp-block-spacer\"><\/div>","protected":false},"excerpt":{"rendered":"<p>Es gibt einige gute Konfiguratoren auf dem Markt. Jedes Produkt m\u00f6chte Ihnen die Arbeit erleichtern.&nbsp;Das Problem dabei, Sie ben\u00f6tigen von jedem unabh\u00e4ngigen System eine Schnittstelle in Ihre ERP-L\u00f6sung, oder erfassen alles doppelt von Hand. Unser Ansatz geht weiter. Als einziger Softwarepartner in der Glasbranche, bieten wir Ihnen eine Komplett-L\u00f6sung an, welche nahtlos ineinander \u00fcbergreift.&nbsp;Innert Sekunden [&hellip;]<\/p>","protected":false},"author":1,"featured_media":0,"parent":0,"menu_order":0,"comment_status":"closed","ping_status":"closed","template":"","meta":{"_acf_changed":false,"footnotes":""},"class_list":["post-1598","page","type-page","status-publish","hentry"],"acf":[],"_links":{"self":[{"href":"https:\/\/brf-solutions.ch\/fr\/wp-json\/wp\/v2\/pages\/1598","targetHints":{"allow":["GET"]}}],"collection":[{"href":"https:\/\/brf-solutions.ch\/fr\/wp-json\/wp\/v2\/pages"}],"about":[{"href":"https:\/\/brf-solutions.ch\/fr\/wp-json\/wp\/v2\/types\/page"}],"author":[{"embeddable":true,"href":"https:\/\/brf-solutions.ch\/fr\/wp-json\/wp\/v2\/users\/1"}],"replies":[{"embeddable":true,"href":"https:\/\/brf-solutions.ch\/fr\/wp-json\/wp\/v2\/comments?post=1598"}],"version-history":[{"count":1,"href":"https:\/\/brf-solutions.ch\/fr\/wp-json\/wp\/v2\/pages\/1598\/revisions"}],"predecessor-version":[{"id":1604,"href":"https:\/\/brf-solutions.ch\/fr\/wp-json\/wp\/v2\/pages\/1598\/revisions\/1604"}],"wp:attachment":[{"href":"https:\/\/brf-solutions.ch\/fr\/wp-json\/wp\/v2\/media?parent=1598"}],"curies":[{"name":"wp","href":"https:\/\/api.w.org\/{rel}","templated":true}]}}