{"id":1583,"date":"2022-06-07T05:34:29","date_gmt":"2022-06-07T05:34:29","guid":{"rendered":"https:\/\/brf-solutions.ch\/?page_id=1583"},"modified":"2022-06-07T05:35:24","modified_gmt":"2022-06-07T05:35:24","slug":"safir-erp-it","status":"publish","type":"page","link":"https:\/\/brf-solutions.ch\/fr\/safir-erp-it\/","title":{"rendered":"Safir ERP IT"},"content":{"rendered":"<div class=\"wp-block-cover alignfull is-light\" style=\"min-height:50px;aspect-ratio:unset;\"><span aria-hidden=\"true\" class=\"has-background-dim-30 wp-block-cover__gradient-background has-background-dim\"><\/span><img loading=\"lazy\" decoding=\"async\" width=\"2560\" height=\"1402\" class=\"wp-block-cover__image-background wp-image-600\" alt=\"\" src=\"https:\/\/brf-solutions.ch\/wp-content\/uploads\/2022\/03\/background_safir-1-scaled.jpg\" style=\"object-position:48% 61%\" data-object-fit=\"cover\" data-object-position=\"48% 61%\"\/><div class=\"wp-block-cover__inner-container is-layout-flow wp-block-cover-is-layout-flow\">\n<div style=\"height:100px\" aria-hidden=\"true\" class=\"wp-block-spacer\"><\/div>\n\n\n\n<h2 class=\"alignwide is-style-sub-title-1 has-white-color has-text-color wp-block-heading\" style=\"font-size:64px\">Safir <br>Logiciel du verre <\/h2>\n\n\n\n<div style=\"height:100px\" aria-hidden=\"true\" class=\"wp-block-spacer\"><\/div>\n<\/div><\/div>\n\n\n\n<div style=\"height:40px\" aria-hidden=\"true\" class=\"wp-block-spacer\"><\/div>\n\n\n\n<p>Safir est la solution ERP la plus moderne pour les vitriers dans le secteur des PME. Pas de structure modulaire. Tout ou rien. Offres, commandes, factures, processus de commande, d\u00e9biteurs et cr\u00e9anciers, ainsi que des archives int\u00e9gr\u00e9es sont standard, pour ne citer que quelques attributs. Avec Safir, vous disposez d'un outil pour optimiser vos processus quotidiens. Intuitif, sans grand effort : une valeur ajout\u00e9e efficace pour votre entreprise. D\u00e9velopp\u00e9 par des professionnels du verre pour des professionnels du verre.<\/p>\n\n\n\n<div style=\"height:25px\" aria-hidden=\"true\" class=\"wp-block-spacer\"><\/div>\n\n\n\n<h2 class=\"is-style-sub-title-2 wp-block-heading\">Safir est le logiciel suisse pour le verre<\/h2>\n\n\n\n<div style=\"height:25px\" aria-hidden=\"true\" class=\"wp-block-spacer\"><\/div>\n\n\n\n<p>Des plans pour le laquage exact, des structures de vitrage isolant d\u00e9taill\u00e9es, y compris les marches, ne sont que quelques-unes des possibilit\u00e9s. Tous les verres sont g\u00e9n\u00e9r\u00e9s de mani\u00e8re standard sous forme de plan PDF et de DXF. Ainsi, les verres peuvent \u00eatre directement envoy\u00e9s \u00e0 la production.<\/p>\n\n\n\n<div class=\"wp-block-group\"><div class=\"wp-block-group__inner-container is-layout-flow wp-block-group-is-layout-flow\">\n<figure class=\"wp-block-gallery has-nested-images columns-default is-cropped wp-block-gallery-1 is-layout-flex wp-block-gallery-is-layout-flex\">\n<figure class=\"wp-block-image size-large\"><img loading=\"lazy\" decoding=\"async\" width=\"1024\" height=\"442\" data-id=\"833\" src=\"https:\/\/brf-solutions.ch\/wp-content\/uploads\/2022\/06\/image005.png\" alt=\"\" class=\"wp-image-833\" srcset=\"https:\/\/brf-solutions.ch\/wp-content\/uploads\/2022\/06\/image005.png 1720w, https:\/\/brf-solutions.ch\/wp-content\/uploads\/2022\/06\/image005-300x125.png 300w, https:\/\/brf-solutions.ch\/wp-content\/uploads\/2022\/06\/image005-1024x427.png 1024w, https:\/\/brf-solutions.ch\/wp-content\/uploads\/2022\/06\/image005-768x320.png 768w, https:\/\/brf-solutions.ch\/wp-content\/uploads\/2022\/06\/image005-1536x640.png 1536w, https:\/\/brf-solutions.ch\/wp-content\/uploads\/2022\/06\/image005-18x8.png 18w, https:\/\/brf-solutions.ch\/wp-content\/uploads\/2022\/06\/image005-1600x667.png 1600w\" sizes=\"auto, (max-width: 1024px) 100vw, 1024px\" \/><\/figure>\n<figcaption class=\"blocks-gallery-caption\">Saisie d\u00e9taill\u00e9e des mod\u00e8les, des encoches, des traitements, des peintures, des diverses surfaces, etc.<\/figcaption><\/figure>\n<\/div><\/div>\n\n\n\n<div style=\"height:60px\" aria-hidden=\"true\" class=\"wp-block-spacer\"><\/div>\n\n\n\n<div class=\"wp-block-columns is-style-text-block is-layout-flex wp-container-core-columns-is-layout-9d6595d7 wp-block-columns-is-layout-flex\">\n<div class=\"wp-block-column is-layout-flow wp-block-column-is-layout-flow\">\n<figure class=\"wp-block-image size-full\"><img loading=\"lazy\" decoding=\"async\" width=\"240\" height=\"587\" src=\"https:\/\/brf-solutions.ch\/wp-content\/uploads\/2022\/06\/image001.png\" alt=\"\" class=\"wp-image-1121\" srcset=\"https:\/\/brf-solutions.ch\/wp-content\/uploads\/2022\/06\/image001.png 251w, https:\/\/brf-solutions.ch\/wp-content\/uploads\/2022\/06\/image001-130x300.png 130w, https:\/\/brf-solutions.ch\/wp-content\/uploads\/2022\/06\/image001-5x12.png 5w\" sizes=\"auto, (max-width: 240px) 100vw, 240px\" \/><\/figure>\n<\/div>\n\n\n\n<div class=\"wp-block-column is-layout-flow wp-block-column-is-layout-flow\">\n<p>Safir est une solution logicielle bas\u00e9e sur le web. Elle a le grand avantage de vous permettre d'acc\u00e9der \u00e0 vos donn\u00e9es \u00e0 tout moment et de n'importe o\u00f9, ind\u00e9pendamment de votre syst\u00e8me d'exploitation et de votre mat\u00e9riel. Que ce soit sur un PC Windows au bureau, sur un MacBook \u00e0 la maison ou sur une tablette sur le chantier ou chez le client. Safir est toujours l\u00e0 quand vous en avez besoin et vos donn\u00e9es importantes sont accessibles \u00e0 tout moment. Travailler \u00e0 domicile ne pose donc aucun probl\u00e8me, et ce sans connexions de bureau \u00e0 distance fastidieuses.<\/p>\n<\/div>\n\n\n\n<div class=\"wp-block-column is-layout-flow wp-block-column-is-layout-flow\">\n<p>L'installation sur nos serveurs externes, dans l'un des plus grands centres informatique suisses, permet d'\u00e9viter les frais d'acquisition et d'installation \u00e9lev\u00e9s dans votre bureau. En outre, vous n'avez plus \u00e0 vous soucier de la sauvegarde de vos donn\u00e9es. Nous nous en chargeons.<\/p>\n\n\n\n<p>Lors de l'achat de nouveau mat\u00e9riel, aucune nouvelle installation ou adaptation n'est n\u00e9cessaire en ce qui concerne Safir. Vous pouvez donc acheter un nouvel ordinateur ou une nouvelle tablette \u00e0 tout moment, Safir vous accueillera imm\u00e9diatement dans le navigateur de votre nouvel appareil.<\/p>\n<\/div>\n<\/div>\n\n\n\n<div style=\"height:25px\" aria-hidden=\"true\" class=\"wp-block-spacer\"><\/div>\n\n\n\n<h2 class=\"is-style-sub-title-2 wp-block-heading\">Vous \u00eates d\u00e9j\u00e0 pass\u00e9 \u00e0 Safir ?<\/h2>\n\n\n\n<div style=\"height:25px\" aria-hidden=\"true\" class=\"wp-block-spacer\"><\/div>\n\n\n\n<div class=\"wp-block-media-text has-media-on-the-right is-stacked-on-mobile\" style=\"grid-template-columns:auto 15%\"><figure class=\"wp-block-media-text__media\"><img decoding=\"async\" src=\"https:\/\/brf-solutions.ch\/wp-content\/uploads\/2022\/03\/buchhaltung.svg\" alt=\"\" class=\"wp-image-224 size-full\"\/><\/figure><div class=\"wp-block-media-text__content\">\n<p><strong>Gestion<\/strong><\/p>\n\n\n\n<p>G\u00e9rez vos produits, vos donn\u00e9es d'adresse et vos commandes en un seul endroit. Cr\u00e9ez diff\u00e9rents types de prix en fonction de votre client\u00e8le. Surveillez les statistiques de vente de vos diff\u00e9rents produits. Comptes cr\u00e9diteurs et comptes d\u00e9biteurs dans une gestion simple et claire.<\/p>\n<\/div><\/div>\n\n\n\n<div style=\"height:30px\" aria-hidden=\"true\" class=\"wp-block-spacer\"><\/div>\n\n\n\n<div class=\"wp-block-media-text is-stacked-on-mobile\" style=\"grid-template-columns:15% auto\"><figure class=\"wp-block-media-text__media\"><img decoding=\"async\" src=\"https:\/\/brf-solutions.ch\/wp-content\/uploads\/2022\/03\/balkendiagramm.svg\" alt=\"\" class=\"wp-image-222 size-full\"\/><\/figure><div class=\"wp-block-media-text__content\">\n<p><strong>Organisation<\/strong><\/p>\n\n\n\n<p>- Statistiques claires d\u00e9j\u00e0 sur le tableau de bord<br>- Archives de fichiers incluses, ajoutez facilement des e-mails, des photos et des plans<br>- Suivi des offres ouvertes et fixation d'un d\u00e9lai <br>- La base de donn\u00e9es centrale pour Iris, Armoni et votre boutique en ligne<\/p>\n<\/div><\/div>\n\n\n\n<div style=\"height:30px\" aria-hidden=\"true\" class=\"wp-block-spacer\"><\/div>\n\n\n\n<div class=\"wp-block-media-text has-media-on-the-right is-stacked-on-mobile\" style=\"grid-template-columns:auto 15%\"><figure class=\"wp-block-media-text__media\"><img decoding=\"async\" src=\"https:\/\/brf-solutions.ch\/wp-content\/uploads\/2022\/03\/login-3.svg\" alt=\"\" class=\"wp-image-240 size-full\"\/><\/figure><div class=\"wp-block-media-text__content\">\n<p><strong>Acc\u00e8s quand et o\u00f9 vous voulez<\/strong><\/p>\n\n\n\n<p>- Accessible via votre navigateur web 24 heures sur 24, 7 jours sur 7 dans le monde entier<br>- Aucune installation n\u00e9cessaire sur vos terminaux<br>- Fonctionne avec tous les syst\u00e8mes d'exploitation et terminaux courants<br>- Support inclus pendant les heures de bureau<br>- Pas besoin de connaissances en mat\u00e9riel, acc\u00e8s quand et o\u00f9 vous voulez<\/p>\n<\/div><\/div>\n\n\n\n<div style=\"height:30px\" aria-hidden=\"true\" class=\"wp-block-spacer\"><\/div>\n\n\n\n<div class=\"wp-block-media-text is-stacked-on-mobile\" style=\"grid-template-columns:15% auto\"><figure class=\"wp-block-media-text__media\"><img decoding=\"async\" src=\"https:\/\/brf-solutions.ch\/wp-content\/uploads\/2022\/03\/geschlossenes-schloss-3.svg\" alt=\"\" class=\"wp-image-230 size-full\"\/><\/figure><div class=\"wp-block-media-text__content\">\n<p><strong>S\u00e9curit\u00e9<\/strong><\/p>\n\n\n\n<p>Votre s\u00e9curit\u00e9 est importante pour nous. Acc\u00e8s \"uniquement\" avec un login personnel. <\/p>\n<\/div><\/div>\n\n\n\n<div style=\"height:30px\" aria-hidden=\"true\" class=\"wp-block-spacer\"><\/div>\n\n\n\n<div class=\"wp-block-media-text has-media-on-the-right is-stacked-on-mobile\" style=\"grid-template-columns:auto 15%\"><figure class=\"wp-block-media-text__media\"><img decoding=\"async\" src=\"https:\/\/brf-solutions.ch\/wp-content\/uploads\/2022\/03\/sprachen-4.svg\" alt=\"\" class=\"wp-image-248 size-full\"\/><\/figure><div class=\"wp-block-media-text__content\">\n<p><strong>Langues<\/strong><\/p>\n\n\n\n<p>Safir est actuellement disponible en allemand, fran\u00e7ais, italien et anglais. Attribuez la langue correspondante \u00e0 vos clients et fournisseurs et Safir passera automatiquement \u00e0 la langue appropri\u00e9e. Un clic de souris vous permet de changer la langue de l'utilisateur \u00e0 tout moment si n\u00e9cessaire. En outre, d'autres langues peuvent \u00eatre ajout\u00e9es sans probl\u00e8me.<\/p>\n<\/div><\/div>\n\n\n\n<div style=\"height:30px\" aria-hidden=\"true\" class=\"wp-block-spacer\"><\/div>\n\n\n\n<div class=\"wp-block-media-text is-stacked-on-mobile\" style=\"grid-template-columns:15% auto\"><figure class=\"wp-block-media-text__media\"><img loading=\"lazy\" decoding=\"async\" width=\"411\" height=\"350\" src=\"https:\/\/brf-solutions.ch\/wp-content\/uploads\/2022\/03\/Geld-safir.jpg\" alt=\"\" class=\"wp-image-565 size-full\" srcset=\"https:\/\/brf-solutions.ch\/wp-content\/uploads\/2022\/03\/Geld-safir.jpg 411w, https:\/\/brf-solutions.ch\/wp-content\/uploads\/2022\/03\/Geld-safir-300x255.jpg 300w, https:\/\/brf-solutions.ch\/wp-content\/uploads\/2022\/03\/Geld-safir-14x12.jpg 14w\" sizes=\"auto, (max-width: 411px) 100vw, 411px\" \/><\/figure><div class=\"wp-block-media-text__content\">\n<p><strong>Co\u00fbts<\/strong><br>Vous ne devez pas acheter Safir, vous vous y abonnez. Les co\u00fbts sont factur\u00e9s annuellement. Le logiciel a \u00e9t\u00e9 d\u00e9velopp\u00e9 sp\u00e9cifiquement pour r\u00e9pondre aux besoins de nos clients. C'est pourquoi il nous tient \u00e0 c\u0153ur d'\u00eatre \u00e9galement \u00e0 votre \u00e9coute lors de la fixation des prix. Nous nous ferons un plaisir de vous conseiller pour une offre d\u00e9taill\u00e9e.<\/p>\n<\/div><\/div>\n\n\n\n<div style=\"height:30px\" aria-hidden=\"true\" class=\"wp-block-spacer\"><\/div>\n\n\n\n<p><\/p>","protected":false},"excerpt":{"rendered":"<p>Safir ist die modernste ERP L\u00f6sung f\u00fcr Glasereien im KMU Bereich. Keine modulare Aufbauweise. Alles oder nichts. Angebote, Auftr\u00e4ge, Rechnungen, Bestellprozesse, Debitoren und Kreditoren, sowie integrierte Archive sind Standard, um nur einige Attribute zu nennen. Mit Safir haben Sie ein Werkzeug um Ihre Tagesprozesse zu optimieren. Intuitiv, ohne grossen Aufwand: Ein effektiver Mehrwert f\u00fcr Ihr [&hellip;]<\/p>","protected":false},"author":1,"featured_media":0,"parent":0,"menu_order":0,"comment_status":"closed","ping_status":"closed","template":"","meta":{"_acf_changed":false,"footnotes":""},"class_list":["post-1583","page","type-page","status-publish","hentry"],"acf":[],"_links":{"self":[{"href":"https:\/\/brf-solutions.ch\/fr\/wp-json\/wp\/v2\/pages\/1583","targetHints":{"allow":["GET"]}}],"collection":[{"href":"https:\/\/brf-solutions.ch\/fr\/wp-json\/wp\/v2\/pages"}],"about":[{"href":"https:\/\/brf-solutions.ch\/fr\/wp-json\/wp\/v2\/types\/page"}],"author":[{"embeddable":true,"href":"https:\/\/brf-solutions.ch\/fr\/wp-json\/wp\/v2\/users\/1"}],"replies":[{"embeddable":true,"href":"https:\/\/brf-solutions.ch\/fr\/wp-json\/wp\/v2\/comments?post=1583"}],"version-history":[{"count":1,"href":"https:\/\/brf-solutions.ch\/fr\/wp-json\/wp\/v2\/pages\/1583\/revisions"}],"predecessor-version":[{"id":1586,"href":"https:\/\/brf-solutions.ch\/fr\/wp-json\/wp\/v2\/pages\/1583\/revisions\/1586"}],"wp:attachment":[{"href":"https:\/\/brf-solutions.ch\/fr\/wp-json\/wp\/v2\/media?parent=1583"}],"curies":[{"name":"wp","href":"https:\/\/api.w.org\/{rel}","templated":true}]}}