{"id":14,"date":"2022-03-15T08:16:58","date_gmt":"2022-03-15T08:16:58","guid":{"rendered":"https:\/\/brf-solutions.ch\/?page_id=14"},"modified":"2024-10-30T13:26:23","modified_gmt":"2024-10-30T13:26:23","slug":"home","status":"publish","type":"page","link":"https:\/\/brf-solutions.ch\/fr\/","title":{"rendered":"Home"},"content":{"rendered":"<div class=\"wp-block-cover alignfull\" style=\"min-height:50px;aspect-ratio:unset;\"><span aria-hidden=\"true\" class=\"wp-block-cover__background has-background-dim-0 has-background-dim\"><\/span><img loading=\"lazy\" decoding=\"async\" width=\"2400\" height=\"1400\" class=\"wp-block-cover__image-background wp-image-33\" alt=\"\" src=\"https:\/\/brf-solutions.ch\/wp-content\/uploads\/2022\/03\/Slide2-e1647430984606.jpg\" style=\"object-position:50% 2%\" data-object-fit=\"cover\" data-object-position=\"50% 2%\"\/><div class=\"wp-block-cover__inner-container is-layout-flow wp-block-cover-is-layout-flow\">\n<div style=\"height:100px\" aria-hidden=\"true\" class=\"wp-block-spacer\"><\/div>\n\n\n\n<h2 class=\"wp-block-heading alignwide is-style-sub-title-2 has-white-color has-text-color\" style=\"font-size:64px\">Un logiciel suisse <br>pour les professionnels du verre.<\/h2>\n\n\n\n<div style=\"height:92px\" aria-hidden=\"true\" class=\"wp-block-spacer\"><\/div>\n<\/div><\/div>\n\n\n\n<div style=\"height:10px\" aria-hidden=\"true\" class=\"wp-block-spacer\"><\/div>\n\n\n\n<p class=\"is-style-default\"><\/p>\n\n\n\n<figure class=\"wp-block-embed is-type-video is-provider-youtube wp-block-embed-youtube wp-embed-aspect-16-9 wp-has-aspect-ratio\"><div class=\"wp-block-embed__wrapper\">\n<iframe loading=\"lazy\" title=\"BRF Solutions - Safir light\" width=\"500\" height=\"281\" src=\"https:\/\/www.youtube.com\/embed\/bYIpcp9gOxw?feature=oembed\" frameborder=\"0\" allow=\"accelerometer; autoplay; clipboard-write; encrypted-media; gyroscope; picture-in-picture; web-share\" referrerpolicy=\"strict-origin-when-cross-origin\" allowfullscreen><\/iframe>\n<\/div><\/figure>\n\n\n\n<div style=\"height:40px\" aria-hidden=\"true\" class=\"wp-block-spacer\"><\/div>\n\n\n\n<p>Nos produits vous facilitent le travail, et ce bien plus que vous ne le pensiez jusqu'\u00e0 pr\u00e9sent. O\u00f9 pouvez-vous encore optimiser votre entreprise ? Dans la saisie des offres, des commandes, des prises de mesures et dans la planification ? Certainement aussi dans l'optimisation du montage et des tourn\u00e9es. Est-ce aussi le cas avec votre solution : vous saisissez un produit et il est automatiquement adapt\u00e9 dans tous les programmes ajout\u00e9s ? Il est plus probable que de nouveaux programmes aient \u00e9t\u00e9 ajout\u00e9s au fil des ann\u00e9es. Les op\u00e9rations sont saisies \u00e0 la main, notamment dans des listes Excel, sans v\u00e9ritable contr\u00f4le ni garantie que tout a \u00e9t\u00e9 saisi. La plupart du temps, il n'y a pas d'interfaces fonctionnelles ou la programmation pour les rendre utilisables co\u00fbte une somme d'argent colossale. C'est pourquoi vous avez laiss\u00e9 tomber jusqu'\u00e0 pr\u00e9sent ?&nbsp;<\/p>\n\n\n\n<div style=\"height:50px\" aria-hidden=\"true\" class=\"wp-block-spacer\"><\/div>\n\n\n\n<h2 class=\"wp-block-heading is-style-sub-title-3\">Laissez le pass\u00e9 derri\u00e8re vous - lancez-vous dans l'avenir, maintenant !  <br>                                                                                                                                                        D'ailleurs, nous communiquons d'\u00e9gal \u00e0 \u00e9gal... <\/h2>\n\n\n\n<div style=\"height:50px\" aria-hidden=\"true\" class=\"wp-block-spacer\"><\/div>\n\n\n\n<div class=\"wp-block-columns is-layout-flex wp-container-core-columns-is-layout-9d6595d7 wp-block-columns-is-layout-flex\">\n<div class=\"wp-block-column is-vertically-aligned-top is-layout-flow wp-block-column-is-layout-flow\">\n<h2 class=\"wp-block-heading is-style-sub-title-3\">Vos anvantages<\/h2>\n\n\n\n<p>Tous nos produits sont en ligne. Il n'y a plus d'installations fixes sur votre serveur, vos terminaux ou votre cloud. Vous vous connectez l\u00e0 o\u00f9 vous vous trouvez, quel que soit l'appareil sur lequel vous travaillez. Nos produits sont ind\u00e9pendants. Pas de mises \u00e0 jour co\u00fbteuses. Nous nous en chargeons en arri\u00e8re-plan. Vous utilisez votre temps pr\u00e9cieux pour vos clients et votre entreprise.<\/p>\n<\/div>\n\n\n\n<div class=\"wp-block-column is-layout-flow wp-block-column-is-layout-flow\">\n<h2 class=\"wp-block-heading is-style-sub-title-3\">Nos solutions<\/h2>\n\n\n\n<p>Notre objectif est de trouver les meilleures solutions. Nous associons les gadgets les plus r\u00e9cents \u00e0 nos produits. En tant que client, vous en profitez pleinement, et ce depuis plus de 19 ans. Logiciels, verre, ferrures : C'est notre passion. Nous savons de quoi nous parlons et de quoi nous agissons. Mettez-nous au d\u00e9fi.<\/p>\n<\/div>\n\n\n\n<div class=\"wp-block-column is-layout-flow wp-block-column-is-layout-flow\">\n<h2 class=\"wp-block-heading is-style-sub-title-3\">L'union fait la force<\/h2>\n\n\n\n<p>Vous \u00eates un professionnel dans votre domaine. Vous investissez dans de nouvelles machines, dans des v\u00e9hicules et dans des techniques de levage. Vous disposez d'un personnel parfaitement form\u00e9 et d'une superbe exposition. De l'ext\u00e9rieur, vous \u00eates per\u00e7u comme une entreprise moderne. Il est temps de mettre cela en pratique sur le plan num\u00e9rique. Comme ce serait bien s'il existait une solution compl\u00e8te qui r\u00e9unisse la plupart des fonctions et des programmes et qui soit \u00e9galement abordable. Nous l'avons, cette solution !<\/p>\n<\/div>\n<\/div>\n\n\n\n<div style=\"height:50px\" aria-hidden=\"true\" class=\"wp-block-spacer\"><\/div>\n\n\n\n<div class=\"wp-block-columns is-layout-flex wp-container-core-columns-is-layout-9d6595d7 wp-block-columns-is-layout-flex\">\n<div class=\"wp-block-column is-layout-flow wp-block-column-is-layout-flow\" style=\"flex-basis:100%\">\n<div class=\"wp-block-columns is-layout-flex wp-container-core-columns-is-layout-9d6595d7 wp-block-columns-is-layout-flex\">\n<div class=\"wp-block-column is-layout-flow wp-block-column-is-layout-flow\" style=\"flex-basis:100%\">\n<div class=\"wp-block-columns is-layout-flex wp-container-core-columns-is-layout-9d6595d7 wp-block-columns-is-layout-flex\">\n<div class=\"wp-block-column is-layout-flow wp-block-column-is-layout-flow\">\n<h3 class=\"wp-block-heading is-style-sub-title-3\">Que ce soit dans l'application de construction Iris 3D, dans l'ERP Safir, dans le planning de montage Armoni ou sur votre boutique en ligne, toutes les solutions fonctionnent comme une horloge et s'imbriquent les unes dans les autres. C'est ce que repr\u00e9sente BRF Solutions.<\/h3>\n\n\n\n<h3 class=\"wp-block-heading is-style-sub-title-3\">Un logiciel suisse pour les professionnels du verre.<\/h3>\n<\/div>\n\n\n\n<div class=\"wp-block-column is-layout-flow wp-block-column-is-layout-flow\">\n<p>En tant qu'utilisateur de divers programmes, vous n'avez \"qu'un\" objectif : vous voulez quelque chose de simple et d'efficace. Le logiciel doit vous \u00e9pargner du travail et ne pas g\u00e9n\u00e9rer plus de d\u00e9penses. Dans l'id\u00e9al, il doit m\u00eame \u00e9liminer les erreurs. Mais malheureusement, ce n'est pas le cas de la plupart des solutions. Cela co\u00fbte du temps, des nerfs et beaucoup d'argent. Des mises \u00e0 jour co\u00fbteuses, de nouveaux serveurs et des sauvegardes de donn\u00e9es, emp\u00eachent souvent l'envie de faire quelque chose de nouveau. Or, vous devriez consacrer ces ressources \u00e0 vos clients et \u00e0 vos produits. C'est l\u00e0 notre force, c'est l\u00e0 que nous vous soutenons !<\/p>\n<\/div>\n<\/div>\n<\/div>\n<\/div>\n<\/div>\n<\/div>\n\n\n\n<p><\/p>","protected":false},"excerpt":{"rendered":"<p>Unsere Produkte erleichtern Ihnen die Arbeit und das mehr, als Sie bisher ahnten.&nbsp;Wo k\u00f6nnen Sie Ihren Betrieb noch optimieren?&nbsp;Bei der Erfassung von Angeboten, Auftr\u00e4gen, Massaufnahmen und in der Planung? Sicher auch in der Montage- und Tourenoptimierung.&nbsp;Ist es bei Ihrer L\u00f6sung auch so, Sie erfassen ein Produkt und in allen angef\u00fcgten Programmen wird es automatisch&nbsp;angepasst? Wahrscheinlicher [&hellip;]<\/p>","protected":false},"author":1,"featured_media":0,"parent":0,"menu_order":0,"comment_status":"closed","ping_status":"closed","template":"","meta":{"_acf_changed":false,"footnotes":""},"class_list":["post-14","page","type-page","status-publish","hentry"],"acf":[],"_links":{"self":[{"href":"https:\/\/brf-solutions.ch\/fr\/wp-json\/wp\/v2\/pages\/14","targetHints":{"allow":["GET"]}}],"collection":[{"href":"https:\/\/brf-solutions.ch\/fr\/wp-json\/wp\/v2\/pages"}],"about":[{"href":"https:\/\/brf-solutions.ch\/fr\/wp-json\/wp\/v2\/types\/page"}],"author":[{"embeddable":true,"href":"https:\/\/brf-solutions.ch\/fr\/wp-json\/wp\/v2\/users\/1"}],"replies":[{"embeddable":true,"href":"https:\/\/brf-solutions.ch\/fr\/wp-json\/wp\/v2\/comments?post=14"}],"version-history":[{"count":106,"href":"https:\/\/brf-solutions.ch\/fr\/wp-json\/wp\/v2\/pages\/14\/revisions"}],"predecessor-version":[{"id":1849,"href":"https:\/\/brf-solutions.ch\/fr\/wp-json\/wp\/v2\/pages\/14\/revisions\/1849"}],"wp:attachment":[{"href":"https:\/\/brf-solutions.ch\/fr\/wp-json\/wp\/v2\/media?parent=14"}],"curies":[{"name":"wp","href":"https:\/\/api.w.org\/{rel}","templated":true}]}}