{"id":83,"date":"2022-03-15T09:47:34","date_gmt":"2022-03-15T09:47:34","guid":{"rendered":"https:\/\/brf-solutions.ch\/?page_id=83"},"modified":"2022-04-03T13:06:16","modified_gmt":"2022-04-03T13:06:16","slug":"webshops","status":"publish","type":"page","link":"https:\/\/brf-solutions.ch\/en\/webshops\/","title":{"rendered":"Onlineshops"},"content":{"rendered":"<div class=\"wp-block-cover alignfull\" style=\"min-height:414px;aspect-ratio:unset;\"><span aria-hidden=\"true\" class=\"has-background-dim-20 wp-block-cover__gradient-background has-background-dim\"><\/span><img loading=\"lazy\" decoding=\"async\" width=\"2560\" height=\"1221\" class=\"wp-block-cover__image-background wp-image-607\" alt=\"\" src=\"https:\/\/brf-solutions.ch\/wp-content\/uploads\/2022\/03\/iStock-1206800961-scaled.jpg\" style=\"object-position:51% 16%\" data-object-fit=\"cover\" data-object-position=\"51% 16%\" srcset=\"https:\/\/brf-solutions.ch\/wp-content\/uploads\/2022\/03\/iStock-1206800961-scaled.jpg 2560w, https:\/\/brf-solutions.ch\/wp-content\/uploads\/2022\/03\/iStock-1206800961-300x143.jpg 300w, https:\/\/brf-solutions.ch\/wp-content\/uploads\/2022\/03\/iStock-1206800961-1024x489.jpg 1024w, https:\/\/brf-solutions.ch\/wp-content\/uploads\/2022\/03\/iStock-1206800961-768x366.jpg 768w, https:\/\/brf-solutions.ch\/wp-content\/uploads\/2022\/03\/iStock-1206800961-1536x733.jpg 1536w, https:\/\/brf-solutions.ch\/wp-content\/uploads\/2022\/03\/iStock-1206800961-2048x977.jpg 2048w, https:\/\/brf-solutions.ch\/wp-content\/uploads\/2022\/03\/iStock-1206800961-18x9.jpg 18w, https:\/\/brf-solutions.ch\/wp-content\/uploads\/2022\/03\/iStock-1206800961-1600x763.jpg 1600w\" sizes=\"auto, (max-width: 2560px) 100vw, 2560px\" \/><div class=\"wp-block-cover__inner-container is-layout-flow wp-block-cover-is-layout-flow\">\n<div style=\"height:100px\" aria-hidden=\"true\" class=\"wp-block-spacer\"><\/div>\n\n\n\n<h2 class=\"alignwide is-style-sub-title-1 has-white-color has-text-color wp-block-heading\" style=\"font-size:64px\">Sell now <br>and everywhere<\/h2>\n\n\n\n<div style=\"height:100px\" aria-hidden=\"true\" class=\"wp-block-spacer\"><\/div>\n<\/div><\/div>\n\n\n\n<div style=\"height:40px\" aria-hidden=\"true\" class=\"wp-block-spacer\"><\/div>\n\n\n\n<p>You\u2019ve got good products and you could sell more. Yet you don\u2019t have the right tools for that? An online shop from us doesn\u2019t only bring you a new selling channel.If you also use our solution ERP, everything comes one after another. The order is automatically input in the ERP-Safir system. The internal production flow can start. Only one channel left for the input. <br>Does that sound good? Then you've come to the right place.<\/p>\n\n\n\n<div style=\"height:25px\" aria-hidden=\"true\" class=\"wp-block-spacer\"><\/div>\n\n\n\n<h2 class=\"is-style-sub-title-3 wp-block-heading\">We help you to sell your goods online. We display an online shop fitted to your firm so that you can leave your selling service constantly open.<\/h2>\n\n\n\n<div style=\"height:25px\" aria-hidden=\"true\" class=\"wp-block-spacer\"><\/div>\n\n\n\n<p>You don't need an online shop now but would like to give your old homepage a new shine. We create a contemporary and user-friendly website for you.<\/p>\n\n\n\n<div style=\"height:60px\" aria-hidden=\"true\" class=\"wp-block-spacer\"><\/div>\n\n\n\n<div class=\"wp-block-media-text is-stacked-on-mobile\" style=\"grid-template-columns:15% auto\"><figure class=\"wp-block-media-text__media\"><img decoding=\"async\" src=\"https:\/\/brf-solutions.ch\/wp-content\/uploads\/2022\/03\/warenkorb-leere-seitenansicht.svg\" alt=\"\" class=\"wp-image-251 size-full\"\/><\/figure><div class=\"wp-block-media-text__content\">\n<p><strong>E-commerce and online discounts<\/strong><\/p>\n\n\n\n<p>You tell us what you want and we\u2019re exactly making your online shop which meets your needs.<\/p>\n\n\n\n<p>Discounts allow you to stimulate your business. Do discount prices, set the duration, the minimum value purchase and many things.<\/p>\n<\/div><\/div>\n\n\n\n<div style=\"height:25px\" aria-hidden=\"true\" class=\"wp-block-spacer\"><\/div>\n\n\n\n<div class=\"wp-block-media-text has-media-on-the-right is-stacked-on-mobile\" style=\"grid-template-columns:auto 15%\"><figure class=\"wp-block-media-text__media\"><img loading=\"lazy\" decoding=\"async\" width=\"668\" height=\"506\" src=\"https:\/\/brf-solutions.ch\/wp-content\/uploads\/2022\/03\/Mail.jpg\" alt=\"\" class=\"wp-image-583 size-full\" srcset=\"https:\/\/brf-solutions.ch\/wp-content\/uploads\/2022\/03\/Mail.jpg 668w, https:\/\/brf-solutions.ch\/wp-content\/uploads\/2022\/03\/Mail-300x227.jpg 300w, https:\/\/brf-solutions.ch\/wp-content\/uploads\/2022\/03\/Mail-16x12.jpg 16w\" sizes=\"auto, (max-width: 668px) 100vw, 668px\" \/><\/figure><div class=\"wp-block-media-text__content\">\n<p><strong>Everything is under control<\/strong><\/p>\n\n\n\n<p>It's nice when your online shop is up and running and one order after the other comes in. But this doesn't cause you any extra work, because you receive an automatic confirmation email and always know what has just been sold. This way you have everything under control.<\/p>\n<\/div><\/div>\n\n\n\n<div style=\"height:25px\" aria-hidden=\"true\" class=\"wp-block-spacer\"><\/div>\n\n\n\n<div class=\"wp-block-media-text is-stacked-on-mobile\" style=\"grid-template-columns:15% auto\"><figure class=\"wp-block-media-text__media\"><img loading=\"lazy\" decoding=\"async\" width=\"702\" height=\"508\" src=\"https:\/\/brf-solutions.ch\/wp-content\/uploads\/2022\/03\/Responsible.jpg\" alt=\"\" class=\"wp-image-585 size-full\" srcset=\"https:\/\/brf-solutions.ch\/wp-content\/uploads\/2022\/03\/Responsible.jpg 702w, https:\/\/brf-solutions.ch\/wp-content\/uploads\/2022\/03\/Responsible-300x217.jpg 300w, https:\/\/brf-solutions.ch\/wp-content\/uploads\/2022\/03\/Responsible-18x12.jpg 18w\" sizes=\"auto, (max-width: 702px) 100vw, 702px\" \/><\/figure><div class=\"wp-block-media-text__content\">\n<p><strong>Responsible design<\/strong><\/p>\n\n\n\n<p>There\u2019s nothing more annoying than seeing that your design is not displayed properly for the customer on a cellphone or a pad. We ensure that there is a professional aspect on each device.<\/p>\n<\/div><\/div>\n\n\n\n<div style=\"height:25px\" aria-hidden=\"true\" class=\"wp-block-spacer\"><\/div>\n\n\n\n<div class=\"wp-block-media-text has-media-on-the-right is-stacked-on-mobile\" style=\"grid-template-columns:auto 15%\"><figure class=\"wp-block-media-text__media\"><img decoding=\"async\" src=\"https:\/\/brf-solutions.ch\/wp-content\/uploads\/2022\/03\/google-symbol.svg\" alt=\"\" class=\"wp-image-234 size-full\"\/><\/figure><div class=\"wp-block-media-text__content\">\n<p><strong>Optimized for Google<\/strong><\/p>\n\n\n\n<p>SEO optimization is essential for all online shops and you will always be able to see how many people visited your online shop.<\/p>\n<\/div><\/div>\n\n\n\n<div style=\"height:25px\" aria-hidden=\"true\" class=\"wp-block-spacer\"><\/div>","protected":false},"excerpt":{"rendered":"<p>Sie haben tolle Produkte und k\u00f6nnten noch mehr davon absetzen. Jedoch fehlt Ihnen das richtige Werkzeug dazu? Eine Onlineshop-L\u00f6sung von uns bringt Ihnen nicht nur einen neuen Absatzkanal dazu.&nbsp;Wenn Sie noch unsere ERP-L\u00f6sung in der Anwendung haben, gleitet alles nahtlos ineinander \u00fcber. Die Bestellung wird automatisch im ERP-Safir erfasst. Der interne Produktionsfluss kann starten. Keine [&hellip;]<\/p>","protected":false},"author":1,"featured_media":0,"parent":0,"menu_order":0,"comment_status":"closed","ping_status":"closed","template":"","meta":{"_acf_changed":false,"footnotes":""},"class_list":["post-83","page","type-page","status-publish","hentry"],"acf":[],"_links":{"self":[{"href":"https:\/\/brf-solutions.ch\/en\/wp-json\/wp\/v2\/pages\/83","targetHints":{"allow":["GET"]}}],"collection":[{"href":"https:\/\/brf-solutions.ch\/en\/wp-json\/wp\/v2\/pages"}],"about":[{"href":"https:\/\/brf-solutions.ch\/en\/wp-json\/wp\/v2\/types\/page"}],"author":[{"embeddable":true,"href":"https:\/\/brf-solutions.ch\/en\/wp-json\/wp\/v2\/users\/1"}],"replies":[{"embeddable":true,"href":"https:\/\/brf-solutions.ch\/en\/wp-json\/wp\/v2\/comments?post=83"}],"version-history":[{"count":37,"href":"https:\/\/brf-solutions.ch\/en\/wp-json\/wp\/v2\/pages\/83\/revisions"}],"predecessor-version":[{"id":1507,"href":"https:\/\/brf-solutions.ch\/en\/wp-json\/wp\/v2\/pages\/83\/revisions\/1507"}],"wp:attachment":[{"href":"https:\/\/brf-solutions.ch\/en\/wp-json\/wp\/v2\/media?parent=83"}],"curies":[{"name":"wp","href":"https:\/\/api.w.org\/{rel}","templated":true}]}}