{"id":80,"date":"2022-03-15T09:47:14","date_gmt":"2022-03-15T09:47:14","guid":{"rendered":"https:\/\/brf-solutions.ch\/?page_id=80"},"modified":"2022-04-03T13:02:58","modified_gmt":"2022-04-03T13:02:58","slug":"armoni-montagetool","status":"publish","type":"page","link":"https:\/\/brf-solutions.ch\/en\/armoni-montagetool\/","title":{"rendered":"Armoni set-up planning"},"content":{"rendered":"<div class=\"wp-block-cover alignfull is-light\" style=\"min-height:50px;aspect-ratio:unset;\"><span aria-hidden=\"true\" class=\"has-color-6-background-color has-background-dim-30 wp-block-cover__gradient-background has-background-dim\"><\/span><img loading=\"lazy\" decoding=\"async\" width=\"2560\" height=\"1402\" class=\"wp-block-cover__image-background wp-image-598\" alt=\"\" src=\"https:\/\/brf-solutions.ch\/wp-content\/uploads\/2022\/03\/background_armoni-scaled.jpg\" style=\"object-position:50% 61%\" data-object-fit=\"cover\" data-object-position=\"50% 61%\"\/><div class=\"wp-block-cover__inner-container is-layout-flow wp-block-cover-is-layout-flow\">\n<div style=\"height:100px\" aria-hidden=\"true\" class=\"wp-block-spacer\"><\/div>\n\n\n\n<h2 class=\"alignwide is-style-sub-title-1 has-white-color has-text-color wp-block-heading\" style=\"font-size:64px\">Armoni<br>The organizational talent<\/h2>\n\n\n\n<div style=\"height:100px\" aria-hidden=\"true\" class=\"wp-block-spacer\"><\/div>\n<\/div><\/div>\n\n\n\n<div style=\"height:40px\" aria-hidden=\"true\" class=\"wp-block-spacer\"><\/div>\n\n\n\n<p>Armoni organizes your internal processes. The appointments are directly taken from the SAFIR. Simple, clear and flexible by drag and drop. Adapt your personal calendar Armoni to an email schedule and all the appointments can be spotted at the same place. Filter by different delivering tours, partners, work, vehicles are among possibilities. A view of set-up hours which have not been dispatched yet belong to selection too.<\/p>\n\n\n\n<div style=\"height:30px\" aria-hidden=\"true\" class=\"wp-block-spacer\"><\/div>\n\n\n\n<h2 class=\"is-style-sub-title-2 wp-block-heading\">Armoni is our set-up planning<\/h2>\n\n\n\n<div style=\"height:30px\" aria-hidden=\"true\" class=\"wp-block-spacer\"><\/div>\n\n\n\n<p>Absences display, temporary partners integration, vehicles management, are part of the app. The set-up management dispatches the amount of work between the different partners who can see on the app the assignments they are assigned to. Extra work, news concerning the worksite and the accurate hours are thus digitally input. Eventually, your partner has his work checked digitally by his customer.<br>It's as easy as pie!<\/p>\n\n\n\n<div style=\"height:30px\" aria-hidden=\"true\" class=\"wp-block-spacer\"><\/div>\n\n\n\n<p><\/p>","protected":false},"excerpt":{"rendered":"<p>Armoni organisiert Ihre internen Abl\u00e4ufe. Direkt aus dem SAFIR werden Termine vergeben. Einfach, \u00fcbersichtlich und via drag and drop skalierbar. F\u00fcgen Sie ihren pers\u00f6nlichen Armoni-Kalender ihrem Email-Kalender zu und alle Termine sind an einem Ort ersichtlich. Filterung nach diversen Abteilungen, Mitarbeitern, Arbeiten, Fahrzeugen sind einige M\u00f6glichkeiten. Eine \u00dcbersicht der vorhandenen Montagestunden, welche noch nicht zugewiesen [&hellip;]<\/p>","protected":false},"author":1,"featured_media":0,"parent":0,"menu_order":0,"comment_status":"closed","ping_status":"closed","template":"","meta":{"_acf_changed":false,"footnotes":""},"class_list":["post-80","page","type-page","status-publish","hentry"],"acf":[],"_links":{"self":[{"href":"https:\/\/brf-solutions.ch\/en\/wp-json\/wp\/v2\/pages\/80","targetHints":{"allow":["GET"]}}],"collection":[{"href":"https:\/\/brf-solutions.ch\/en\/wp-json\/wp\/v2\/pages"}],"about":[{"href":"https:\/\/brf-solutions.ch\/en\/wp-json\/wp\/v2\/types\/page"}],"author":[{"embeddable":true,"href":"https:\/\/brf-solutions.ch\/en\/wp-json\/wp\/v2\/users\/1"}],"replies":[{"embeddable":true,"href":"https:\/\/brf-solutions.ch\/en\/wp-json\/wp\/v2\/comments?post=80"}],"version-history":[{"count":44,"href":"https:\/\/brf-solutions.ch\/en\/wp-json\/wp\/v2\/pages\/80\/revisions"}],"predecessor-version":[{"id":1503,"href":"https:\/\/brf-solutions.ch\/en\/wp-json\/wp\/v2\/pages\/80\/revisions\/1503"}],"wp:attachment":[{"href":"https:\/\/brf-solutions.ch\/en\/wp-json\/wp\/v2\/media?parent=80"}],"curies":[{"name":"wp","href":"https:\/\/api.w.org\/{rel}","templated":true}]}}