{"id":467,"date":"2022-03-16T15:56:01","date_gmt":"2022-03-16T15:56:01","guid":{"rendered":"https:\/\/brf-solutions.ch\/?page_id=467"},"modified":"2024-09-17T07:05:46","modified_gmt":"2024-09-17T07:05:46","slug":"jobs","status":"publish","type":"page","link":"https:\/\/brf-solutions.ch\/en\/jobs\/","title":{"rendered":"Distribution Partner \/ Jobs"},"content":{"rendered":"<div class=\"wp-block-cover alignfull\" style=\"min-height:414px;aspect-ratio:unset;\"><span aria-hidden=\"true\" class=\"wp-block-cover__background has-background-dim-30 has-background-dim\"><\/span><img loading=\"lazy\" decoding=\"async\" width=\"2560\" height=\"1216\" class=\"wp-block-cover__image-background wp-image-615\" alt=\"\" src=\"https:\/\/brf-solutions.ch\/wp-content\/uploads\/2022\/03\/iStock-1250160201-scaled.jpg\" style=\"object-position:48% 37%\" data-object-fit=\"cover\" data-object-position=\"48% 37%\" srcset=\"https:\/\/brf-solutions.ch\/wp-content\/uploads\/2022\/03\/iStock-1250160201-scaled.jpg 2560w, https:\/\/brf-solutions.ch\/wp-content\/uploads\/2022\/03\/iStock-1250160201-300x142.jpg 300w, https:\/\/brf-solutions.ch\/wp-content\/uploads\/2022\/03\/iStock-1250160201-1024x486.jpg 1024w, https:\/\/brf-solutions.ch\/wp-content\/uploads\/2022\/03\/iStock-1250160201-768x365.jpg 768w, https:\/\/brf-solutions.ch\/wp-content\/uploads\/2022\/03\/iStock-1250160201-1536x729.jpg 1536w, https:\/\/brf-solutions.ch\/wp-content\/uploads\/2022\/03\/iStock-1250160201-2048x973.jpg 2048w, https:\/\/brf-solutions.ch\/wp-content\/uploads\/2022\/03\/iStock-1250160201-18x9.jpg 18w, https:\/\/brf-solutions.ch\/wp-content\/uploads\/2022\/03\/iStock-1250160201-1600x760.jpg 1600w\" sizes=\"auto, (max-width: 2560px) 100vw, 2560px\" \/><div class=\"wp-block-cover__inner-container is-layout-flow wp-block-cover-is-layout-flow\">\n<div style=\"height:100px\" aria-hidden=\"true\" class=\"wp-block-spacer\"><\/div>\n\n\n\n<p><\/p>\n\n\n\n<p><\/p>\n\n\n\n<p><\/p>\n\n\n\n<h2 class=\"wp-block-heading alignwide is-style-sub-title-1 has-white-color has-text-color\" style=\"font-size:64px\">Distribution Partner <br>Jobs<\/h2>\n\n\n\n<div style=\"height:100px\" aria-hidden=\"true\" class=\"wp-block-spacer\"><\/div>\n<\/div><\/div>\n\n\n\n<div style=\"height:40px\" aria-hidden=\"true\" class=\"wp-block-spacer\"><\/div>\n\n\n\n<p>Are you ready to take a big step into the future? We are.<\/p>\n\n\n\n<p>Wir sind Enthusiasten, Informatiker, Entwickler, Vision\u00e4re, Macher, Glas- und Beschlagprofis. Seit \u00fcber 20 Jahren ist jeder auf seinem Terrain ein Experte. Und gerade dies macht uns aus. Wir entdecken jeden Tag Neues und m\u00f6chten dies unseren Kunden weitergeben.&nbsp;Somit profitieren unsere Kunden zu 100%.<\/p>\n\n\n\n<p><\/p>\n\n\n\n<p><strong>We are looking for distribution partners in Germany, Austria, France and Italy: you work in the glass field as a manager computer scientist? Are you interested in the launching of our new products on the market and by its sales representation? You\u2019ve got the right address. <\/strong><br><strong>Join us, we're looking forward to meeting you!<\/strong><\/p>\n\n\n\n<div style=\"height:60px\" aria-hidden=\"true\" class=\"wp-block-spacer\"><\/div>\n\n\n\n<div class=\"wp-block-columns is-layout-flex wp-container-core-columns-is-layout-9d6595d7 wp-block-columns-is-layout-flex\">\n<div class=\"wp-block-column is-layout-flow wp-block-column-is-layout-flow\">\n<h2 class=\"wp-block-heading is-style-sub-title-2\">Headquarter<\/h2>\n\n\n\n<p><strong>BRF Solutions GmbH<\/strong><br>Moosmattstrasse 14<br>CH \u2013 4304 Giebenach<\/p>\n\n\n\n<p>FR Tel:&nbsp;<a href=\"callto:+41435354433\"><\/a><a href=\"callto:+41618162018\">+41 61 816 20 18<\/a><br>info@brf-solutions.ch<\/p>\n<\/div>\n\n\n\n<div class=\"wp-block-column is-layout-flow wp-block-column-is-layout-flow\">\n<h2 class=\"wp-block-heading is-style-sub-title-2\">Office Zurich<\/h2>\n\n\n\n<p><strong>BRF Solutions GmbH<\/strong><br>Imbisb\u00fchlsteig 7<br>CH \u2013 8049 Z\u00fcrich<\/p>\n\n\n\n<p>DE Tel:&nbsp;<a href=\"callto:+41435354433\">+41 43 535 44 33<\/a><br>info@brf-solutions.ch<\/p>\n<\/div>\n<\/div>\n\n\n\n<div class=\"wp-block-columns is-layout-flex wp-container-core-columns-is-layout-9d6595d7 wp-block-columns-is-layout-flex\">\n<div class=\"wp-block-column is-layout-flow wp-block-column-is-layout-flow\"><\/div>\n\n\n\n<div class=\"wp-block-column is-layout-flow wp-block-column-is-layout-flow\"><\/div>\n<\/div>\n\n\n\n<div style=\"height:25px\" aria-hidden=\"true\" class=\"wp-block-spacer\"><\/div>","protected":false},"excerpt":{"rendered":"<p>Sind Sie bereit f\u00fcr einen grossen Schritt in die Zukunft? Wir sind es. Wir sind Enthusiasten, Informatiker, Entwickler, Vision\u00e4re, Macher, Glas- und Beschlagprofis. Seit \u00fcber 20 Jahren ist jeder auf seinem Terrain ein Experte. Und gerade dies macht uns aus. Wir entdecken jeden Tag Neues und m\u00f6chten dies unseren Kunden weitergeben.&nbsp;Somit profitieren unsere Kunden zu [&hellip;]<\/p>","protected":false},"author":1,"featured_media":0,"parent":0,"menu_order":0,"comment_status":"closed","ping_status":"closed","template":"","meta":{"_acf_changed":false,"footnotes":""},"class_list":["post-467","page","type-page","status-publish","hentry"],"acf":[],"_links":{"self":[{"href":"https:\/\/brf-solutions.ch\/en\/wp-json\/wp\/v2\/pages\/467","targetHints":{"allow":["GET"]}}],"collection":[{"href":"https:\/\/brf-solutions.ch\/en\/wp-json\/wp\/v2\/pages"}],"about":[{"href":"https:\/\/brf-solutions.ch\/en\/wp-json\/wp\/v2\/types\/page"}],"author":[{"embeddable":true,"href":"https:\/\/brf-solutions.ch\/en\/wp-json\/wp\/v2\/users\/1"}],"replies":[{"embeddable":true,"href":"https:\/\/brf-solutions.ch\/en\/wp-json\/wp\/v2\/comments?post=467"}],"version-history":[{"count":27,"href":"https:\/\/brf-solutions.ch\/en\/wp-json\/wp\/v2\/pages\/467\/revisions"}],"predecessor-version":[{"id":1843,"href":"https:\/\/brf-solutions.ch\/en\/wp-json\/wp\/v2\/pages\/467\/revisions\/1843"}],"wp:attachment":[{"href":"https:\/\/brf-solutions.ch\/en\/wp-json\/wp\/v2\/media?parent=467"}],"curies":[{"name":"wp","href":"https:\/\/api.w.org\/{rel}","templated":true}]}}