{"id":1598,"date":"2022-06-07T05:39:22","date_gmt":"2022-06-07T05:39:22","guid":{"rendered":"https:\/\/brf-solutions.ch\/?page_id=1598"},"modified":"2022-06-07T05:41:24","modified_gmt":"2022-06-07T05:41:24","slug":"lapp-di-costruzione-3d","status":"publish","type":"page","link":"https:\/\/brf-solutions.ch\/en\/lapp-di-costruzione-3d\/","title":{"rendered":"L&#8217;app di costruzione 3D"},"content":{"rendered":"<div class=\"wp-block-cover alignfull is-light\" style=\"min-height:50px;aspect-ratio:unset;\"><span aria-hidden=\"true\" class=\"has-background-dim-30 wp-block-cover__gradient-background has-background-dim\"><\/span><img loading=\"lazy\" decoding=\"async\" width=\"2560\" height=\"1402\" class=\"wp-block-cover__image-background wp-image-599\" alt=\"\" src=\"https:\/\/brf-solutions.ch\/wp-content\/uploads\/2022\/03\/background_iris-scaled.jpg\" style=\"object-position:52% 61%\" data-object-fit=\"cover\" data-object-position=\"52% 61%\"\/><div class=\"wp-block-cover__inner-container is-layout-flow wp-block-cover-is-layout-flow\">\n<div style=\"height:100px\" aria-hidden=\"true\" class=\"wp-block-spacer\"><\/div>\n\n\n\n<h2 class=\"alignwide is-style-sub-title-1 has-white-color has-text-color wp-block-heading\" style=\"font-size:64px\">Iris <br>Iris 3D design app for glass construction<\/h2>\n\n\n\n<div style=\"height:100px\" aria-hidden=\"true\" class=\"wp-block-spacer\"><\/div>\n<\/div><\/div>\n\n\n\n<div style=\"height:40px\" aria-hidden=\"true\" class=\"wp-block-spacer\"><\/div>\n\n\n\n<p>There are many configurators on the market. Each product wants to make your task easier. But here is the problem: you need an interface in your ERP solution from each independent system or you manually enter your data twice.\nOur approach goes further. As the only software in the glass field, we are offering you a complete solution which perfectly fits.  In a few seconds, all your data are detailed in SAFIR. It\u2019s exceptional and it allows you to save time and money. IRIS is also available as an individual solution.<\/p>\n\n\n\n<div style=\"height:25px\" aria-hidden=\"true\" class=\"wp-block-spacer\"><\/div>\n\n\n\n<h2 class=\"is-style-sub-title-2 wp-block-heading\">Iris is the Swiss design app for 3D glass construction<\/h2>\n\n\n\n<div style=\"height:25px\" aria-hidden=\"true\" class=\"wp-block-spacer\"><\/div>\n\n\n\n<p>From the measuring process to the 3D visualization or a fast set up of the backboard,\nYou can professionally manage and lead your glass firm to the future. It goes the same for selling. Your customer already receives a 3D visualization of his shower with the offer. Iris is a software based on the web; it has the great asset to get access to your data anytime, anywhere and it\u2019s independent from your OS and your computer. May it be on the Windows PC at the office, on a MacBook at home or on a pad on the worksite, Iris is always here when you need it. Your important data are reachable anytime.<\/p>\n\n\n\n<figure class=\"wp-block-image size-large\"><img loading=\"lazy\" decoding=\"async\" width=\"1024\" height=\"483\" src=\"https:\/\/brf-solutions.ch\/wp-content\/uploads\/2022\/06\/Iris-EN.jpg\" alt=\"\" class=\"wp-image-1131\" srcset=\"https:\/\/brf-solutions.ch\/wp-content\/uploads\/2022\/06\/Iris-EN.jpg 1869w, https:\/\/brf-solutions.ch\/wp-content\/uploads\/2022\/06\/Iris-EN-300x144.jpg 300w, https:\/\/brf-solutions.ch\/wp-content\/uploads\/2022\/06\/Iris-EN-1024x491.jpg 1024w, https:\/\/brf-solutions.ch\/wp-content\/uploads\/2022\/06\/Iris-EN-768x369.jpg 768w, https:\/\/brf-solutions.ch\/wp-content\/uploads\/2022\/06\/Iris-EN-1536x737.jpg 1536w, https:\/\/brf-solutions.ch\/wp-content\/uploads\/2022\/06\/Iris-EN-18x9.jpg 18w, https:\/\/brf-solutions.ch\/wp-content\/uploads\/2022\/06\/Iris-EN-1600x768.jpg 1600w\" sizes=\"auto, (max-width: 1024px) 100vw, 1024px\" \/><\/figure>\n\n\n\n<p>The installation on external Swiss servers, whose maintenance is ensured by professionals allows you to avoid high costs of installation in your offices. Your data security is also guaranteed. <\/p>\n\n\n\n<p>As far Iris is concerned, no new installation or adaptation will be necessary in case you buy new device. Thus, you can buy a new computer or a new pad, IRIS will welcome you on its favorite browser.<\/p>\n\n\n\n<div style=\"height:25px\" aria-hidden=\"true\" class=\"wp-block-spacer\"><\/div>\n\n\n\n<h1 class=\"is-style-sub-title-2 wp-block-heading\">Have you already switched to Iris?<\/h1>\n\n\n\n<div style=\"height:25px\" aria-hidden=\"true\" class=\"wp-block-spacer\"><\/div>\n\n\n\n<div class=\"wp-block-media-text has-media-on-the-right is-stacked-on-mobile\" style=\"grid-template-columns:auto 15%\"><figure class=\"wp-block-media-text__media\"><img decoding=\"async\" src=\"https:\/\/brf-solutions.ch\/wp-content\/uploads\/2022\/03\/dusche.svg\" alt=\"\" class=\"wp-image-227 size-full\"\/><\/figure><div class=\"wp-block-media-text__content\">\n<p><strong>Planning<\/strong><br>Have a go at building: kitchen backs, showers, all glass box installation, doors installation types and shapes of your choice.<\/p>\n\n\n\n<p>Time saver up to 20 minutes for kitchen backboard back. Only one measuring needed.\nEnter once in Iris, process, send through DWG to the production and correct prices and customers\u2019 confirmations to Safir.<\/p>\n<\/div><\/div>\n\n\n\n<div style=\"height:30px\" aria-hidden=\"true\" class=\"wp-block-spacer\"><\/div>\n\n\n\n<div class=\"wp-block-media-text is-stacked-on-mobile\" style=\"grid-template-columns:15% auto\"><figure class=\"wp-block-media-text__media\"><img decoding=\"async\" src=\"https:\/\/brf-solutions.ch\/wp-content\/uploads\/2022\/03\/messband.svg\" alt=\"\" class=\"wp-image-242 size-full\"\/><\/figure><div class=\"wp-block-media-text__content\">\n<p><strong>Organization<\/strong><br>Iris doesn\u2019t only make glass. Thanks to our single module laser (illustration of measuring process), you can accurately register the actual situation and plan your glass. <\/p>\n\n\n\n<p>Where do you put your photos, the worksite information, the coordinates, personal notes and sketches?<\/p>\n<\/div><\/div>\n\n\n\n<div style=\"height:30px\" aria-hidden=\"true\" class=\"wp-block-spacer\"><\/div>\n\n\n\n<div class=\"wp-block-media-text has-media-on-the-right is-stacked-on-mobile\" style=\"grid-template-columns:auto 15%\"><figure class=\"wp-block-media-text__media\"><img decoding=\"async\" src=\"https:\/\/brf-solutions.ch\/wp-content\/uploads\/2022\/03\/login.svg\" alt=\"\" class=\"wp-image-241 size-full\"\/><\/figure><div class=\"wp-block-media-text__content\">\n<p><strong>Access whenever and wherever you want<\/strong><\/p>\n\n\n\n<p>- Reachable via your browser 24\/7 round the world<br>- No need of installation on your terminals<br>- Works with operating systems and standard terminals<br>- Included support during office hours<br>- No need to know the materials, you have access whenever and wherever you wish<\/p>\n<\/div><\/div>\n\n\n\n<div style=\"height:30px\" aria-hidden=\"true\" class=\"wp-block-spacer\"><\/div>\n\n\n\n<div class=\"wp-block-media-text is-stacked-on-mobile\" style=\"grid-template-columns:15% auto\"><figure class=\"wp-block-media-text__media\"><img decoding=\"async\" src=\"https:\/\/brf-solutions.ch\/wp-content\/uploads\/2022\/03\/geschlossenes-schloss.svg\" alt=\"\" class=\"wp-image-233 size-full\"\/><\/figure><div class=\"wp-block-media-text__content\">\n<p><strong>Security<\/strong><br>Your security is important for us. Only possibility to have access with a personal login. <br>Share your projects within your company with other users.<\/p>\n<\/div><\/div>\n\n\n\n<div style=\"height:30px\" aria-hidden=\"true\" class=\"wp-block-spacer\"><\/div>\n\n\n\n<div class=\"wp-block-media-text has-media-on-the-right is-stacked-on-mobile\" style=\"grid-template-columns:auto 20%\"><figure class=\"wp-block-media-text__media\"><img decoding=\"async\" src=\"https:\/\/brf-solutions.ch\/wp-content\/uploads\/2022\/03\/sprachen.svg\" alt=\"\" class=\"wp-image-250 size-full\"\/><\/figure><div class=\"wp-block-media-text__content\">\n<p><strong>Languages<\/strong><br>At the moment Iris is available in German, French, Italian and English. You can switch language at any moment by clicking on the mouse. Moreover, other languages can be added easily.<\/p>\n<\/div><\/div>\n\n\n\n<div style=\"height:30px\" aria-hidden=\"true\" class=\"wp-block-spacer\"><\/div>\n\n\n\n<div class=\"wp-block-media-text is-stacked-on-mobile\" style=\"grid-template-columns:15% auto\"><figure class=\"wp-block-media-text__media\"><img loading=\"lazy\" decoding=\"async\" width=\"439\" height=\"350\" src=\"https:\/\/brf-solutions.ch\/wp-content\/uploads\/2022\/03\/Geld-iris.jpg\" alt=\"\" class=\"wp-image-566 size-full\" srcset=\"https:\/\/brf-solutions.ch\/wp-content\/uploads\/2022\/03\/Geld-iris.jpg 439w, https:\/\/brf-solutions.ch\/wp-content\/uploads\/2022\/03\/Geld-iris-300x239.jpg 300w, https:\/\/brf-solutions.ch\/wp-content\/uploads\/2022\/03\/Geld-iris-15x12.jpg 15w\" sizes=\"auto, (max-width: 439px) 100vw, 439px\" \/><\/figure><div class=\"wp-block-media-text__content\">\n<p><strong>Costs<\/strong><br>It\u2019s not an obligation to buy Iris, you just have to subscribe. Costs are charged annually.\nThe configurator has been specifically developed to meet our customers\u2019needs.\nThis is why it\u2019s important to us to be attentive when we establish a price. We would be pleased to give you some advice for a detailed offer.<\/p>\n<\/div><\/div>\n\n\n\n<div style=\"height:25px\" aria-hidden=\"true\" class=\"wp-block-spacer\"><\/div>","protected":false},"excerpt":{"rendered":"<p>Es gibt einige gute Konfiguratoren auf dem Markt. Jedes Produkt m\u00f6chte Ihnen die Arbeit erleichtern.&nbsp;Das Problem dabei, Sie ben\u00f6tigen von jedem unabh\u00e4ngigen System eine Schnittstelle in Ihre ERP-L\u00f6sung, oder erfassen alles doppelt von Hand. Unser Ansatz geht weiter. Als einziger Softwarepartner in der Glasbranche, bieten wir Ihnen eine Komplett-L\u00f6sung an, welche nahtlos ineinander \u00fcbergreift.&nbsp;Innert Sekunden [&hellip;]<\/p>","protected":false},"author":1,"featured_media":0,"parent":0,"menu_order":0,"comment_status":"closed","ping_status":"closed","template":"","meta":{"_acf_changed":false,"footnotes":""},"class_list":["post-1598","page","type-page","status-publish","hentry"],"acf":[],"_links":{"self":[{"href":"https:\/\/brf-solutions.ch\/en\/wp-json\/wp\/v2\/pages\/1598","targetHints":{"allow":["GET"]}}],"collection":[{"href":"https:\/\/brf-solutions.ch\/en\/wp-json\/wp\/v2\/pages"}],"about":[{"href":"https:\/\/brf-solutions.ch\/en\/wp-json\/wp\/v2\/types\/page"}],"author":[{"embeddable":true,"href":"https:\/\/brf-solutions.ch\/en\/wp-json\/wp\/v2\/users\/1"}],"replies":[{"embeddable":true,"href":"https:\/\/brf-solutions.ch\/en\/wp-json\/wp\/v2\/comments?post=1598"}],"version-history":[{"count":1,"href":"https:\/\/brf-solutions.ch\/en\/wp-json\/wp\/v2\/pages\/1598\/revisions"}],"predecessor-version":[{"id":1604,"href":"https:\/\/brf-solutions.ch\/en\/wp-json\/wp\/v2\/pages\/1598\/revisions\/1604"}],"wp:attachment":[{"href":"https:\/\/brf-solutions.ch\/en\/wp-json\/wp\/v2\/media?parent=1598"}],"curies":[{"name":"wp","href":"https:\/\/api.w.org\/{rel}","templated":true}]}}