{"id":1582,"date":"2022-06-07T05:34:25","date_gmt":"2022-06-07T05:34:25","guid":{"rendered":"https:\/\/brf-solutions.ch\/?page_id=1582"},"modified":"2022-06-07T08:51:01","modified_gmt":"2022-06-07T08:51:01","slug":"safir-erp-fr","status":"publish","type":"page","link":"https:\/\/brf-solutions.ch\/en\/safir-erp-fr\/","title":{"rendered":"Safir ERP FR"},"content":{"rendered":"<div class=\"wp-block-cover alignfull is-light\" style=\"min-height:50px;aspect-ratio:unset;\"><span aria-hidden=\"true\" class=\"wp-block-cover__background has-background-dim-30 has-background-dim\"><\/span><img loading=\"lazy\" decoding=\"async\" width=\"2560\" height=\"1402\" class=\"wp-block-cover__image-background wp-image-600\" alt=\"\" src=\"https:\/\/brf-solutions.ch\/wp-content\/uploads\/2022\/03\/background_safir-1-scaled.jpg\" style=\"object-position:48% 61%\" data-object-fit=\"cover\" data-object-position=\"48% 61%\"\/><div class=\"wp-block-cover__inner-container is-layout-flow wp-block-cover-is-layout-flow\">\n<div style=\"height:100px\" aria-hidden=\"true\" class=\"wp-block-spacer\"><\/div>\n\n\n\n<h2 class=\"alignwide is-style-sub-title-1 has-white-color has-text-color wp-block-heading\" style=\"font-size:64px\">Safir <br>Glass software <\/h2>\n\n\n\n<div style=\"height:100px\" aria-hidden=\"true\" class=\"wp-block-spacer\"><\/div>\n<\/div><\/div>\n\n\n\n<div style=\"height:40px\" aria-hidden=\"true\" class=\"wp-block-spacer\"><\/div>\n\n\n\n<p>Safir is the most modern ERP solution for glaziers among the SMB. It\u2019s a non modular application. All or nothing. Offers, orders, invoices, order process, overdrawn and creditors as well as integrated records are standard. That is among the characteristics. Thanks to Safir, you have a tool to optimize your daily processes. Intuitive and it doesn\u2019t require any efforts: an efficient value added for your firm. Safir is developed by glass professionals for glass professionals.<\/p>\n\n\n\n<div style=\"height:25px\" aria-hidden=\"true\" class=\"wp-block-spacer\"><\/div>\n\n\n\n<h2 class=\"is-style-sub-title-2 wp-block-heading\">Safir is the Swiss software for glass<\/h2>\n\n\n\n<div style=\"height:25px\" aria-hidden=\"true\" class=\"wp-block-spacer\"><\/div>\n\n\n\n<p>Plans for an accurate lacquering, glass structures with detailed insulated including steps , are among the possibilities. All glasses are generated in a standard way with PDF and DXF plans. Thus, glasses can be directly sent to the production.<\/p>\n\n\n\n<div class=\"wp-block-group\"><div class=\"wp-block-group__inner-container is-layout-flow wp-block-group-is-layout-flow\">\n<figure class=\"wp-block-gallery has-nested-images columns-default is-cropped wp-block-gallery-1 is-layout-flex wp-block-gallery-is-layout-flex\">\n<figure class=\"wp-block-image size-large\"><img loading=\"lazy\" decoding=\"async\" width=\"1024\" height=\"442\" data-id=\"833\" src=\"https:\/\/brf-solutions.ch\/wp-content\/uploads\/2022\/06\/image002-2.png\" alt=\"\" class=\"wp-image-833\" srcset=\"https:\/\/brf-solutions.ch\/wp-content\/uploads\/2022\/06\/image002-2.png 1722w, https:\/\/brf-solutions.ch\/wp-content\/uploads\/2022\/06\/image002-2-300x125.png 300w, https:\/\/brf-solutions.ch\/wp-content\/uploads\/2022\/06\/image002-2-1024x426.png 1024w, https:\/\/brf-solutions.ch\/wp-content\/uploads\/2022\/06\/image002-2-768x319.png 768w, https:\/\/brf-solutions.ch\/wp-content\/uploads\/2022\/06\/image002-2-1536x639.png 1536w, https:\/\/brf-solutions.ch\/wp-content\/uploads\/2022\/06\/image002-2-18x7.png 18w, https:\/\/brf-solutions.ch\/wp-content\/uploads\/2022\/06\/image002-2-1600x665.png 1600w\" sizes=\"auto, (max-width: 1024px) 100vw, 1024px\" \/><\/figure>\n<figcaption class=\"blocks-gallery-caption\">Detailed input of models, treatments, paintings, different surfaces, etc.<\/figcaption><\/figure>\n<\/div><\/div>\n\n\n\n<div style=\"height:60px\" aria-hidden=\"true\" class=\"wp-block-spacer\"><\/div>\n\n\n\n<div class=\"wp-block-columns is-style-text-block is-layout-flex wp-container-core-columns-is-layout-9d6595d7 wp-block-columns-is-layout-flex\">\n<div class=\"wp-block-column is-layout-flow wp-block-column-is-layout-flow\">\n<figure class=\"wp-block-image size-full\"><img loading=\"lazy\" decoding=\"async\" width=\"240\" height=\"587\" src=\"https:\/\/brf-solutions.ch\/wp-content\/uploads\/2022\/06\/image003.png\" alt=\"\" class=\"wp-image-1121\" srcset=\"https:\/\/brf-solutions.ch\/wp-content\/uploads\/2022\/06\/image003.png 254w, https:\/\/brf-solutions.ch\/wp-content\/uploads\/2022\/06\/image003-133x300.png 133w, https:\/\/brf-solutions.ch\/wp-content\/uploads\/2022\/06\/image003-5x12.png 5w\" sizes=\"auto, (max-width: 240px) 100vw, 240px\" \/><\/figure>\n<\/div>\n\n\n\n<div class=\"wp-block-column is-layout-flow wp-block-column-is-layout-flow\">\n<p>Safir is a sofware solution based on the web. It enables you to refer to your data anytime, anywhere in an independent way from your operating system or your device. May it be on your PC Windows at the office, on a MacBook at home or on a pad on the worksite or at the customer\u2019s. Safir is always there when you need it and your important data can be seen anytime. Homeworking is a child \u2018s play and without any difficult connections from a faraway office.<\/p>\n<\/div>\n\n\n\n<div class=\"wp-block-column is-layout-flow wp-block-column-is-layout-flow\">\n<p>The installation of our external servers, in one of the biggest Swiss calculation centers, allows you to avoid the purchase fees and high-cost installation in your office. Besides, you don\u2019t have to worry about your data backup. We do it.<\/p>\n\n\n\n<p>When buying new material, you don\u2019t need any new installation or adaptation from Safir. Therefore, you can buy a new computer or a new pad anytime, Safir will immediately welcome you into the browser of your new device.<\/p>\n<\/div>\n<\/div>\n\n\n\n<div style=\"height:25px\" aria-hidden=\"true\" class=\"wp-block-spacer\"><\/div>\n\n\n\n<h2 class=\"is-style-sub-title-2 wp-block-heading\">Have you already switched to Safir?<\/h2>\n\n\n\n<div style=\"height:25px\" aria-hidden=\"true\" class=\"wp-block-spacer\"><\/div>\n\n\n\n<div class=\"wp-block-media-text has-media-on-the-right is-stacked-on-mobile\" style=\"grid-template-columns:auto 15%\"><figure class=\"wp-block-media-text__media\"><img decoding=\"async\" src=\"https:\/\/brf-solutions.ch\/wp-content\/uploads\/2022\/03\/buchhaltung.svg\" alt=\"\" class=\"wp-image-224 size-full\"\/><\/figure><div class=\"wp-block-media-text__content\">\n<p><strong>Management<\/strong><\/p>\n\n\n\n<p>Manage your products, your address data and your orders in one place. Create different types of prices according to your customers. Watch the sale stats of your different products.\nCredit accounts and debit accounts in a simple and clear management.<\/p>\n<\/div><\/div>\n\n\n\n<div style=\"height:30px\" aria-hidden=\"true\" class=\"wp-block-spacer\"><\/div>\n\n\n\n<div class=\"wp-block-media-text is-stacked-on-mobile\" style=\"grid-template-columns:15% auto\"><figure class=\"wp-block-media-text__media\"><img decoding=\"async\" src=\"https:\/\/brf-solutions.ch\/wp-content\/uploads\/2022\/03\/balkendiagramm.svg\" alt=\"\" class=\"wp-image-222 size-full\"\/><\/figure><div class=\"wp-block-media-text__content\">\n<p><strong>Organization<\/strong><\/p>\n\n\n\n<p>- Clear statistics already on the dashboard<br>- Included records of files; just add easily emails, photos and plans<br>- Open offers follow up and decision of a deadline <br>- The central data base for Iris, Armoni and your online shop<\/p>\n<\/div><\/div>\n\n\n\n<div style=\"height:30px\" aria-hidden=\"true\" class=\"wp-block-spacer\"><\/div>\n\n\n\n<div class=\"wp-block-media-text has-media-on-the-right is-stacked-on-mobile\" style=\"grid-template-columns:auto 15%\"><figure class=\"wp-block-media-text__media\"><img decoding=\"async\" src=\"https:\/\/brf-solutions.ch\/wp-content\/uploads\/2022\/03\/login-3.svg\" alt=\"\" class=\"wp-image-240 size-full\"\/><\/figure><div class=\"wp-block-media-text__content\">\n<p><strong>Access whenever and wherever you want<\/strong><\/p>\n\n\n\n<p>- Reachable via your browser 24\/7 round the world<br>- No need of installation on your terminals<br>- Works with operating systems and standard terminals<br>- Included support during office hours<br>- No need to know the materials, you have access whenever and wherever you wish<\/p>\n<\/div><\/div>\n\n\n\n<div style=\"height:30px\" aria-hidden=\"true\" class=\"wp-block-spacer\"><\/div>\n\n\n\n<div class=\"wp-block-media-text is-stacked-on-mobile\" style=\"grid-template-columns:15% auto\"><figure class=\"wp-block-media-text__media\"><img decoding=\"async\" src=\"https:\/\/brf-solutions.ch\/wp-content\/uploads\/2022\/03\/geschlossenes-schloss-3.svg\" alt=\"\" class=\"wp-image-230 size-full\"\/><\/figure><div class=\"wp-block-media-text__content\">\n<p><strong>Security<\/strong><\/p>\n\n\n\n<p>Your security is important for us. Only possibility to have access with a personal login. <\/p>\n<\/div><\/div>\n\n\n\n<div style=\"height:30px\" aria-hidden=\"true\" class=\"wp-block-spacer\"><\/div>\n\n\n\n<div class=\"wp-block-media-text has-media-on-the-right is-stacked-on-mobile\" style=\"grid-template-columns:auto 15%\"><figure class=\"wp-block-media-text__media\"><img decoding=\"async\" src=\"https:\/\/brf-solutions.ch\/wp-content\/uploads\/2022\/03\/sprachen-4.svg\" alt=\"\" class=\"wp-image-248 size-full\"\/><\/figure><div class=\"wp-block-media-text__content\">\n<p><strong>Languages<\/strong><\/p>\n\n\n\n<p>Safir is for the moment available in German, French, Italian and English. Choose the language corresponding to your customers et Safir will switch to the appropriate language. A simple click enables you to change the user\u2019s language if necessary. Furthermore, other languages can be easily added.<\/p>\n<\/div><\/div>\n\n\n\n<div style=\"height:30px\" aria-hidden=\"true\" class=\"wp-block-spacer\"><\/div>\n\n\n\n<div class=\"wp-block-media-text is-stacked-on-mobile\" style=\"grid-template-columns:15% auto\"><figure class=\"wp-block-media-text__media\"><img loading=\"lazy\" decoding=\"async\" width=\"411\" height=\"350\" src=\"https:\/\/brf-solutions.ch\/wp-content\/uploads\/2022\/03\/Geld-safir.jpg\" alt=\"\" class=\"wp-image-565 size-full\" srcset=\"https:\/\/brf-solutions.ch\/wp-content\/uploads\/2022\/03\/Geld-safir.jpg 411w, https:\/\/brf-solutions.ch\/wp-content\/uploads\/2022\/03\/Geld-safir-300x255.jpg 300w, https:\/\/brf-solutions.ch\/wp-content\/uploads\/2022\/03\/Geld-safir-14x12.jpg 14w\" sizes=\"auto, (max-width: 411px) 100vw, 411px\" \/><\/figure><div class=\"wp-block-media-text__content\">\n<p><strong>Costs<\/strong><br>You don\u2019t have to buy Safir, you only suscribe. The costs are charged every year.\nThe software has been specifically developed to meet our customers\u2019needs. This is the reason why it is important to us to be attentive when we set prices.\nWe will be pleased to give you some advice for a detailed offer.<\/p>\n<\/div><\/div>\n\n\n\n<div style=\"height:30px\" aria-hidden=\"true\" class=\"wp-block-spacer\"><\/div>\n\n\n\n<p><\/p>","protected":false},"excerpt":{"rendered":"<p>Safir ist die modernste ERP L\u00f6sung f\u00fcr Glasereien im KMU Bereich. Keine modulare Aufbauweise. Alles oder nichts. Angebote, Auftr\u00e4ge, Rechnungen, Bestellprozesse, Debitoren und Kreditoren, sowie integrierte Archive sind Standard, um nur einige Attribute zu nennen. Mit Safir haben Sie ein Werkzeug um Ihre Tagesprozesse zu optimieren. Intuitiv, ohne grossen Aufwand: Ein effektiver Mehrwert f\u00fcr Ihr [&hellip;]<\/p>","protected":false},"author":1,"featured_media":0,"parent":0,"menu_order":0,"comment_status":"closed","ping_status":"closed","template":"","meta":{"_acf_changed":false,"footnotes":""},"class_list":["post-1582","page","type-page","status-publish","hentry"],"acf":[],"_links":{"self":[{"href":"https:\/\/brf-solutions.ch\/en\/wp-json\/wp\/v2\/pages\/1582","targetHints":{"allow":["GET"]}}],"collection":[{"href":"https:\/\/brf-solutions.ch\/en\/wp-json\/wp\/v2\/pages"}],"about":[{"href":"https:\/\/brf-solutions.ch\/en\/wp-json\/wp\/v2\/types\/page"}],"author":[{"embeddable":true,"href":"https:\/\/brf-solutions.ch\/en\/wp-json\/wp\/v2\/users\/1"}],"replies":[{"embeddable":true,"href":"https:\/\/brf-solutions.ch\/en\/wp-json\/wp\/v2\/comments?post=1582"}],"version-history":[{"count":3,"href":"https:\/\/brf-solutions.ch\/en\/wp-json\/wp\/v2\/pages\/1582\/revisions"}],"predecessor-version":[{"id":1627,"href":"https:\/\/brf-solutions.ch\/en\/wp-json\/wp\/v2\/pages\/1582\/revisions\/1627"}],"wp:attachment":[{"href":"https:\/\/brf-solutions.ch\/en\/wp-json\/wp\/v2\/media?parent=1582"}],"curies":[{"name":"wp","href":"https:\/\/api.w.org\/{rel}","templated":true}]}}