{"id":14,"date":"2022-03-15T08:16:58","date_gmt":"2022-03-15T08:16:58","guid":{"rendered":"https:\/\/brf-solutions.ch\/?page_id=14"},"modified":"2024-10-30T13:26:23","modified_gmt":"2024-10-30T13:26:23","slug":"home","status":"publish","type":"page","link":"https:\/\/brf-solutions.ch\/en\/","title":{"rendered":"Home"},"content":{"rendered":"<div class=\"wp-block-cover alignfull\" style=\"min-height:50px;aspect-ratio:unset;\"><span aria-hidden=\"true\" class=\"wp-block-cover__background has-background-dim-0 has-background-dim\"><\/span><img loading=\"lazy\" decoding=\"async\" width=\"2400\" height=\"1400\" class=\"wp-block-cover__image-background wp-image-33\" alt=\"\" src=\"https:\/\/brf-solutions.ch\/wp-content\/uploads\/2022\/03\/Slide2-e1647430984606.jpg\" style=\"object-position:50% 2%\" data-object-fit=\"cover\" data-object-position=\"50% 2%\"\/><div class=\"wp-block-cover__inner-container is-layout-flow wp-block-cover-is-layout-flow\">\n<div style=\"height:100px\" aria-hidden=\"true\" class=\"wp-block-spacer\"><\/div>\n\n\n\n<h2 class=\"wp-block-heading alignwide is-style-sub-title-2 has-white-color has-text-color\" style=\"font-size:64px\">Suisse Software <br>for Glass Professionals<\/h2>\n\n\n\n<div style=\"height:92px\" aria-hidden=\"true\" class=\"wp-block-spacer\"><\/div>\n<\/div><\/div>\n\n\n\n<div style=\"height:10px\" aria-hidden=\"true\" class=\"wp-block-spacer\"><\/div>\n\n\n\n<p class=\"is-style-default\"><\/p>\n\n\n\n<figure class=\"wp-block-embed is-type-video is-provider-youtube wp-block-embed-youtube wp-embed-aspect-16-9 wp-has-aspect-ratio\"><div class=\"wp-block-embed__wrapper\">\n<iframe loading=\"lazy\" title=\"BRF Solutions - Safir light\" width=\"500\" height=\"281\" src=\"https:\/\/www.youtube.com\/embed\/bYIpcp9gOxw?feature=oembed\" frameborder=\"0\" allow=\"accelerometer; autoplay; clipboard-write; encrypted-media; gyroscope; picture-in-picture; web-share\" referrerpolicy=\"strict-origin-when-cross-origin\" allowfullscreen><\/iframe>\n<\/div><\/figure>\n\n\n\n<div style=\"height:40px\" aria-hidden=\"true\" class=\"wp-block-spacer\"><\/div>\n\n\n\n<p>Our products make your work easier and more than you may have thought up to now. Where can you optimize your company? In the offers, orders entry, in the measuring process and in the work planning. Probably also in an optimization involved in the setting-up and deliveries. Is that already the case with your solution: you  enter a product and it is automatically suitable for all the extra programs ? It's more likely that new programs might have been added over the years. The operations are hand \u2013 entered especially in Excel lists, without any real control or guarantee that everything has been entered. Most of the time , there is no user interface  or the development to make them usable costs a huge amount of money. Is that the reason why you've been giving up so far ?&nbsp;<\/p>\n\n\n\n<div style=\"height:50px\" aria-hidden=\"true\" class=\"wp-block-spacer\"><\/div>\n\n\n\n<h2 class=\"wp-block-heading is-style-sub-title-3\">Leave the past behind you- it's time to dive into future now!  <br>                                                                                                                                                        Besides we communicate and we are on the same page... <\/h2>\n\n\n\n<div style=\"height:50px\" aria-hidden=\"true\" class=\"wp-block-spacer\"><\/div>\n\n\n\n<div class=\"wp-block-columns is-layout-flex wp-container-core-columns-is-layout-9d6595d7 wp-block-columns-is-layout-flex\">\n<div class=\"wp-block-column is-vertically-aligned-top is-layout-flow wp-block-column-is-layout-flow\">\n<h2 class=\"wp-block-heading is-style-sub-title-3\">Your assets<\/h2>\n\n\n\n<p>All of our products can be found online. Nothing to install on your on your internal servers, your\ncomputers or your cloud. You connect wherever you are and whatever the machine you're working with. Our products are independent. No expensive updates,. It's our responsibility. You devote your precious time to your clients and company.<\/p>\n<\/div>\n\n\n\n<div class=\"wp-block-column is-layout-flow wp-block-column-is-layout-flow\">\n<h2 class=\"wp-block-heading is-style-sub-title-3\">Our solutions<\/h2>\n\n\n\n<p>Our goal aims at finding the best solutions. We link the most recent devices  to our products.\nAs a client, you'll make the most of it and especially for more than 19 years. Softwares, glass, and fittings We're loving it. We know what we talk about and we make things move on. Challenge us.<\/p>\n<\/div>\n\n\n\n<div class=\"wp-block-column is-layout-flow wp-block-column-is-layout-flow\">\n<h2 class=\"wp-block-heading is-style-sub-title-3\">Strong together<\/h2>\n\n\n\n<p>You are a professional in your field. You invest in new machines, vehicles and lifting technology. You have highly trained staff and a great exhibition. To the outside world, you are perceived as a modern company. It is time to implement this on the digital level as well. How nice it would be if there was a complete solution that combined most of the functions and programmes and was also affordable. We have the solution!<\/p>\n<\/div>\n<\/div>\n\n\n\n<div style=\"height:50px\" aria-hidden=\"true\" class=\"wp-block-spacer\"><\/div>\n\n\n\n<div class=\"wp-block-columns is-layout-flex wp-container-core-columns-is-layout-9d6595d7 wp-block-columns-is-layout-flex\">\n<div class=\"wp-block-column is-layout-flow wp-block-column-is-layout-flow\" style=\"flex-basis:100%\">\n<div class=\"wp-block-columns is-layout-flex wp-container-core-columns-is-layout-9d6595d7 wp-block-columns-is-layout-flex\">\n<div class=\"wp-block-column is-layout-flow wp-block-column-is-layout-flow\" style=\"flex-basis:100%\">\n<div class=\"wp-block-columns is-layout-flex wp-container-core-columns-is-layout-9d6595d7 wp-block-columns-is-layout-flex\">\n<div class=\"wp-block-column is-layout-flow wp-block-column-is-layout-flow\">\n<h3 class=\"wp-block-heading is-style-sub-title-3\">May the solutions be found in the Iris 3D design app for glass, in the Safir ERP, in your set-up\nplanning or in your online shop, all the solutions work like a clock and they fit together. This is exactly what BRF Solutions represents.<\/h3>\n\n\n\n<h3 class=\"wp-block-heading is-style-sub-title-3\">A swiss software for glass professionals.<\/h3>\n<\/div>\n\n\n\n<div class=\"wp-block-column is-layout-flow wp-block-column-is-layout-flow\">\n<p>As a user of different programs, you only have one aim: \u00abI want something simple and efficient.\u00bb The software must reduce the amount of work and prevent from more spending. Ideally, it must erase mistakes. Unfortunately, most solutions don't offer that. It costs time, nerves and a lot of money.\n Expensive updates, new servers and data savings often prevent you from doing something new.\n\nNevertheless, you should devote your time to your clients ressources and to your products.<\/p>\n<\/div>\n<\/div>\n<\/div>\n<\/div>\n<\/div>\n<\/div>\n\n\n\n<p><\/p>","protected":false},"excerpt":{"rendered":"<p>Unsere Produkte erleichtern Ihnen die Arbeit und das mehr, als Sie bisher ahnten.&nbsp;Wo k\u00f6nnen Sie Ihren Betrieb noch optimieren?&nbsp;Bei der Erfassung von Angeboten, Auftr\u00e4gen, Massaufnahmen und in der Planung? Sicher auch in der Montage- und Tourenoptimierung.&nbsp;Ist es bei Ihrer L\u00f6sung auch so, Sie erfassen ein Produkt und in allen angef\u00fcgten Programmen wird es automatisch&nbsp;angepasst? Wahrscheinlicher [&hellip;]<\/p>","protected":false},"author":1,"featured_media":0,"parent":0,"menu_order":0,"comment_status":"closed","ping_status":"closed","template":"","meta":{"_acf_changed":false,"footnotes":""},"class_list":["post-14","page","type-page","status-publish","hentry"],"acf":[],"_links":{"self":[{"href":"https:\/\/brf-solutions.ch\/en\/wp-json\/wp\/v2\/pages\/14","targetHints":{"allow":["GET"]}}],"collection":[{"href":"https:\/\/brf-solutions.ch\/en\/wp-json\/wp\/v2\/pages"}],"about":[{"href":"https:\/\/brf-solutions.ch\/en\/wp-json\/wp\/v2\/types\/page"}],"author":[{"embeddable":true,"href":"https:\/\/brf-solutions.ch\/en\/wp-json\/wp\/v2\/users\/1"}],"replies":[{"embeddable":true,"href":"https:\/\/brf-solutions.ch\/en\/wp-json\/wp\/v2\/comments?post=14"}],"version-history":[{"count":106,"href":"https:\/\/brf-solutions.ch\/en\/wp-json\/wp\/v2\/pages\/14\/revisions"}],"predecessor-version":[{"id":1849,"href":"https:\/\/brf-solutions.ch\/en\/wp-json\/wp\/v2\/pages\/14\/revisions\/1849"}],"wp:attachment":[{"href":"https:\/\/brf-solutions.ch\/en\/wp-json\/wp\/v2\/media?parent=14"}],"curies":[{"name":"wp","href":"https:\/\/api.w.org\/{rel}","templated":true}]}}